{"id":11311,"date":"2016-06-01T13:26:06","date_gmt":"2016-06-01T13:26:06","guid":{"rendered":"https:\/\/pgou.bilbao.eus\/home-2\/"},"modified":"2021-01-07T18:23:49","modified_gmt":"2021-01-07T18:23:49","slug":"home","status":"publish","type":"page","link":"https:\/\/pgou.bilbao.eus\/eu\/","title":{"rendered":"PGOU BILBAO"},"content":{"rendered":"<p>[vc_row full_width=&#8221;stretch_row&#8221; video_bg=&#8221;yes&#8221; video_bg_url=&#8221;https:\/\/www.youtube.com\/watch?v=ZdP3YJZGH5I&amp;feature=youtu.be&#8221; video_bg_parallax=&#8221;content-moving&#8221; css=&#8221;.vc_custom_1469789058249{padding-top: 150px !important;padding-bottom: 150px !important;background-image: url(https:\/\/pgou.bilbao.eus\/wp-content\/uploads\/2016\/06\/bilbo.jpg?id=11100) !important;}&#8221;][vc_column][vc_btn title=&#8221;Plan General de Ordenaci\u00f3n Urbana. Aprobaci\u00f3n provisional&#8221; style=&#8221;flat&#8221; color=&#8221;juicy-pink&#8221; align=&#8221;center&#8221; link=&#8221;url:https%3A%2F%2Fpgou.bilbao.eus%2Feu%2Findice-completo-de-documentos-2%2F||&#8221;][\/vc_column][\/vc_row][vc_row][vc_column][vc_separator style=&#8221;dashed&#8221;][\/vc_column][\/vc_row][vc_row][vc_column][vc_single_image image=&#8221;11580&#8243; img_size=&#8221;large&#8221; alignment=&#8221;center&#8221;][\/vc_column][\/vc_row][vc_row][vc_column][vc_column_text]<\/p>\n<h4>REVISI\u00d3N DEL PLAN GENERAL DE ORDENACION URBANA. APROBACI\u00d3N PROVISIONAL<\/h4>\n<p>[\/vc_column_text][\/vc_column][\/vc_row][vc_row][vc_column][vc_column_text]Los documentos que integran el nuevo Plan General tiene un contenido eminentemente t\u00e9cnico, de conformidad con las exigencias de la Ley Vasca del Suelo y Urbanismo (ley 2\/2006, de 30 de junio), de las disposiciones legales que regulan el uso del suelo y de los edificios (costas, aguas, r\u00edos, servidumbres aeron\u00e1uticas, \u2026), y de aquellas otras que establecen obligaciones en cuanto a la evaluaci\u00f3n de los efectos de sus propuestas (ambientales, ling\u00fc\u00edsticas, de g\u00e9nero, \u2026.).<\/p>\n<p>El nuevo Plan General hace suyos los objetivos de la ciudad de avanzar en su consolidaci\u00f3n como ciudad-regi\u00f3n y como polo de referencia en los sectores tecnol\u00f3gicos, empresariales, universitarios y culturales. La transformaci\u00f3n de la ciudad mira hacia el sector servicios y hacia los nuevos sectores tecnol\u00f3gicos y del conocimiento como campos de desarrollo, con las consiguientes estrategias de regeneraci\u00f3n urbana y desarrollo sostenible.<\/p>\n<p>Estas l\u00edneas de actuaci\u00f3n est\u00e1n incorporadas al nuevo Plan General de Ordenaci\u00f3n Urbana (PGOU) adecuando su regulaci\u00f3n a las exigencias, que a d\u00eda de hoy, somos capaces de diagnosticar, para los pr\u00f3ximos 15-20 a\u00f1os.<\/p>\n<p>En ellas se recogen las propuestas y los criterios de ordenaci\u00f3n que se plantearon en el documento del Avance, aprobado por la Corporaci\u00f3n en marzo de 2018, en base a los resultados del proceso de participaci\u00f3n ciudadana articulado entre los a\u00f1os 2016 y 2017; y se incorporan as\u00ed mismo las determinaciones resultantes de los informes emitidos hasta el momento por \u00a0las Administraciones Sectoriales, as\u00ed como los reajustes derivados de las alegaciones estimadas tras los 2 periodos de exposici\u00f3n p\u00fablica habilitados entre febrero y mayo de 2019, el primero, y entre marzo y junio de 2020, el segundo.<\/p>\n<p>El Pleno del Ayuntamiento de Bilbao, en sesi\u00f3n de fecha 18 de diciembre de 2020, ha acordado aprobar provisionalmente el nuevo Plan General, en base al documento sometido al \u201csegundo per\u00edodo de exposici\u00f3n p\u00fablica\u201d, con las precisiones y rectificaciones que se recogen en el \u201cDocumento Complementario para la Aprobaci\u00f3n Provisional\u201d, en el que se refunde el resultado de: la estimaci\u00f3n parcial y\/o total de parte de las alegaciones presentadas durante las dos exposiciones p\u00fablicas; la toma en consideraci\u00f3n de los informes de las Administraciones Sectoriales; los reajustes propuestos por los responsables t\u00e9cnicos de la Oficina de Planificaci\u00f3n Urbana; y las modificaciones planteadas por los acuerdos adoptados por los grupos municipales, tal y como ha quedado de manifiesto en la citada sesi\u00f3n plenaria.<\/p>\n<p>Tras el acuerdo de aprobaci\u00f3n provisional el nuevo Plan General, adem\u00e1s de completar los informes sectoriales, debe ser sometido al tr\u00e1mite de la Declaraci\u00f3n Ambiental Estrat\u00e9gica y al informe de la Comisi\u00f3n de Ordenaci\u00f3n del Territorio del Pa\u00eds Vasco (COTPV<strong>). <\/strong>Una vez emitidos los citados informes el Plan General deber\u00e1 ser Aprobado Definitivamente en una nueva sesi\u00f3n a celebrar por el Pleno del Ayuntamiento.[\/vc_column_text][\/vc_column][\/vc_row]<\/p>\n","protected":false},"excerpt":{"rendered":"<p>[vc_row full_width=&#8221;stretch_row&#8221; video_bg=&#8221;yes&#8221; video_bg_url=&#8221;https:\/\/www.youtube.com\/watch?v=ZdP3YJZGH5I&amp;feature=youtu.be&#8221; video_bg_parallax=&#8221;content-moving&#8221; css=&#8221;.vc_custom_1469789058249{padding-top: 150px !important;padding-bottom: 150px !important;background-image: url(https:\/\/pgou.bilbao.eus\/wp-content\/uploads\/2016\/06\/bilbo.jpg?id=11100) !important;}&#8221;][vc_column][vc_btn title=&#8221;Plan General de Ordenaci\u00f3n Urbana. Aprobaci\u00f3n provisional&#8221; style=&#8221;flat&#8221; color=&#8221;juicy-pink&#8221; align=&#8221;center&#8221; link=&#8221;url:https%3A%2F%2Fpgou.bilbao.eus%2Feu%2Findice-completo-de-documentos-2%2F||&#8221;][\/vc_column][\/vc_row][vc_row][vc_column][vc_separator style=&#8221;dashed&#8221;][\/vc_column][\/vc_row][vc_row][vc_column][vc_single_image image=&#8221;11580&#8243; img_size=&#8221;large&#8221; alignment=&#8221;center&#8221;][\/vc_column][\/vc_row][vc_row][vc_column][vc_column_text] REVISI\u00d3N DEL PLAN GENERAL DE ORDENACION URBANA. APROBACI\u00d3N PROVISIONAL [\/vc_column_text][\/vc_column][\/vc_row][vc_row][vc_column][vc_column_text]Los documentos que integran el nuevo Plan General tiene un contenido eminentemente t\u00e9cnico, de conformidad con las exigencias de [&hellip;]<\/p>\n","protected":false},"author":51,"featured_media":0,"parent":0,"menu_order":0,"comment_status":"closed","ping_status":"closed","template":"page-templates\/full_width_no_title.php","meta":{"footnotes":""},"_links":{"self":[{"href":"https:\/\/pgou.bilbao.eus\/eu\/wp-json\/wp\/v2\/pages\/11311"}],"collection":[{"href":"https:\/\/pgou.bilbao.eus\/eu\/wp-json\/wp\/v2\/pages"}],"about":[{"href":"https:\/\/pgou.bilbao.eus\/eu\/wp-json\/wp\/v2\/types\/page"}],"author":[{"embeddable":true,"href":"https:\/\/pgou.bilbao.eus\/eu\/wp-json\/wp\/v2\/users\/51"}],"replies":[{"embeddable":true,"href":"https:\/\/pgou.bilbao.eus\/eu\/wp-json\/wp\/v2\/comments?post=11311"}],"version-history":[{"count":80,"href":"https:\/\/pgou.bilbao.eus\/eu\/wp-json\/wp\/v2\/pages\/11311\/revisions"}],"predecessor-version":[{"id":13591,"href":"https:\/\/pgou.bilbao.eus\/eu\/wp-json\/wp\/v2\/pages\/11311\/revisions\/13591"}],"wp:attachment":[{"href":"https:\/\/pgou.bilbao.eus\/eu\/wp-json\/wp\/v2\/media?parent=11311"}],"curies":[{"name":"wp","href":"https:\/\/api.w.org\/{rel}","templated":true}]}}