{"id":13043,"date":"2017-10-24T14:58:01","date_gmt":"2017-10-24T14:58:01","guid":{"rendered":"https:\/\/pgou.bilbao.eus\/eu\/documento-de-inicio-de-evaluacion-ambiental-estrategica\/"},"modified":"2023-04-14T09:48:56","modified_gmt":"2023-04-14T09:48:56","slug":"ingurumenaren-gaineko-eraginaren-ebaluazio-estrategikoari-buruzko-hasierako-dokumentua","status":"publish","type":"page","link":"https:\/\/pgou.bilbao.eus\/eu\/ingurumenaren-gaineko-eraginaren-ebaluazio-estrategikoari-buruzko-hasierako-dokumentua\/","title":{"rendered":"Ingurumenaren gaineko eraginaren ebaluazio estrategikoari buruzko hasierako dokumentua"},"content":{"rendered":"<p>[vc_row][vc_column][vc_column_text]<a href=\"https:\/\/www.bilbao.eus\/aurrerago\/pdfs\/documento_inicial_estrategico.pdf\" target=\"_blank\" rel=\"noopener\">Documento de inicio de evaluaci\u00f3n ambiental estrat\u00e9gica<\/a><\/p>\n<p>Planos:<\/p>\n<ul>\n<li><a href=\"https:\/\/www.bilbao.eus\/aurrerago\/pdfs\/01_IB0806_P01_Localizacion.pdf\" target=\"_blank\" rel=\"noopener\">1. Localizaci\u00f3n del Plan<\/a><\/li>\n<li><a href=\"https:\/\/www.bilbao.eus\/aurrerago\/pdfs\/02_IB0806_P02_Topografico.pdf\" target=\"_blank\" rel=\"noopener\">2. Topograf\u00eda del \u00e1mbito<\/a><\/li>\n<li><a href=\"https:\/\/www.bilbao.eus\/aurrerago\/pdfs\/03_IB0806_P031_Ortofoto_General.pdf\">3.1. Ortofoto 2016<\/a><\/li>\n<li><a href=\"https:\/\/www.bilbao.eus\/aurrerago\/pdfs\/03_IB0806_P032_Ortofoto_Detalle.pdf\">3.2. Ortofoto 2016 &#8211; Detalle<\/a><\/li>\n<li><a href=\"https:\/\/www.bilbao.eus\/aurrerago\/pdfs\/04_IB0806_P041_Zon_SNU.pdf\">4.1. Zonificaci\u00f3n global: Suelo no urbanizable<\/a><\/li>\n<li><a href=\"https:\/\/www.bilbao.eus\/aurrerago\/pdfs\/04_IB0806_P042_Zon_SU_SUzble.pdf\">4.2. Zonificaci\u00f3n global: Suelos urbano y urbanizables (y sistema general de espacios libres en el suelo no urbanizable)<\/a><\/li>\n<li><a href=\"https:\/\/www.bilbao.eus\/aurrerago\/pdfs\/04_IB0806_P043_Clas.pdf\">4.3. Clasificaci\u00f3n del suelo<\/a><\/li>\n<li><a href=\"https:\/\/www.bilbao.eus\/aurrerago\/pdfs\/04_IB0806_P044_AO.pdf\">4.4. \u00c1mbitos de ordenaci\u00f3n<\/a><\/li>\n<li><a href=\"https:\/\/www.bilbao.eus\/aurrerago\/pdfs\/05_IB0806_P051_Sintesis.pdf\">5.1. S\u00edntesis del medio f\u00edsico. Zonas de inter\u00e9s natural\u00edstico<\/a><\/li>\n<li><a href=\"https:\/\/www.bilbao.eus\/aurrerago\/pdfs\/05_IB0806_P052_Sintesis.pdf\">5.2. S\u00edntesis del medio f\u00edsico. Zonas de inter\u00e9s natural\u00edstico<\/a><\/li>\n<li><a href=\"https:\/\/www.bilbao.eus\/aurrerago\/pdfs\/05_IB0806_P053_Sintesis.pdf\">5.3. S\u00edntesis del medio f\u00edsico. Zonas de inter\u00e9s natural\u00edstico<\/a><\/li>\n<li><a href=\"https:\/\/www.bilbao.eus\/aurrerago\/pdfs\/06_IB0806_P061_Riesgos.pdf\">6.1. Riesgos ambientales<\/a><\/li>\n<li><a href=\"https:\/\/www.bilbao.eus\/aurrerago\/pdfs\/06_IB0806_P062_Riesgos.pdf\">6.2. Riesgos ambientales<\/a><\/li>\n<li><a href=\"https:\/\/www.bilbao.eus\/aurrerago\/pdfs\/07_IB0806_P071_AVR.pdf\">7.1. Anillo verde &#8211; \u00c1reas recreativas<\/a><\/li>\n<li><a href=\"https:\/\/www.bilbao.eus\/aurrerago\/pdfs\/07_IB0806_P072_AVR detalle.pdf\">7.2. Anillo verde &#8211; \u00c1reas recreativas &#8211; Detalle<\/a><\/li>\n<li><a href=\"https:\/\/www.bilbao.eus\/aurrerago\/pdfs\/08_IB0806_P081_Interacciones.pdf\">8.1. Interacciones m\u00e1s significativas propuestas del Plan<\/a><\/li>\n<li><a href=\"https:\/\/www.bilbao.eus\/aurrerago\/pdfs\/08_IB0806_P082_Interacciones.pdf\">8.2. Interacciones m\u00e1s significativas propuestas del Plan<\/a><\/li>\n<li><a href=\"https:\/\/www.bilbao.eus\/aurrerago\/pdfs\/09_IB0806_P09_Impactos.pdf\">9. Principales impactos localizables<\/a><\/li>\n<\/ul>\n<p>[\/vc_column_text][\/vc_column][\/vc_row]<\/p>\n","protected":false},"excerpt":{"rendered":"<p>[vc_row][vc_column][vc_column_text]Documento de inicio de evaluaci\u00f3n ambiental estrat\u00e9gica Planos: 1. Localizaci\u00f3n del Plan 2. Topograf\u00eda del \u00e1mbito 3.1. Ortofoto 2016 3.2. Ortofoto 2016 &#8211; Detalle 4.1. Zonificaci\u00f3n global: Suelo no urbanizable 4.2. Zonificaci\u00f3n global: Suelos urbano y urbanizables (y sistema general de espacios libres en el suelo no urbanizable) 4.3. Clasificaci\u00f3n del suelo 4.4. \u00c1mbitos de [&hellip;]<\/p>\n","protected":false},"author":64,"featured_media":11203,"parent":0,"menu_order":0,"comment_status":"closed","ping_status":"closed","template":"","meta":{"footnotes":""},"_links":{"self":[{"href":"https:\/\/pgou.bilbao.eus\/eu\/wp-json\/wp\/v2\/pages\/13043"}],"collection":[{"href":"https:\/\/pgou.bilbao.eus\/eu\/wp-json\/wp\/v2\/pages"}],"about":[{"href":"https:\/\/pgou.bilbao.eus\/eu\/wp-json\/wp\/v2\/types\/page"}],"author":[{"embeddable":true,"href":"https:\/\/pgou.bilbao.eus\/eu\/wp-json\/wp\/v2\/users\/64"}],"replies":[{"embeddable":true,"href":"https:\/\/pgou.bilbao.eus\/eu\/wp-json\/wp\/v2\/comments?post=13043"}],"version-history":[{"count":5,"href":"https:\/\/pgou.bilbao.eus\/eu\/wp-json\/wp\/v2\/pages\/13043\/revisions"}],"predecessor-version":[{"id":13669,"href":"https:\/\/pgou.bilbao.eus\/eu\/wp-json\/wp\/v2\/pages\/13043\/revisions\/13669"}],"wp:featuredmedia":[{"embeddable":true,"href":"https:\/\/pgou.bilbao.eus\/eu\/wp-json\/wp\/v2\/media\/11203"}],"wp:attachment":[{"href":"https:\/\/pgou.bilbao.eus\/eu\/wp-json\/wp\/v2\/media?parent=13043"}],"curies":[{"name":"wp","href":"https:\/\/api.w.org\/{rel}","templated":true}]}}