{"id":13172,"date":"2019-03-03T06:00:29","date_gmt":"2019-03-03T06:00:29","guid":{"rendered":"https:\/\/pgou.bilbao.eus\/eu\/indice\/"},"modified":"2019-03-04T14:54:10","modified_gmt":"2019-03-04T14:54:10","slug":"indice","status":"publish","type":"page","link":"https:\/\/pgou.bilbao.eus\/eu\/indice\/","title":{"rendered":"\u00cdndice completo de documentos"},"content":{"rendered":"<p>[vc_row][vc_column]<br \/>\n[vc_cta h2=&#8221;&#8221; add_icon=&#8221;left&#8221; i_type=&#8221;entypo&#8221; i_icon_entypo=&#8221;entypo-icon entypo-icon-info-circled&#8221;]<strong>OHARRA:<\/strong> 2019ko otsailaren 28ko osoko bilkuran akordio bidez hasiera batean onartutako Hiri Antolamenduko Plan Orokorrari buruzko euskarazko informazioa datozen egunetan jarriko da.[\/vc_cta]<br \/>\n[vc_column_text]<\/p>\n<ul>\n<li>MEMORIAS\n<ul>\n<li>INFORME DE ELEVACI\u00d3N AL PLENO DEL ACUERDO DE APROBACI\u00d3N INICIAL<\/li>\n<li>INFORME T\u00c9CNICO DE LA OFICINA DEL PLAN GENERAL\n<ul>\n<li>Separata n\u00ba1: R\u00e9gimen Urban\u00edstico del Sub\u00e1mbito &#8220;UR.02.5 Siervas de Mar\u00eda&#8221;<\/li>\n<li>Separata n\u00ba2: Delimitaci\u00f3n del nuevo Sub\u00e1mbito &#8220;AB.01.1 (Entorno Palacio Euskalduna)&#8221;<\/li>\n<li>Separata n\u00ba3: Cuadro 18 \u201dPropuestas de vinculaci\u00f3n de los nuevos espacios libres generales (SG) a los nuevos desarrollos urban\u00edsticos planteados\u201d<\/li>\n<li>Separata n\u00ba4: Cuadro 19 &#8220;Propuestas de vinculaci\u00f3n de los nuevos espacios libres locales a los nuevos desarrollos urban\u00edsticos planteados&#8221;<\/li>\n<\/ul>\n<\/li>\n<li>MEMORIA JUSTIFICATIVA DE LA ORDENACI\u00d3N URBAN\u00cdSTICA Y DE SU EJECUCI\u00d3N<\/li>\n<li>MEMORIA JUSTIFICATIVA DEL CUMPLIMIENTO DE LOS EST\u00c1NDARES REGULADORES DE LA EDIFICABILIDAD URBAN\u00cdSTICA M\u00c1XIMA Y M\u00cdNIMA, Y DE LA ADECUACI\u00d3N DEL PLAN GENERAL AL PLANEAMIENTO TERRITORIAL VIGENTE<\/li>\n<li>INFORME DE SOSTENIBILIDAD AMBIENTAL. ESTUDIO AMBIENTAL ESTRAT\u00c9GICO<\/li>\n<li>EVALUACI\u00d3N DEL IMPACTO DE G\u00c9NERO<\/li>\n<li>EVALUACI\u00d3N DEL IMPACTO LING\u00dc\u00cdSTICO<\/li>\n<li>CUMPLIMIENTO DE AFECCIONES AEROPORTUARIA<\/li>\n<li>ESTUDIO DE VIABILIDAD ECON\u00d3MICA<\/li>\n<li>MEMORIA DE SOSTENIBILIDAD ECON\u00d3MICA<\/li>\n<li>PROGRAMA DE ACTUACI\u00d3N<\/li>\n<li>RESUMEN EJECUTIVO<\/li>\n<\/ul>\n<\/li>\n<li>NORMATIVA URBAN\u00cdSTICA GENERAL\n<ul>\n<li>NORMAS URBAN\u00cdSTICAS GENERALES<\/li>\n<li>CAT\u00c1LOGO<\/li>\n<\/ul>\n<\/li>\n<li>PLANOS GENERALES\n<ul>\n<li>I.1. SITUACION DE BILBAO EN EL \u00c1REA FUNCIONAL DE BILBAO METROPOLITANO<\/li>\n<li>I.2. DELIMITACI\u00d3N DEL T\u00c9RMINO MUNICIPAL. TOPONIMIA<\/li>\n<li>I.3. AMBITOS URBANISTICOS<\/li>\n<li>I.4. \u00c1MBITOS URBAN\u00cdSTICOS<\/li>\n<li>I.5. ESTADO ACTUAL. DELIMITACI\u00d3N DE \u00c1MBITOS Y SUB\u00c1MBITOS<\/li>\n<li>II-1. ZONIFICACI\u00d3N GLOBAL (SUELO NO URBANIZABLE)<\/li>\n<li>II.2. ZONIFICACION GLOBAL: SUELOS URBANO Y URBANIZABLE (Y SISTEMA GENERAL DE ESPACIOS LIBRES EN EL SUELO NO URBANIZABLE)<\/li>\n<li>II.3. ZONIFICACI\u00d3N GLOBAL BAJO RASANTE Y\/U OTROS ELEMENTOS<\/li>\n<li>II-4. CLASIFICACI\u00d3N DEL SUELO<\/li>\n<li>II.5. ZONIFICACI\u00d3N PORMENORIZADA<\/li>\n<li>II.6. CATEGORIZACI\u00d3N DEL SUELO URBANO<\/li>\n<li>II.7. CONDICIONES DE EJECUCI\u00d3N URBAN\u00cdSTICA<\/li>\n<li>III.1. SISTEMA DE MOVILIDAD<\/li>\n<li>III.2.1. RINFRAESTRUCTURAS DE SERVICIOS URBANOS &#8211; ESQUEMA DE RED DE ABASTECIMIENTO DE AGUA<\/li>\n<li>III.2.2. INFRAESTRUCTURAS DE SERVICIOS URBANOS &#8211; ESQUEMA DE RED DE SANEAMIENTO (PLUVIALES Y UNITARIO)<\/li>\n<li>III.2.3. INFRAESTRUCTURAS DE SERVICIOS URBANOS &#8211; ESQUEMA DE RED DE SANEAMIENTO (FECALES Y UNITARIO)<\/li>\n<li>III.2.4. INFRAESTRUCTURAS DE SERVICIOS URBANOS &#8211; ESQUEMA DE RED DE ENERG\u00cdA EL\u00c9CTRICA<\/li>\n<li>III.2.5. INFRAESTRUCTURAS DE SERVICIOS URBANOS &#8211; ESQUEMA DE RED DE GAS<\/li>\n<li>IV.AR. CAT\u00c1LOGO DEL PATRIMONIO URBAN\u00cdSTICO Y ARQUEOL\u00d3GICO &#8211; ZONAS DE PROTECCI\u00d3N ARQUEOL\u00d3GICA<\/li>\n<li>IV.CIA CAT\u00c1LOGO DEL PATRIMONIO URBAN\u00cdSTICO Y ARQUEOL\u00d3GICO &#8211; PROTECCI\u00d3N CONJUNTOS DE INTER\u00c9S ARQUITECT\u00d3NICO AMBIENTAL<\/li>\n<li>IV.E-1.1. CAT\u00c1LOGO DEL PATRIMONIO URBAN\u00cdSTICO Y ARQUEOL\u00d3GICO &#8211; PROTECCI\u00d3N PATRIMONIO EDIFICADO &#8211; DEUSTO (Norte)<\/li>\n<li>IV.E-1.2. CAT\u00c1LOGO DEL PATRIMONIO URBAN\u00cdSTICO Y ARQUEOL\u00d3GICO &#8211; PROTECCI\u00d3N PATRIMONIO EDIFICADO &#8211; DEUSTO (Sur)<\/li>\n<li>IV.E-2.1. CAT\u00c1LOGO DEL PATRIMONIO URBAN\u00cdSTICO Y ARQUEOL\u00d3GICO &#8211; PROTECCI\u00d3N PATRIMONIO EDIFICADO &#8211; URIBARRI (Oeste)<\/li>\n<li>IV.E-2.2. CAT\u00c1LOGO DEL PATRIMONIO URBAN\u00cdSTICO Y ARQUEOL\u00d3GICO &#8211; PROTECCI\u00d3N PATRIMONIO EDIFICADO &#8211; URIBARRI (Este)<\/li>\n<li>IV.E-3. CAT\u00c1LOGO DEL PATRIMONIO URBAN\u00cdSTICO Y ARQUEOL\u00d3GICO &#8211; PROTECCI\u00d3N PATRIMONIO EDIFICADO &#8211; OTXARKOAGA &#8211; TXURDINAGA<\/li>\n<li>IV.E-4. CAT\u00c1LOGO DEL PATRIMONIO URBAN\u00cdSTICO Y ARQUEOL\u00d3GICO &#8211; PROTECCI\u00d3N PATRIMONIO EDIFICADO &#8211; BEGO\u00d1A<\/li>\n<li>IV.E-5.1. CAT\u00c1LOGO DEL PATRIMONIO URBAN\u00cdSTICO Y ARQUEOL\u00d3GICO &#8211; PROTECCI\u00d3N PATRIMONIO EDIFICADO &#8211; IBAIONDO (Norte)<\/li>\n<li>IV.E-5.2. CAT\u00c1LOGO DEL PATRIMONIO URBAN\u00cdSTICO Y ARQUEOL\u00d3GICO &#8211; PROTECCI\u00d3N PATRIMONIO EDIFICADO &#8211; IBAIONDO (Sur)<\/li>\n<li>IV.E-6. CAT\u00c1LOGO DEL PATRIMONIO URBAN\u00cdSTICO Y ARQUEOL\u00d3GICO &#8211; PROTECCI\u00d3N PATRIMONIO EDIFICADO &#8211; ABANDO<\/li>\n<li>IV.E-7. CAT\u00c1LOGO DEL PATRIMONIO URBAN\u00cdSTICO Y ARQUEOL\u00d3GICO &#8211; PROTECCI\u00d3N PATRIMONIO EDIFICADO &#8211; REKALDE<\/li>\n<li>IV.E-8.1. CAT\u00c1LOGO DEL PATRIMONIO URBAN\u00cdSTICO Y ARQUEOL\u00d3GICO &#8211; PROTECCI\u00d3N PATRIMONIO EDIFICADO &#8211; BASURTO-ZORROZA (Noroeste)<\/li>\n<li>IV.E-8.2. CAT\u00c1LOGO DEL PATRIMONIO URBAN\u00cdSTICO Y ARQUEOL\u00d3GICO &#8211; PROTECCI\u00d3N PATRIMONIO EDIFICADO &#8211; BASURTO-ZORROZA (Sur)<\/li>\n<li>IV.E-8.3. CAT\u00c1LOGO DEL PATRIMONIO URBAN\u00cdSTICO Y ARQUEOL\u00d3GICO &#8211; PROTECCI\u00d3N PATRIMONIO EDIFICADO &#8211; BASURTO-ZORROZA (Sureste)<\/li>\n<li>IV.EL. CAT\u00c1LOGO DEL PATRIMONIO URBAN\u00cdSTICO Y ARQUEOL\u00d3GICO &#8211; PROTECCI\u00d3N ELEMENTOS (NO EDIFICACIONES)<\/li>\n<li>IV.LOC. CAT\u00c1LOGO DEL PATRIMONIO URBAN\u00cdSTICO Y ARQUEOL\u00d3GICO &#8211; PROTECCI\u00d3N LOCALES INTERIORES<\/li>\n<li>IV.MIR-1. CAT\u00c1LOGO DEL PATRIMONIO URBAN\u00cdSTICO Y ARQUEOL\u00d3GICO &#8211; PROTECCI\u00d3N MIRADORES DE MADERA &#8211; DEUSTO &#8211; BASURTO-ZORROZA<\/li>\n<li>IV.MIR-2. CAT\u00c1LOGO DEL PATRIMONIO URBAN\u00cdSTICO Y ARQUEOL\u00d3GICO &#8211; PROTECCI\u00d3N MIRADORES DE MADERA &#8211; URIBARRI &#8211; ABANDO &#8211; BEGO\u00d1A &#8211; REKALDE<\/li>\n<li>V.1. CONDICIONANTES SUPERPUESTOS (I)<\/li>\n<li>V.2. CONDICIONANTES SUPERPUESTOS (II)<\/li>\n<li>V.3. CONDICIONANTES SUPERPUESTOS (III)<\/li>\n<li>V.4. CONDICIONANTES SUPERPUESTOS (IV)<\/li>\n<\/ul>\n<\/li>\n<li>NORMAS URBAN\u00cdSTICAS PARTICULARES DE LOS \u00c1MBITOS URBAN\u00cdSTICOS\n<ul>\n<li>01 DEUSTO\n<ul>\n<li>\u00c1MBITOS URBAN\u00cdSTICOS DE \u201cDEUSTO\u201d<\/li>\n<li>PLANOS:\n<ul>\n<li>1.1.- Estado actual. Delimitaci\u00f3n (\u00e1mbitos y sub\u00e1mbitos urban\u00edsticos). (Norte)<\/li>\n<li>1.2.- Estado actual. Delimitaci\u00f3n (\u00e1mbitos y sub\u00e1mbitos urban\u00edsticos). (Sur)<\/li>\n<li>2.1.- Zonificaci\u00f3n Pormenorizada. (Norte)<\/li>\n<li>2.2.- Zonificaci\u00f3n Pormenorizada. (Sur)<\/li>\n<li>3.1.- Categorizaci\u00f3n del suelo. (Norte)<\/li>\n<li>3.2.- Categorizaci\u00f3n del suelo. (Sur)<\/li>\n<li>4.1- Condiciones de ejecuci\u00f3n urban\u00edstica. (Norte)<\/li>\n<li>4.2- Condiciones de ejecuci\u00f3n urban\u00edstica. (Sur)<\/li>\n<\/ul>\n<\/li>\n<li>02 URIBARRI\n<ul>\n<li>\u00c1MBITOS URBAN\u00cdSTICOS DE \u201cURIBARRI\u201d<\/li>\n<li>PLANOS:\n<ul>\n<li>1.1.- Estado actual. Delimitaci\u00f3n (\u00e1mbitos y sub\u00e1mbitos urban\u00edsticos). (Este)<\/li>\n<li>1.2.- Estado actual. Delimitaci\u00f3n (\u00e1mbitos y sub\u00e1mbitos urban\u00edsticos). (Oeste)<\/li>\n<li>2.1.- Zonificaci\u00f3n Pormenorizada. (Este)<\/li>\n<li>2.2.- Zonificaci\u00f3n Pormenorizada. (Oeste)<\/li>\n<li>3.1.- Categorizaci\u00f3n del suelo. (Este)<\/li>\n<li>3.2.- Categorizaci\u00f3n del suelo. (Oeste)<\/li>\n<li>4.1- Condiciones de ejecuci\u00f3n urban\u00edstica. (Este)<\/li>\n<li>4.2- Condiciones de ejecuci\u00f3n urban\u00edstica. (Oeste)<\/li>\n<\/ul>\n<\/li>\n<\/ul>\n<\/li>\n<li>03 OTXARKOAGA-TXURDINAGA\n<ul>\n<li>\u00c1MBITOS URBAN\u00cdSTICOS DE \u201cOTXARKOAGA- TXURDINAGA\u201d<\/li>\n<li>PLANOS:\n<ul>\n<li>1- Estado actual. Delimitaci\u00f3n (\u00e1mbitos y sub\u00e1mbitos urban\u00edsticos)<\/li>\n<li>2- Zonificaci\u00f3n Pormenorizada<\/li>\n<li>3- Categorizaci\u00f3n del suelo<\/li>\n<li>4- Condiciones de ejecuci\u00f3n urban\u00edstica<\/li>\n<\/ul>\n<\/li>\n<\/ul>\n<\/li>\n<li>04 BEGO\u00d1A\n<ul>\n<li>\u00c1MBITOS URBAN\u00cdSTICOS DE \u201cBEGO\u00d1A\u201d<\/li>\n<li>PLANOS:\n<ul>\n<li>1- Estado actual. Delimitaci\u00f3n (\u00e1mbitos y sub\u00e1mbitos urban\u00edsticos)<\/li>\n<li>2- Zonificaci\u00f3n Pormenorizada<\/li>\n<li>3- Categorizaci\u00f3n del suelo<\/li>\n<li>4- Condiciones de ejecuci\u00f3n urban\u00edstica<\/li>\n<\/ul>\n<\/li>\n<\/ul>\n<\/li>\n<li>05 IBAIONDO\n<ul>\n<li>\u00c1MBITOS URBAN\u00cdSTICOS DE \u201cIBAIONDO\u201d<\/li>\n<li>PLANOS:\n<ul>\n<li>1.1.- Estado actual. Delimitaci\u00f3n (\u00e1mbitos y sub\u00e1mbitos urban\u00edsticos). (Norte)<\/li>\n<li>1.2.- Estado actual. Delimitaci\u00f3n (\u00e1mbitos y sub\u00e1mbitos urban\u00edsticos). (Sur)<\/li>\n<li>2.1.- Zonificaci\u00f3n Pormenorizada. (Norte)<\/li>\n<li>2.2.- Zonificaci\u00f3n Pormenorizada. (Sur)<\/li>\n<li>3.1.- Categorizaci\u00f3n del suelo. (Norte)<\/li>\n<li>3.2.- Categorizaci\u00f3n del suelo. (Sur)<\/li>\n<li>4.1- Condiciones de ejecuci\u00f3n urban\u00edstica. (Norte)<\/li>\n<li>4.2- Condiciones de ejecuci\u00f3n urban\u00edstica. (Sur)<\/li>\n<\/ul>\n<\/li>\n<\/ul>\n<\/li>\n<li>06 ABANDO\n<ul>\n<li>\u00c1MBITOS URBAN\u00cdSTICOS DE \u201cABANDO\u201d<\/li>\n<li>PLANOS:\n<ul>\n<li>1- Estado actual. Delimitaci\u00f3n (\u00e1mbitos y sub\u00e1mbitos urban\u00edsticos)<\/li>\n<li>2- Zonificaci\u00f3n Pormenorizada<\/li>\n<li>3- Categorizaci\u00f3n del suelo<\/li>\n<li>4- Condiciones de ejecuci\u00f3n urban\u00edstica<\/li>\n<\/ul>\n<\/li>\n<\/ul>\n<\/li>\n<li>07 REKALDE\n<ul>\n<li>\u00c1MBITOS URBAN\u00cdSTICOS DE \u201cREKALDE\u201d<\/li>\n<li>PLANOS:\n<ul>\n<li>1- Estado actual. Delimitaci\u00f3n (\u00e1mbitos y sub\u00e1mbitos urban\u00edsticos)<\/li>\n<li>2- Zonificaci\u00f3n Pormenorizada<\/li>\n<li>3- Categorizaci\u00f3n del suelo<\/li>\n<li>4- Condiciones de ejecuci\u00f3n urban\u00edstica<\/li>\n<\/ul>\n<\/li>\n<\/ul>\n<\/li>\n<li>08 BASURTO-ZORROTZA\n<ul>\n<li>\u00c1MBITOS URBAN\u00cdSTICOS DE \u201cBASURTO- ZORROTZA\u201d<\/li>\n<li>PLANOS:\n<ul>\n<li>1.1.- Estado actual. Delimitaci\u00f3n (\u00e1mbitos y sub\u00e1mbitos urban\u00edsticos). (Noroeste)<\/li>\n<li>1.2.- Estado actual. Delimitaci\u00f3n (\u00e1mbitos y sub\u00e1mbitos urban\u00edsticos). (Sur)<\/li>\n<li>1.3.- Estado actual. Delimitaci\u00f3n (\u00e1mbitos y sub\u00e1mbitos urban\u00edsticos). (Sureste)<\/li>\n<li>2.1.- Zonificaci\u00f3n Pormenorizada. (Noroeste)<\/li>\n<li>2.2- Zonificaci\u00f3n Pormenorizada. (Sur)<\/li>\n<li>2.3.- Zonificaci\u00f3n Pormenorizada. (Sureste)<\/li>\n<li>3.1.- Categorizaci\u00f3n del suelo. (Noroeste)<\/li>\n<li>3.2.- Categorizaci\u00f3n del suelo. (Sur)<\/li>\n<li>3.3.- Categorizaci\u00f3n del suelo. (Sureste)<\/li>\n<li>4.1- Condiciones de ejecuci\u00f3n urban\u00edstica. (Noroeste)<\/li>\n<li>4.2- Condiciones de ejecuci\u00f3n urban\u00edstica. (Sur)<\/li>\n<li>4.3- Condiciones de ejecuci\u00f3n urban\u00edstica. (Sureste)<\/li>\n<\/ul>\n<\/li>\n<\/ul>\n<\/li>\n<li>09 SUELO NO URBANIZABLE Y OTROS \u00c1MBITOS URBAN\u00cdSTICOS\n<ul>\n<li>\u00c1MBITOS URBAN\u00cdSTICOS DEL \u201cSUELO NO URBANIZABLE\u201d<\/li>\n<li>PLANOS:\n<ul>\n<li>SNU.05.PAGASARRI &#8211; DELIMITACION DE \u00c1MBITOS<\/li>\n<li>SNU.05.PAGASARRI &#8211; ZONIFICACI\u00d3N GLOBAL<\/li>\n<\/ul>\n<\/li>\n<\/ul>\n<\/li>\n<\/ul>\n<\/li>\n<\/ul>\n<\/li>\n<\/ul>\n<p>[\/vc_column_text][\/vc_column][\/vc_row]<\/p>\n","protected":false},"excerpt":{"rendered":"<p>[vc_row][vc_column] [vc_cta h2=&#8221;&#8221; add_icon=&#8221;left&#8221; i_type=&#8221;entypo&#8221; i_icon_entypo=&#8221;entypo-icon entypo-icon-info-circled&#8221;]OHARRA: 2019ko otsailaren 28ko osoko bilkuran akordio bidez hasiera batean onartutako Hiri Antolamenduko Plan Orokorrari buruzko euskarazko informazioa datozen egunetan jarriko da.[\/vc_cta] [vc_column_text] MEMORIAS INFORME DE ELEVACI\u00d3N AL PLENO DEL ACUERDO DE APROBACI\u00d3N INICIAL INFORME T\u00c9CNICO DE LA OFICINA DEL PLAN GENERAL Separata n\u00ba1: R\u00e9gimen Urban\u00edstico del Sub\u00e1mbito &#8220;UR.02.5 [&hellip;]<\/p>\n","protected":false},"author":64,"featured_media":11100,"parent":0,"menu_order":0,"comment_status":"closed","ping_status":"closed","template":"","meta":{"footnotes":""},"_links":{"self":[{"href":"https:\/\/pgou.bilbao.eus\/eu\/wp-json\/wp\/v2\/pages\/13172"}],"collection":[{"href":"https:\/\/pgou.bilbao.eus\/eu\/wp-json\/wp\/v2\/pages"}],"about":[{"href":"https:\/\/pgou.bilbao.eus\/eu\/wp-json\/wp\/v2\/types\/page"}],"author":[{"embeddable":true,"href":"https:\/\/pgou.bilbao.eus\/eu\/wp-json\/wp\/v2\/users\/64"}],"replies":[{"embeddable":true,"href":"https:\/\/pgou.bilbao.eus\/eu\/wp-json\/wp\/v2\/comments?post=13172"}],"version-history":[{"count":6,"href":"https:\/\/pgou.bilbao.eus\/eu\/wp-json\/wp\/v2\/pages\/13172\/revisions"}],"predecessor-version":[{"id":13291,"href":"https:\/\/pgou.bilbao.eus\/eu\/wp-json\/wp\/v2\/pages\/13172\/revisions\/13291"}],"wp:featuredmedia":[{"embeddable":true,"href":"https:\/\/pgou.bilbao.eus\/eu\/wp-json\/wp\/v2\/media\/11100"}],"wp:attachment":[{"href":"https:\/\/pgou.bilbao.eus\/eu\/wp-json\/wp\/v2\/media?parent=13172"}],"curies":[{"name":"wp","href":"https:\/\/api.w.org\/{rel}","templated":true}]}}