{"id":13179,"date":"2019-03-03T06:00:29","date_gmt":"2019-03-03T06:00:29","guid":{"rendered":"https:\/\/pgou.bilbao.eus\/eu\/normas-urbanisticas-particulares-de-los-ambitos-urbanisticos\/"},"modified":"2023-04-14T09:45:56","modified_gmt":"2023-04-14T09:45:56","slug":"normas-urbanisticas-particulares-de-los-ambitos-urbanisticos","status":"publish","type":"page","link":"https:\/\/pgou.bilbao.eus\/eu\/normas-urbanisticas-particulares-de-los-ambitos-urbanisticos\/","title":{"rendered":"Normas urban\u00edsticas particulares de los \u00e1mbitos urban\u00edsticos"},"content":{"rendered":"<p>[vc_row][vc_column]<br \/>\n[vc_cta h2=&#8221;&#8221; add_icon=&#8221;left&#8221; i_type=&#8221;entypo&#8221; i_icon_entypo=&#8221;entypo-icon entypo-icon-info-circled&#8221;]<strong>OHARRA:<\/strong> 2019ko otsailaren 28ko osoko bilkuran akordio bidez hasiera batean onartutako Hiri Antolamenduko Plan Orokorrari buruzko euskarazko informazioa datozen egunetan jarriko da.[\/vc_cta]<br \/>\n[vc_tta_accordion shape=&#8221;square&#8221; color=&#8221;white&#8221; c_icon=&#8221;triangle&#8221; active_section=&#8221;0&#8243; collapsible_all=&#8221;true&#8221;][vc_tta_section title=&#8221;01 DEUSTO&#8221; tab_id=&#8221;1550505872366-1fdd52e2-831b&#8221;][vc_column_text]<a href=\"https:\/\/www.bilbao.eus\/aurrerago\/aprobacion_inicial\/pdfs\/NNPP\/01_DEUSTO\/01_DOC_2.2._NN.PP.DEUSTO.pdf\" target=\"_blank\" rel=\"noopener noreferrer\">\u00c1MBITOS URBAN\u00cdSTICOS DE &#8220;DEUSTO&#8221;<\/a><\/p>\n<p>PLANOS:<\/p>\n<p style=\"padding-left: 30px\"><a href=\"https:\/\/www.bilbao.eus\/aurrerago\/aprobacion_inicial\/pdfs\/NNPP\/01_DEUSTO\/1_DE_1._AMB_Y_SUBAMBITOS_A0.1.pdf\" target=\"_blank\" rel=\"noopener noreferrer\">1.1.- Estado actual. Delimitaci\u00f3n (\u00e1mbitos y sub\u00e1mbitos urban\u00edsticos). (Norte) <\/a><br \/>\n<a href=\"https:\/\/www.bilbao.eus\/aurrerago\/aprobacion_inicial\/pdfs\/NNPP\/01_DEUSTO\/1_DE_1._AMB_Y_SUBAMBITOS_A0.2.pdf\" target=\"_blank\" rel=\"noopener noreferrer\">1.2.- Estado actual. Delimitaci\u00f3n (\u00e1mbitos y sub\u00e1mbitos urban\u00edsticos). (Sur) <\/a><br \/>\n<a href=\"https:\/\/www.bilbao.eus\/aurrerago\/aprobacion_inicial\/pdfs\/NNPP\/01_DEUSTO\/1_DE_2._ZON_PORMENORIZADA_A0.2.1.pdf\" target=\"_blank\" rel=\"noopener noreferrer\">2.1.- Zonificaci\u00f3n Pormenorizada. (Norte) <\/a><br \/>\n<a href=\"https:\/\/www.bilbao.eus\/aurrerago\/aprobacion_inicial\/pdfs\/NNPP\/01_DEUSTO\/1_DE_2._ZON_PORMENORIZADA_A0.2.2.pdf\" target=\"_blank\" rel=\"noopener noreferrer\">2.2.- Zonificaci\u00f3n Pormenorizada. (Sur) <\/a><br \/>\n<a href=\"https:\/\/www.bilbao.eus\/aurrerago\/aprobacion_inicial\/pdfs\/NNPP\/01_DEUSTO\/1_DE_3.1_CATEGORIZACION.pdf\" target=\"_blank\" rel=\"noopener noreferrer\">3.1.- Categorizaci\u00f3n del suelo. (Norte) <\/a><br \/>\n<a href=\"https:\/\/www.bilbao.eus\/aurrerago\/aprobacion_inicial\/pdfs\/NNPP\/01_DEUSTO\/1_DE_3.2_CATEGORIZACION.pdf\" target=\"_blank\" rel=\"noopener noreferrer\">3.2.- Categorizaci\u00f3n del suelo. (Sur) <\/a><br \/>\n<a href=\"https:\/\/www.bilbao.eus\/aurrerago\/aprobacion_inicial\/pdfs\/NNPP\/01_DEUSTO\/1_DE_4.1_COND_EJECUCION.pdf\" target=\"_blank\" rel=\"noopener noreferrer\">4.1- Condiciones de ejecuci\u00f3n urban\u00edstica. (Norte) <\/a><br \/>\n<a href=\"https:\/\/www.bilbao.eus\/aurrerago\/aprobacion_inicial\/pdfs\/NNPP\/01_DEUSTO\/1_DE_4.2_COND_EJECUCION.pdf\" target=\"_blank\" rel=\"noopener noreferrer\">4.2- Condiciones de ejecuci\u00f3n urban\u00edstica. (Sur) <\/a><\/p>\n<p>[\/vc_column_text][\/vc_tta_section][vc_tta_section title=&#8221;02 URIBARRI&#8221; tab_id=&#8221;1550505872412-4da2a7fd-8e3e&#8221;][vc_column_text]<a href=\"https:\/\/www.bilbao.eus\/aurrerago\/aprobacion_inicial\/pdfs\/NNPP\/02_URIBARRI\/02_DOC_2.2._NN.PP.URIBARRI.pdf\" target=\"_blank\" rel=\"noopener noreferrer\">\u00c1MBITOS URBAN\u00cdSTICOS DE &#8220;URIBARRI<\/a><\/p>\n<p>PLANOS:<\/p>\n<p style=\"padding-left: 30px\"><a href=\"https:\/\/www.bilbao.eus\/aurrerago\/aprobacion_inicial\/pdfs\/NNPP\/02_URIBARRI\/2_UR_1._AMB_Y_SUBAMBITOS_A0_1.pdf\" target=\"_blank\" rel=\"noopener noreferrer\">1.1.- Estado actual. Delimitaci\u00f3n (\u00e1mbitos y sub\u00e1mbitos urban\u00edsticos). (Este) <\/a><br \/>\n<a href=\"https:\/\/www.bilbao.eus\/aurrerago\/aprobacion_inicial\/pdfs\/NNPP\/02_URIBARRI\/2_UR_1._AMB_Y_SUBAMBITOS_A0_2.pdf\" target=\"_blank\" rel=\"noopener noreferrer\">1.2.- Estado actual. Delimitaci\u00f3n (\u00e1mbitos y sub\u00e1mbitos urban\u00edsticos). (Oeste) <\/a><br \/>\n<a href=\"https:\/\/www.bilbao.eus\/aurrerago\/aprobacion_inicial\/pdfs\/NNPP\/02_URIBARRI\/2_UR_2._ZON_PORMENORIZADA_A0_2.1.pdf\" target=\"_blank\" rel=\"noopener noreferrer\">2.1.- Zonificaci\u00f3n Pormenorizada. (Este) <\/a><br \/>\n<a href=\"https:\/\/www.bilbao.eus\/aurrerago\/aprobacion_inicial\/pdfs\/NNPP\/02_URIBARRI\/2_UR_2._ZON_PORMENORIZADA_A0_2.2.pdf\" target=\"_blank\" rel=\"noopener noreferrer\">2.2.- Zonificaci\u00f3n Pormenorizada. (Oeste) <\/a><br \/>\n<a href=\"https:\/\/www.bilbao.eus\/aurrerago\/aprobacion_inicial\/pdfs\/NNPP\/02_URIBARRI\/2_UR_3.1_CATEGORIZACION.pdf\" target=\"_blank\" rel=\"noopener noreferrer\">3.1.- Categorizaci\u00f3n del suelo. (Este) <\/a><br \/>\n<a href=\"https:\/\/www.bilbao.eus\/aurrerago\/aprobacion_inicial\/pdfs\/NNPP\/02_URIBARRI\/2_UR_3.2_CATEGORIZACION.pdf\" target=\"_blank\" rel=\"noopener noreferrer\">3.2.- Categorizaci\u00f3n del suelo. (Oeste) <\/a><br \/>\n<a href=\"https:\/\/www.bilbao.eus\/aurrerago\/aprobacion_inicial\/pdfs\/NNPP\/02_URIBARRI\/2_UR_4.1_COND_EJECUCION.pdf\" target=\"_blank\" rel=\"noopener noreferrer\">4.1- Condiciones de ejecuci\u00f3n urban\u00edstica. (Este) <\/a><br \/>\n<a href=\"https:\/\/www.bilbao.eus\/aurrerago\/aprobacion_inicial\/pdfs\/NNPP\/02_URIBARRI\/2_UR_4.2_COND_EJECUCION.pdf\" target=\"_blank\" rel=\"noopener noreferrer\">4.2- Condiciones de ejecuci\u00f3n urban\u00edstica. (Oeste) <\/a><\/p>\n<p>[\/vc_column_text][\/vc_tta_section][vc_tta_section title=&#8221;03 OTXARKOAGA &#8211; TXURDINAGA&#8221; tab_id=&#8221;1550506580140-30fef0e0-ef9f&#8221;][vc_column_text]<a href=\"https:\/\/www.bilbao.eus\/aurrerago\/aprobacion_inicial\/pdfs\/NNPP\/03_OTXARKOAGA_TXURDINAGA\/03_DOC_2.2._NN.PP.OTXARKOAGA__TXURDINAGA.pdf\" target=\"_blank\" rel=\"noopener noreferrer\">\u00c1MBITOS URBAN\u00cdSTICOS DE &#8220;OTXARKOAGA- TXURDINAGA&#8221;<\/a><\/p>\n<p>PLANOS:<\/p>\n<p style=\"padding-left: 30px\"><a href=\"https:\/\/www.bilbao.eus\/aurrerago\/aprobacion_inicial\/pdfs\/NNPP\/03_OTXARKOAGA_TXURDINAGA\/3_OT_1._AMB_Y_SUBAMBITOS_A0.pdf\" target=\"_blank\" rel=\"noopener noreferrer\">1.- Estado actual. Delimitaci\u00f3n (\u00e1mbitos y sub\u00e1mbitos urban\u00edsticos)\u00a0<\/a><br \/>\n<a href=\"https:\/\/www.bilbao.eus\/aurrerago\/aprobacion_inicial\/pdfs\/NNPP\/03_OTXARKOAGA_TXURDINAGA\/3_OT_2._ZON_PORMENORIZADA_A0.pdf\" target=\"_blank\" rel=\"noopener noreferrer\">2.- Zonificaci\u00f3n Pormenorizada\u00a0<\/a><br \/>\n<a href=\"https:\/\/www.bilbao.eus\/aurrerago\/aprobacion_inicial\/pdfs\/NNPP\/03_OTXARKOAGA_TXURDINAGA\/3_OT_3_CATEGORIZACION.pdf\" target=\"_blank\" rel=\"noopener noreferrer\">3.- Categorizaci\u00f3n del suelo\u00a0<\/a><br \/>\n<a href=\"https:\/\/www.bilbao.eus\/aurrerago\/aprobacion_inicial\/pdfs\/NNPP\/03_OTXARKOAGA_TXURDINAGA\/3_OT_4_COND_EJECUCION.pdf\" target=\"_blank\" rel=\"noopener noreferrer\">4.- Condiciones de ejecuci\u00f3n urban\u00edstica<\/a><\/p>\n<p>[\/vc_column_text][\/vc_tta_section][vc_tta_section title=&#8221;04 BEGO\u00d1A&#8221; tab_id=&#8221;1550506880797-be192eba-1815&#8243;][vc_column_text]<a href=\"https:\/\/www.bilbao.eus\/aurrerago\/aprobacion_inicial\/pdfs\/NNPP\/04_BEGONA\/04_DOC_2.2._NN.PP.BEGONA.pdf\" target=\"_blank\" rel=\"noopener noreferrer\">\u00c1MBITOS URBAN\u00cdSTICOS DE &#8220;BEGO\u00d1A&#8221;<\/a><\/p>\n<p>PLANOS:<\/p>\n<p style=\"padding-left: 30px\"><a href=\"https:\/\/www.bilbao.eus\/aurrerago\/aprobacion_inicial\/pdfs\/NNPP\/04_BEGONA\/4_BE_1._AMB_Y_SUBAMBITOS_A0.1.pdf\" target=\"_blank\" rel=\"noopener noreferrer\">1.- Estado actual. Delimitaci\u00f3n (\u00e1mbitos y sub\u00e1mbitos urban\u00edsticos)\u00a0<\/a><br \/>\n<a href=\"https:\/\/www.bilbao.eus\/aurrerago\/aprobacion_inicial\/pdfs\/NNPP\/04_BEGONA\/4_BE_2._ZON_PORMENORIZADA_A0.pdf\" target=\"_blank\" rel=\"noopener noreferrer\">2.- Zonificaci\u00f3n Pormenorizada\u00a0<\/a><br \/>\n<a href=\"https:\/\/www.bilbao.eus\/aurrerago\/aprobacion_inicial\/pdfs\/NNPP\/04_BEGONA\/4_BE_3._CATEGORIZACION.pdf\" target=\"_blank\" rel=\"noopener noreferrer\">3.- Categorizaci\u00f3n del suelo\u00a0<\/a><br \/>\n<a href=\"https:\/\/www.bilbao.eus\/aurrerago\/aprobacion_inicial\/pdfs\/NNPP\/04_BEGONA\/4_BE_4._COND_EJECUCION.pdf\" target=\"_blank\" rel=\"noopener noreferrer\">4.- Condiciones de ejecuci\u00f3n urban\u00edstica<\/a><\/p>\n<p>[\/vc_column_text][\/vc_tta_section][vc_tta_section title=&#8221;05 IBAIONDO&#8221; tab_id=&#8221;1550506885812-8b210cd5-0ea2&#8243;][vc_column_text]<a href=\"https:\/\/www.bilbao.eus\/aurrerago\/aprobacion_inicial\/pdfs\/NNPP\/05_IBAIONDO\/05_DOC_2.2._NN.PP.IBAIONDO.pdf\" target=\"_blank\" rel=\"noopener noreferrer\">\u00c1MBITOS URBAN\u00cdSTICOS DE &#8220;IBAIONDO&#8221;<\/a><\/p>\n<p>PLANOS<\/p>\n<p style=\"padding-left: 30px\"><a href=\"https:\/\/www.bilbao.eus\/aurrerago\/aprobacion_inicial\/pdfs\/NNPP\/05_IBAIONDO\/5_IB_1._AMB_Y_SUBAMBITOS_A0_1.1.pdf\" target=\"_blank\" rel=\"noopener noreferrer\">1.1.- Estado actual. Delimitaci\u00f3n (\u00e1mbitos y sub\u00e1mbitos urban\u00edsticos). (Norte)\u00a0<\/a><br \/>\n<a href=\"https:\/\/www.bilbao.eus\/aurrerago\/aprobacion_inicial\/pdfs\/NNPP\/05_IBAIONDO\/5_IB_1._AMB_Y_SUBAMBITOS_A0_1.2.pdf\" target=\"_blank\" rel=\"noopener noreferrer\">1.2.- Estado actual. Delimitaci\u00f3n (\u00e1mbitos y sub\u00e1mbitos urban\u00edsticos). (Sur)\u00a0<\/a><br \/>\n<a href=\"https:\/\/www.bilbao.eus\/aurrerago\/aprobacion_inicial\/pdfs\/NNPP\/05_IBAIONDO\/5_IB_2._ZON_PORMENORIZADA_A0_2.1.pdf\" target=\"_blank\" rel=\"noopener noreferrer\">2.1.- Zonificaci\u00f3n Pormenorizada. (Norte)\u00a0<\/a><br \/>\n<a href=\"https:\/\/www.bilbao.eus\/aurrerago\/aprobacion_inicial\/pdfs\/NNPP\/05_IBAIONDO\/5_IB_2._ZON_PORMENORIZADA_A0_2.2.pdf\" target=\"_blank\" rel=\"noopener noreferrer\">2.2.- Zonificaci\u00f3n Pormenorizada. (Sur)\u00a0<\/a><br \/>\n<a href=\"https:\/\/www.bilbao.eus\/aurrerago\/aprobacion_inicial\/pdfs\/NNPP\/05_IBAIONDO\/5_IB_3.CATEGORIZACION_A0_3.1.pdf\" target=\"_blank\" rel=\"noopener noreferrer\">3.1.- Categorizaci\u00f3n del suelo. (Norte)\u00a0<\/a><br \/>\n<a href=\"https:\/\/www.bilbao.eus\/aurrerago\/aprobacion_inicial\/pdfs\/NNPP\/05_IBAIONDO\/5_IB_3.CATEGORIZACION_A0_3.2.pdf\" target=\"_blank\" rel=\"noopener noreferrer\">3.2.- Categorizaci\u00f3n del suelo. (Sur)\u00a0<\/a><br \/>\n<a href=\"https:\/\/www.bilbao.eus\/aurrerago\/aprobacion_inicial\/pdfs\/NNPP\/05_IBAIONDO\/5_IB_4.COND_EJECUCION_A0_4.1.pdf\" target=\"_blank\" rel=\"noopener noreferrer\">4.1- Condiciones de ejecuci\u00f3n urban\u00edstica. (Norte)\u00a0<\/a><br \/>\n<a href=\"https:\/\/www.bilbao.eus\/aurrerago\/aprobacion_inicial\/pdfs\/NNPP\/05_IBAIONDO\/5_IB_4.COND_EJECUCION_A0_4.2.pdf\" target=\"_blank\" rel=\"noopener noreferrer\">4.2- Condiciones de ejecuci\u00f3n urban\u00edstica. (Sur)<\/a><\/p>\n<p>[\/vc_column_text][\/vc_tta_section][vc_tta_section title=&#8221;06 ABANDO&#8221; tab_id=&#8221;1550506886845-1a603694-6f8e&#8221;][vc_column_text]<a href=\"https:\/\/www.bilbao.eus\/aurrerago\/aprobacion_inicial\/pdfs\/NNPP\/06_ABANDO\/06_DOC_2.2._NN.PP.ABANDO.pdf\" target=\"_blank\" rel=\"noopener noreferrer\">\u00c1MBITOS URBAN\u00cdSTICOS DE &#8220;ABANDO&#8221;<\/a><\/p>\n<p>PLANOS:<\/p>\n<p style=\"padding-left: 30px\"><a href=\"https:\/\/www.bilbao.eus\/aurrerago\/aprobacion_inicial\/pdfs\/NNPP\/06_ABANDO\/6_AB_1._AM_Y_SUBAMBITOS_A0.pdf\" target=\"_blank\" rel=\"noopener noreferrer\">1.- Estado actual. Delimitaci\u00f3n (\u00e1mbitos y sub\u00e1mbitos urban\u00edsticos)\u00a0<\/a><br \/>\n<a href=\"https:\/\/www.bilbao.eus\/aurrerago\/aprobacion_inicial\/pdfs\/NNPP\/06_ABANDO\/6_AB_2._ZON_PORMENORIZADA.pdf\" target=\"_blank\" rel=\"noopener noreferrer\">2.- Zonificaci\u00f3n Pormenorizada\u00a0<\/a><br \/>\n<a href=\"https:\/\/www.bilbao.eus\/aurrerago\/aprobacion_inicial\/pdfs\/NNPP\/06_ABANDO\/6_AB_3_CATEGORIZACION.pdf\" target=\"_blank\" rel=\"noopener noreferrer\">3.- Categorizaci\u00f3n del suelo\u00a0<\/a><br \/>\n<a href=\"https:\/\/www.bilbao.eus\/aurrerago\/aprobacion_inicial\/pdfs\/NNPP\/06_ABANDO\/6_AB_4_COND_EJECUCION.pdf\" target=\"_blank\" rel=\"noopener noreferrer\">4.- Condiciones de ejecuci\u00f3n urban\u00edstica<\/a><\/p>\n<p>[\/vc_column_text][\/vc_tta_section][vc_tta_section title=&#8221;07 REKALDE&#8221; tab_id=&#8221;1550506891591-ac88fd42-447e&#8221;][vc_column_text]<a href=\"https:\/\/www.bilbao.eus\/aurrerago\/aprobacion_inicial\/pdfs\/NNPP\/07_REKALDE\/07_DOC_2.2._NN.PP.REKALDE.pdf\" target=\"_blank\" rel=\"noopener noreferrer\">\u00c1MBITOS URBAN\u00cdSTICOS DE &#8220;REKALDE&#8221;<\/a><\/p>\n<p>PLANOS:<\/p>\n<p style=\"padding-left: 30px\"><a href=\"https:\/\/www.bilbao.eus\/aurrerago\/aprobacion_inicial\/pdfs\/NNPP\/07_REKALDE\/7_RE_1._AMB_Y_SUBAMBITOS_A0_1.pdf\" target=\"_blank\" rel=\"noopener noreferrer\">1.- Estado actual. Delimitaci\u00f3n (\u00e1mbitos y sub\u00e1mbitos urban\u00edsticos)\u00a0<\/a><br \/>\n<a href=\"https:\/\/www.bilbao.eus\/aurrerago\/aprobacion_inicial\/pdfs\/NNPP\/07_REKALDE\/7_RE_2._ZON_PORMENORIZADA_A0.pdf\" target=\"_blank\" rel=\"noopener noreferrer\">2.- Zonificaci\u00f3n Pormenorizada\u00a0<\/a><br \/>\n<a href=\"https:\/\/www.bilbao.eus\/aurrerago\/aprobacion_inicial\/pdfs\/NNPP\/07_REKALDE\/7_RE_3_CATEGORIZACION.pdf\" target=\"_blank\" rel=\"noopener noreferrer\">3.- Categorizaci\u00f3n del suelo\u00a0<\/a><br \/>\n<a href=\"https:\/\/www.bilbao.eus\/aurrerago\/aprobacion_inicial\/pdfs\/NNPP\/07_REKALDE\/7_RE_4_COND_EJECUCION.pdf\" target=\"_blank\" rel=\"noopener noreferrer\">4.- Condiciones de ejecuci\u00f3n urban\u00edstica<\/a><\/p>\n<p>[\/vc_column_text][\/vc_tta_section][vc_tta_section title=&#8221;08 BASURTO &#8211; ZORROTZA&#8221; tab_id=&#8221;1550506892372-3acea267-ce33&#8243;][vc_column_text]<a href=\"https:\/\/www.bilbao.eus\/aurrerago\/aprobacion_inicial\/pdfs\/NNPP\/08_BASURTO_ZORROTZA\/08_DOC_2.2._NN.PP.BASURTO__ZORROTZA.pdf\" target=\"_blank\" rel=\"noopener noreferrer\">\u00c1MBITOS URBAN\u00cdSTICOS DE &#8220;BASURTO- ZORROTZA&#8221;<\/a><\/p>\n<p>PLANOS:<\/p>\n<p style=\"padding-left: 30px\"><a href=\"https:\/\/www.bilbao.eus\/aurrerago\/aprobacion_inicial\/pdfs\/NNPP\/08_BASURTO_ZORROTZA\/8_BZ_1._AMB_Y_SUBAMBITOS_A0.1_BASURTO_ZORROZA.pdf\" target=\"_blank\" rel=\"noopener noreferrer\">1.1.- Estado actual. Delimitaci\u00f3n (\u00e1mbitos y sub\u00e1mbitos urban\u00edsticos). (Noroeste)\u00a0<\/a><br \/>\n<a href=\"https:\/\/www.bilbao.eus\/aurrerago\/aprobacion_inicial\/pdfs\/NNPP\/08_BASURTO_ZORROTZA\/8_BZ_1._AMB_Y_SUBAMBITOS_A0.2_BASURTO_ZORROZA.pdf\" target=\"_blank\" rel=\"noopener noreferrer\">1.2.- Estado actual. Delimitaci\u00f3n (\u00e1mbitos y sub\u00e1mbitos urban\u00edsticos). (Sur)\u00a0<\/a><br \/>\n<a href=\"https:\/\/www.bilbao.eus\/aurrerago\/aprobacion_inicial\/pdfs\/NNPP\/08_BASURTO_ZORROTZA\/8_BZ_1._AMB_Y_SUBAMBITOS_A0.3_BASURTO_ZORROZA.pdf\" target=\"_blank\" rel=\"noopener noreferrer\">1.3.- Estado actual. Delimitaci\u00f3n (\u00e1mbitos y sub\u00e1mbitos urban\u00edsticos). (Sureste)\u00a0<\/a><br \/>\n<a href=\"https:\/\/www.bilbao.eus\/aurrerago\/aprobacion_inicial\/pdfs\/NNPP\/08_BASURTO_ZORROTZA\/8_BZ_2._ZON_PORMENORIZADA_A0._2.1.pdf\" target=\"_blank\" rel=\"noopener noreferrer\">2.1.- Zonificaci\u00f3n Pormenorizada. (Noroeste)\u00a0<\/a><br \/>\n<a href=\"https:\/\/www.bilbao.eus\/aurrerago\/aprobacion_inicial\/pdfs\/NNPP\/08_BASURTO_ZORROTZA\/8_BZ_2._ZON_PORMENORIZADA_A0._2.2.pdf\" target=\"_blank\" rel=\"noopener noreferrer\">2.2.- Zonificaci\u00f3n Pormenorizada. (Sur)\u00a0<\/a><br \/>\n<a href=\"https:\/\/www.bilbao.eus\/aurrerago\/aprobacion_inicial\/pdfs\/NNPP\/08_BASURTO_ZORROTZA\/8_BZ_2._ZON_PORMENORIZADA_A0._2.3.pdf\" target=\"_blank\" rel=\"noopener noreferrer\">2.3.- Zonificaci\u00f3n Pormenorizada. (Sureste)\u00a0<\/a><br \/>\n<a href=\"https:\/\/www.bilbao.eus\/aurrerago\/aprobacion_inicial\/pdfs\/NNPP\/08_BASURTO_ZORROTZA\/8_BZ_3._CATEGORIZACION_A0.1_BASURTO_ZORROZA.pdf\" target=\"_blank\" rel=\"noopener noreferrer\">3.1.- Categorizaci\u00f3n del suelo. (Noroeste)\u00a0<\/a><br \/>\n<a href=\"https:\/\/www.bilbao.eus\/aurrerago\/aprobacion_inicial\/pdfs\/NNPP\/08_BASURTO_ZORROTZA\/8_BZ_3._CATEGORIZACION_A0.2_BASURTO_ZORROZA.pdf\" target=\"_blank\" rel=\"noopener noreferrer\">3.2.- Categorizaci\u00f3n del suelo. (Sur)\u00a0<\/a><br \/>\n<a href=\"https:\/\/www.bilbao.eus\/aurrerago\/aprobacion_inicial\/pdfs\/NNPP\/08_BASURTO_ZORROTZA\/8_BZ_3._CATEGORIZACION_A0.3_BASURTO_ZORROZA.pdf\" target=\"_blank\" rel=\"noopener noreferrer\">3.3.- Categorizaci\u00f3n del suelo. (Sureste)\u00a0<\/a><br \/>\n<a href=\"https:\/\/www.bilbao.eus\/aurrerago\/aprobacion_inicial\/pdfs\/NNPP\/08_BASURTO_ZORROTZA\/8_BZ_4._COND_EJECUCION_A0.1_BASURTO_ZORROZA.pdf\" target=\"_blank\" rel=\"noopener noreferrer\">4.1.- Condiciones de ejecuci\u00f3n urban\u00edstica. (Noroeste)\u00a0<\/a><br \/>\n<a href=\"https:\/\/www.bilbao.eus\/aurrerago\/aprobacion_inicial\/pdfs\/NNPP\/08_BASURTO_ZORROTZA\/8_BZ_4._COND_EJECUCION_A0.2_BASURTO_ZORROZA.pdf\" target=\"_blank\" rel=\"noopener noreferrer\">4.2.- Condiciones de ejecuci\u00f3n urban\u00edstica. (Sur)\u00a0<\/a><br \/>\n<a href=\"https:\/\/www.bilbao.eus\/aurrerago\/aprobacion_inicial\/pdfs\/NNPP\/08_BASURTO_ZORROTZA\/8_BZ_4._COND_EJECUCION_A0.3_BASURTO_ZORROZA.pdf\" target=\"_blank\" rel=\"noopener noreferrer\">4.3.- Condiciones de ejecuci\u00f3n urban\u00edstica. (Sureste)<\/a><\/p>\n<p>[\/vc_column_text][\/vc_tta_section][vc_tta_section title=&#8221;09 SUELO NO URBANIZABLE Y OTROS \u00c1MBITOS URBAN\u00cdSTICOS&#8221; tab_id=&#8221;1550506893631-b39cff0d-c6b4&#8243;][vc_column_text]<a href=\"https:\/\/www.bilbao.eus\/aurrerago\/aprobacion_inicial\/pdfs\/NNPP\/SNU\/09_DOC_2.2._NN.PP.SUELO_NO_URBANIZABLE.pdf\" target=\"_blank\" rel=\"noopener noreferrer\">\u00c1MBITOS URBAN\u00cdSTICOS DEL &#8220;SUELO NO URBANIZABLE&#8221;<\/a><\/p>\n<p>PLANOS:<\/p>\n<p style=\"padding-left: 30px\"><a href=\"https:\/\/www.bilbao.eus\/aurrerago\/aprobacion_inicial\/pdfs\/NNPP\/SNU\/9_SNU._PAGASARRI_DELIM_AMBITOS_A0.pdf\" target=\"_blank\" rel=\"noopener noreferrer\">SNU.05.PAGASARRI &#8211; DELIMITACION DE \u00c1MBITOS<\/a><br \/>\n<a href=\"https:\/\/www.bilbao.eus\/aurrerago\/aprobacion_inicial\/pdfs\/NNPP\/SNU\/9_SNU._PAGASARRI_ZON_GLOBAL_A0.pdf\" target=\"_blank\" rel=\"noopener noreferrer\">SNU.05.PAGASARRI &#8211; ZONIFICACI\u00d3N GLOBAL<\/a><\/p>\n<p>[\/vc_column_text][\/vc_tta_section][\/vc_tta_accordion][\/vc_column][\/vc_row]<\/p>\n","protected":false},"excerpt":{"rendered":"<p>[vc_row][vc_column] [vc_cta h2=&#8221;&#8221; add_icon=&#8221;left&#8221; i_type=&#8221;entypo&#8221; i_icon_entypo=&#8221;entypo-icon entypo-icon-info-circled&#8221;]OHARRA: 2019ko otsailaren 28ko osoko bilkuran akordio bidez hasiera batean onartutako Hiri Antolamenduko Plan Orokorrari buruzko euskarazko informazioa datozen egunetan jarriko da.[\/vc_cta] [vc_tta_accordion shape=&#8221;square&#8221; color=&#8221;white&#8221; c_icon=&#8221;triangle&#8221; active_section=&#8221;0&#8243; collapsible_all=&#8221;true&#8221;][vc_tta_section title=&#8221;01 DEUSTO&#8221; tab_id=&#8221;1550505872366-1fdd52e2-831b&#8221;][vc_column_text]\u00c1MBITOS URBAN\u00cdSTICOS DE &#8220;DEUSTO&#8221; PLANOS: 1.1.- Estado actual. Delimitaci\u00f3n (\u00e1mbitos y sub\u00e1mbitos urban\u00edsticos). (Norte) 1.2.- Estado actual. Delimitaci\u00f3n (\u00e1mbitos [&hellip;]<\/p>\n","protected":false},"author":64,"featured_media":11100,"parent":0,"menu_order":0,"comment_status":"closed","ping_status":"closed","template":"","meta":{"footnotes":""},"_links":{"self":[{"href":"https:\/\/pgou.bilbao.eus\/eu\/wp-json\/wp\/v2\/pages\/13179"}],"collection":[{"href":"https:\/\/pgou.bilbao.eus\/eu\/wp-json\/wp\/v2\/pages"}],"about":[{"href":"https:\/\/pgou.bilbao.eus\/eu\/wp-json\/wp\/v2\/types\/page"}],"author":[{"embeddable":true,"href":"https:\/\/pgou.bilbao.eus\/eu\/wp-json\/wp\/v2\/users\/64"}],"replies":[{"embeddable":true,"href":"https:\/\/pgou.bilbao.eus\/eu\/wp-json\/wp\/v2\/comments?post=13179"}],"version-history":[{"count":4,"href":"https:\/\/pgou.bilbao.eus\/eu\/wp-json\/wp\/v2\/pages\/13179\/revisions"}],"predecessor-version":[{"id":13664,"href":"https:\/\/pgou.bilbao.eus\/eu\/wp-json\/wp\/v2\/pages\/13179\/revisions\/13664"}],"wp:featuredmedia":[{"embeddable":true,"href":"https:\/\/pgou.bilbao.eus\/eu\/wp-json\/wp\/v2\/media\/11100"}],"wp:attachment":[{"href":"https:\/\/pgou.bilbao.eus\/eu\/wp-json\/wp\/v2\/media?parent=13179"}],"curies":[{"name":"wp","href":"https:\/\/api.w.org\/{rel}","templated":true}]}}