{"id":13185,"date":"2019-03-03T06:00:59","date_gmt":"2019-03-03T06:00:59","guid":{"rendered":"https:\/\/pgou.bilbao.eus\/eu\/planos-generales\/"},"modified":"2023-04-14T09:39:08","modified_gmt":"2023-04-14T09:39:08","slug":"planos-generales","status":"publish","type":"page","link":"https:\/\/pgou.bilbao.eus\/eu\/planos-generales\/","title":{"rendered":"Planos generales"},"content":{"rendered":"<p>[vc_row][vc_column]<br \/>\n[vc_cta h2=&#8221;&#8221; add_icon=&#8221;left&#8221; i_type=&#8221;entypo&#8221; i_icon_entypo=&#8221;entypo-icon entypo-icon-info-circled&#8221;]<strong>OHARRA:<\/strong> 2019ko otsailaren 28ko osoko bilkuran akordio bidez hasiera batean onartutako Hiri Antolamenduko Plan Orokorrari buruzko euskarazko informazioa datozen egunetan jarriko da.[\/vc_cta]<br \/>\n[vc_column_text]<a href=\"https:\/\/www.bilbao.eus\/aurrerago\/aprobacion_inicial\/pdfs\/PLANOS\/I.1_SITUACION.pdf\" target=\"_blank\" rel=\"noopener noreferrer\">I.1. SITUACION DE BILBAO EN EL \u00c1REA FUNCIONAL DE BILBAO METROPOLITANO<\/a><br \/>\n<a href=\"https:\/\/www.bilbao.eus\/aurrerago\/aprobacion_inicial\/pdfs\/PLANOS\/I.2_DELIM_TERM_MUNI.pdf\" target=\"_blank\" rel=\"noopener noreferrer\">I.2. DELIMITACI\u00d3N DEL T\u00c9RMINO MUNICIPAL. TOPONIMIA<\/a><br \/>\n<a href=\"https:\/\/www.bilbao.eus\/aurrerago\/aprobacion_inicial\/pdfs\/PLANOS\/I.3_AMBITOS_URBANISTICOS.pdf\" target=\"_blank\" rel=\"noopener noreferrer\">I.3. AMBITOS URBANISTICOS<\/a><br \/>\n<a href=\"https:\/\/www.bilbao.eus\/aurrerago\/aprobacion_inicial\/pdfs\/PLANOS\/0_DISTRITOS_AU.pdf\" target=\"_blank\" rel=\"noopener noreferrer\">I.4. \u00c1MBITOS URBAN\u00cdSTICOS <\/a><br \/>\n<a href=\"https:\/\/www.bilbao.eus\/aurrerago\/aprobacion_inicial\/pdfs\/PLANOS\/1_CONJUNTO_SUBAMBITOS_A0.pdf\" target=\"_blank\" rel=\"noopener noreferrer\">I.5. ESTADO ACTUAL. DELIMITACI\u00d3N DE \u00c1MBITOS Y SUB\u00c1MBITOS <\/a><br \/>\n<a href=\"https:\/\/www.bilbao.eus\/aurrerago\/aprobacion_inicial\/pdfs\/PLANOS\/II.1_ZON_GLOB_(SNU).pdf\" target=\"_blank\" rel=\"noopener noreferrer\">II.1. ZONIFICACI\u00d3N GLOBAL (SUELO NO URBANIZABLE)<\/a><br \/>\n<a href=\"https:\/\/www.bilbao.eus\/aurrerago\/aprobacion_inicial\/pdfs\/PLANOS\/II.2_ZON_GLOB_SOBRE_RAS_(MEDIO_URBANO).pdf\" target=\"_blank\" rel=\"noopener noreferrer\">II.2. ZONIFICACION GLOBAL: SUELOS URBANO Y URBANIZABLE (Y SISTEMA GENERAL DE ESPACIOS LIBRES EN EL SUELO NO URBANIZABLE)<\/a><br \/>\n<a href=\"https:\/\/www.bilbao.eus\/aurrerago\/aprobacion_inicial\/pdfs\/PLANOS\/II.3_ZON_GLOB_BAJO_RAS_(MEDIO_URBANO).pdf\" target=\"_blank\" rel=\"noopener noreferrer\">II.3. ZONIFICACI\u00d3N GLOBAL BAJO RASANTE Y\/U OTROS ELEMENTOS<\/a><br \/>\n<a href=\"https:\/\/www.bilbao.eus\/aurrerago\/aprobacion_inicial\/pdfs\/PLANOS\/II.4_CLASIF_SUELO.pdf\" target=\"_blank\" rel=\"noopener noreferrer\">II.4. CLASIFICACI\u00d3N DEL SUELO<\/a><br \/>\n<a href=\"https:\/\/www.bilbao.eus\/aurrerago\/aprobacion_inicial\/pdfs\/PLANOS\/2_CONJUNTO_PORMENORIZADA_A0_REDUCIDO.pdf\" target=\"_blank\" rel=\"noopener noreferrer\">II.5. ZONIFICACI\u00d3N PORMENORIZADA<\/a><br \/>\n<a href=\"https:\/\/www.bilbao.eus\/aurrerago\/aprobacion_inicial\/pdfs\/PLANOS\/3_CONJUNTO_CATEGORIZACION_A0_2.pdf\" target=\"_blank\" rel=\"noopener noreferrer\">II.6. CATEGORIZACI\u00d3N DEL SUELO URBANO<\/a><br \/>\n<a href=\"https:\/\/www.bilbao.eus\/aurrerago\/aprobacion_inicial\/pdfs\/PLANOS\/4_CONJUNTO_COND_EJECUCION_A0.pdf\" target=\"_blank\" rel=\"noopener noreferrer\">II.7. CONDICIONES DE EJECUCI\u00d3N URBAN\u00cdSTICA<\/a><br \/>\n<a href=\"https:\/\/www.bilbao.eus\/aurrerago\/aprobacion_inicial\/pdfs\/PLANOS\/III.1_SIST_MOVILIDAD.pdf\" target=\"_blank\" rel=\"noopener noreferrer\">III.1. SISTEMA DE MOVILIDAD<\/a><br \/>\n<a href=\"https:\/\/www.bilbao.eus\/aurrerago\/aprobacion_inicial\/pdfs\/PLANOS\/III.2.1_RED_ABASTECIMIENTO.pdf\" target=\"_blank\" rel=\"noopener noreferrer\">III.2.1. RINFRAESTRUCTURAS DE SERVICIOS URBANOS &#8211; ESQUEMA DE RED DE ABASTECIMIENTO DE AGUA<\/a><br \/>\n<a href=\"https:\/\/www.bilbao.eus\/aurrerago\/aprobacion_inicial\/pdfs\/PLANOS\/III.2.2_RED_SANEAMIENTO_(PLUVIALES).pdf\" target=\"_blank\" rel=\"noopener noreferrer\">III.2.2. INFRAESTRUCTURAS DE SERVICIOS URBANOS &#8211; ESQUEMA DE RED DE SANEAMIENTO (PLUVIALES Y UNITARIO)<\/a><br \/>\n<a href=\"https:\/\/www.bilbao.eus\/aurrerago\/aprobacion_inicial\/pdfs\/PLANOS\/III.2.3_RED_SANEAMIENTO_(FECALES).pdf\" target=\"_blank\" rel=\"noopener noreferrer\">III.2.3. INFRAESTRUCTURAS DE SERVICIOS URBANOS &#8211; ESQUEMA DE RED DE SANEAMIENTO (FECALES Y UNITARIO)<\/a><br \/>\n<a href=\"https:\/\/www.bilbao.eus\/aurrerago\/aprobacion_inicial\/pdfs\/PLANOS\/III.2.4_RED_ENERGIA_ELECTRICA.pdf\" target=\"_blank\" rel=\"noopener noreferrer\">III.2.4. INFRAESTRUCTURAS DE SERVICIOS URBANOS &#8211; ESQUEMA DE RED DE ENERG\u00cdA EL\u00c9CTRICA<\/a><br \/>\n<a href=\"https:\/\/www.bilbao.eus\/aurrerago\/aprobacion_inicial\/pdfs\/PLANOS\/III.2.5_RED_DE_GAS.pdf\" target=\"_blank\" rel=\"noopener noreferrer\">III.2.5. INFRAESTRUCTURAS DE SERVICIOS URBANOS &#8211; ESQUEMA DE RED DE GAS<\/a><br \/>\n<a href=\"https:\/\/www.bilbao.eus\/aurrerago\/aprobacion_inicial\/pdfs\/PLANOS\/IV.AR_CATALOGO_ARQUEOLOGIA.pdf\" target=\"_blank\" rel=\"noopener noreferrer\">IV.AR. CAT\u00c1LOGO DEL PATRIMONIO URBAN\u00cdSTICO Y ARQUEOL\u00d3GICO &#8211; ZONAS DE PROTECCI\u00d3N ARQUEOL\u00d3GICA<\/a><br \/>\n<a href=\"https:\/\/www.bilbao.eus\/aurrerago\/aprobacion_inicial\/pdfs\/PLANOS\/IV.CIA_CATALOGO_CONJUNTOS.pdf\" target=\"_blank\" rel=\"noopener noreferrer\">IV.CIA CAT\u00c1LOGO DEL PATRIMONIO URBAN\u00cdSTICO Y ARQUEOL\u00d3GICO &#8211; PROTECCI\u00d3N CONJUNTOS DE INTER\u00c9S ARQUITECT\u00d3NICO AMBIENTAL<\/a><br \/>\n<a href=\"https:\/\/www.bilbao.eus\/aurrerago\/aprobacion_inicial\/pdfs\/PLANOS\/IV.E_1.1_CATALOGO_EDIFICIOS.pdf\" target=\"_blank\" rel=\"noopener noreferrer\">IV.E-1.1. CAT\u00c1LOGO DEL PATRIMONIO URBAN\u00cdSTICO Y ARQUEOL\u00d3GICO &#8211; PROTECCI\u00d3N PATRIMONIO EDIFICADO &#8211; DEUSTO (Norte)<\/a><br \/>\n<a href=\"https:\/\/www.bilbao.eus\/aurrerago\/aprobacion_inicial\/pdfs\/PLANOS\/IV.E_1.2_CATALOGO_EDIFICIOS.pdf\" target=\"_blank\" rel=\"noopener noreferrer\">IV.E-1.2. CAT\u00c1LOGO DEL PATRIMONIO URBAN\u00cdSTICO Y ARQUEOL\u00d3GICO &#8211; PROTECCI\u00d3N PATRIMONIO EDIFICADO &#8211; DEUSTO (Sur)<\/a><br \/>\n<a href=\"https:\/\/www.bilbao.eus\/aurrerago\/aprobacion_inicial\/pdfs\/PLANOS\/IV.E_2.1_CATALOGO_EDIFICIOS.pdf\" target=\"_blank\" rel=\"noopener noreferrer\">IV.E-2.1. CAT\u00c1LOGO DEL PATRIMONIO URBAN\u00cdSTICO Y ARQUEOL\u00d3GICO &#8211; PROTECCI\u00d3N PATRIMONIO EDIFICADO &#8211; URIBARRI (Oeste)<\/a><br \/>\n<a href=\"https:\/\/www.bilbao.eus\/aurrerago\/aprobacion_inicial\/pdfs\/PLANOS\/IV.E_2.2_CATALOGO_EDIFICIOS.pdf\" target=\"_blank\" rel=\"noopener noreferrer\">IV.E-2.2. CAT\u00c1LOGO DEL PATRIMONIO URBAN\u00cdSTICO Y ARQUEOL\u00d3GICO &#8211; PROTECCI\u00d3N PATRIMONIO EDIFICADO &#8211; URIBARRI (Este)<\/a><br \/>\n<a href=\"https:\/\/www.bilbao.eus\/aurrerago\/aprobacion_inicial\/pdfs\/PLANOS\/IV.E_3_CATALOGO_EDIFICIOS.pdf\" target=\"_blank\" rel=\"noopener noreferrer\">IV.E-3. CAT\u00c1LOGO DEL PATRIMONIO URBAN\u00cdSTICO Y ARQUEOL\u00d3GICO &#8211; PROTECCI\u00d3N PATRIMONIO EDIFICADO &#8211; OTXARKOAGA &#8211; TXURDINAGA<\/a><br \/>\n<a href=\"https:\/\/www.bilbao.eus\/aurrerago\/aprobacion_inicial\/pdfs\/PLANOS\/IV.E_4_CATALOGO_EDIFICIOS.pdf\" target=\"_blank\" rel=\"noopener noreferrer\">IV.E-4. CAT\u00c1LOGO DEL PATRIMONIO URBAN\u00cdSTICO Y ARQUEOL\u00d3GICO &#8211; PROTECCI\u00d3N PATRIMONIO EDIFICADO &#8211; BEGO\u00d1A<\/a><br \/>\n<a href=\"https:\/\/www.bilbao.eus\/aurrerago\/aprobacion_inicial\/pdfs\/PLANOS\/IV.E_5.1_CATALOGO_EDIFICIOS.pdf\" target=\"_blank\" rel=\"noopener noreferrer\">IV.E-5.1. CAT\u00c1LOGO DEL PATRIMONIO URBAN\u00cdSTICO Y ARQUEOL\u00d3GICO &#8211; PROTECCI\u00d3N PATRIMONIO EDIFICADO &#8211; IBAIONDO (Norte)<\/a><br \/>\n<a href=\"https:\/\/www.bilbao.eus\/aurrerago\/aprobacion_inicial\/pdfs\/PLANOS\/IV.E_5.2_CATALOGO_EDIFICIOS.pdf\" target=\"_blank\" rel=\"noopener noreferrer\">IV.E-5.2. CAT\u00c1LOGO DEL PATRIMONIO URBAN\u00cdSTICO Y ARQUEOL\u00d3GICO &#8211; PROTECCI\u00d3N PATRIMONIO EDIFICADO &#8211; IBAIONDO (Sur)<\/a><br \/>\n<a href=\"https:\/\/www.bilbao.eus\/aurrerago\/aprobacion_inicial\/pdfs\/PLANOS\/IV.E_6_CATALOGO_EDIFICIOS.pdf\" target=\"_blank\" rel=\"noopener noreferrer\">IV.E-6. CAT\u00c1LOGO DEL PATRIMONIO URBAN\u00cdSTICO Y ARQUEOL\u00d3GICO &#8211; PROTECCI\u00d3N PATRIMONIO EDIFICADO &#8211; ABANDO<\/a><br \/>\n<a href=\"https:\/\/www.bilbao.eus\/aurrerago\/aprobacion_inicial\/pdfs\/PLANOS\/IV.E_7_CATALOGO_EDIFICIOS.pdf\" target=\"_blank\" rel=\"noopener noreferrer\">IV.E-7. CAT\u00c1LOGO DEL PATRIMONIO URBAN\u00cdSTICO Y ARQUEOL\u00d3GICO &#8211; PROTECCI\u00d3N PATRIMONIO EDIFICADO &#8211; REKALDE<\/a><br \/>\n<a href=\"https:\/\/www.bilbao.eus\/aurrerago\/aprobacion_inicial\/pdfs\/PLANOS\/IV.E_8.1_CATALOGO_EDIFICIOS.pdf\" target=\"_blank\" rel=\"noopener noreferrer\">IV.E-8.1. CAT\u00c1LOGO DEL PATRIMONIO URBAN\u00cdSTICO Y ARQUEOL\u00d3GICO &#8211; PROTECCI\u00d3N PATRIMONIO EDIFICADO &#8211; BASURTO-ZORROZA (Noroeste)<\/a><br \/>\n<a href=\"https:\/\/www.bilbao.eus\/aurrerago\/aprobacion_inicial\/pdfs\/PLANOS\/IV.E_8.2_CATALOGO_EDIFICIOS.pdf\" target=\"_blank\" rel=\"noopener noreferrer\">IV.E-8.2. CAT\u00c1LOGO DEL PATRIMONIO URBAN\u00cdSTICO Y ARQUEOL\u00d3GICO &#8211; PROTECCI\u00d3N PATRIMONIO EDIFICADO &#8211; BASURTO-ZORROZA (Sur)<\/a><br \/>\n<a href=\"https:\/\/www.bilbao.eus\/aurrerago\/aprobacion_inicial\/pdfs\/PLANOS\/IV.E_8.3_CATALOGO_EDIFICIOS.pdf\" target=\"_blank\" rel=\"noopener noreferrer\">IV.E-8.3. CAT\u00c1LOGO DEL PATRIMONIO URBAN\u00cdSTICO Y ARQUEOL\u00d3GICO &#8211; PROTECCI\u00d3N PATRIMONIO EDIFICADO &#8211; BASURTO-ZORROZA (Sureste)<\/a><br \/>\n<a href=\"https:\/\/www.bilbao.eus\/aurrerago\/aprobacion_inicial\/pdfs\/PLANOS\/IV.EL_CATALOGO_ELEMENTOS.pdf\" target=\"_blank\" rel=\"noopener noreferrer\">IV.EL. CAT\u00c1LOGO DEL PATRIMONIO URBAN\u00cdSTICO Y ARQUEOL\u00d3GICO &#8211; PROTECCI\u00d3N ELEMENTOS (NO EDIFICACIONES)<\/a><br \/>\n<a href=\"https:\/\/www.bilbao.eus\/aurrerago\/aprobacion_inicial\/pdfs\/PLANOS\/IV.LOC_CATALOGO_INTERIORES.pdf\" target=\"_blank\" rel=\"noopener noreferrer\">IV.LOC. CAT\u00c1LOGO DEL PATRIMONIO URBAN\u00cdSTICO Y ARQUEOL\u00d3GICO &#8211; PROTECCI\u00d3N LOCALES INTERIORES<\/a><br \/>\n<a href=\"https:\/\/www.bilbao.eus\/aurrerago\/aprobacion_inicial\/pdfs\/PLANOS\/IV.MIR_1_CATALOGO_MIRADORES.pdf\" target=\"_blank\" rel=\"noopener noreferrer\">IV.MIR-1. CAT\u00c1LOGO DEL PATRIMONIO URBAN\u00cdSTICO Y ARQUEOL\u00d3GICO &#8211; PROTECCI\u00d3N MIRADORES DE MADERA &#8211; DEUSTO &#8211; BASURTO-ZORROZA<\/a><br \/>\n<a href=\"https:\/\/www.bilbao.eus\/aurrerago\/aprobacion_inicial\/pdfs\/PLANOS\/IV.MIR_2_CATALOGO_MIRADORES.pdf\" target=\"_blank\" rel=\"noopener noreferrer\">IV.MIR-2. CAT\u00c1LOGO DEL PATRIMONIO URBAN\u00cdSTICO Y ARQUEOL\u00d3GICO &#8211; PROTECCI\u00d3N MIRADORES DE MADERA &#8211; URIBARRI &#8211; ABANDO &#8211; BEGO\u00d1A &#8211; REKALDE<\/a><br \/>\n<a href=\"https:\/\/www.bilbao.eus\/aurrerago\/aprobacion_inicial\/pdfs\/PLANOS\/V.1_CONDICIONANTES_SUPERPUESTOS_I.pdf\" target=\"_blank\" rel=\"noopener noreferrer\">V.1. CONDICIONANTES SUPERPUESTOS (I)<\/a><br \/>\n<a href=\"https:\/\/www.bilbao.eus\/aurrerago\/aprobacion_inicial\/pdfs\/PLANOS\/V.2_CONDICIONANTES_SUPERPUESTOS_II.pdf\" target=\"_blank\" rel=\"noopener noreferrer\">V.2. CONDICIONANTES SUPERPUESTOS (II)<\/a><br \/>\n<a href=\"https:\/\/www.bilbao.eus\/aurrerago\/aprobacion_inicial\/pdfs\/PLANOS\/V.3_CONDICIONANTES_SUPERPUESTOS_III.pdf\" target=\"_blank\" rel=\"noopener noreferrer\">V.3. CONDICIONANTES SUPERPUESTOS (III)<\/a><br \/>\n<a href=\"https:\/\/www.bilbao.eus\/aurrerago\/aprobacion_inicial\/pdfs\/PLANOS\/V.4_CONDICIONANTES_SUPERPUESTOS_IV.pdf\" target=\"_blank\" rel=\"noopener noreferrer\">V.4. CONDICIONANTES SUPERPUESTOS (IV)<\/a>[\/vc_column_text][\/vc_column][\/vc_row]<\/p>\n","protected":false},"excerpt":{"rendered":"<p>[vc_row][vc_column] [vc_cta h2=&#8221;&#8221; add_icon=&#8221;left&#8221; i_type=&#8221;entypo&#8221; i_icon_entypo=&#8221;entypo-icon entypo-icon-info-circled&#8221;]OHARRA: 2019ko otsailaren 28ko osoko bilkuran akordio bidez hasiera batean onartutako Hiri Antolamenduko Plan Orokorrari buruzko euskarazko informazioa datozen egunetan jarriko da.[\/vc_cta] [vc_column_text]I.1. SITUACION DE BILBAO EN EL \u00c1REA FUNCIONAL DE BILBAO METROPOLITANO I.2. DELIMITACI\u00d3N DEL T\u00c9RMINO MUNICIPAL. TOPONIMIA I.3. AMBITOS URBANISTICOS I.4. \u00c1MBITOS URBAN\u00cdSTICOS I.5. ESTADO ACTUAL. DELIMITACI\u00d3N [&hellip;]<\/p>\n","protected":false},"author":64,"featured_media":11100,"parent":0,"menu_order":0,"comment_status":"closed","ping_status":"closed","template":"","meta":{"footnotes":""},"_links":{"self":[{"href":"https:\/\/pgou.bilbao.eus\/eu\/wp-json\/wp\/v2\/pages\/13185"}],"collection":[{"href":"https:\/\/pgou.bilbao.eus\/eu\/wp-json\/wp\/v2\/pages"}],"about":[{"href":"https:\/\/pgou.bilbao.eus\/eu\/wp-json\/wp\/v2\/types\/page"}],"author":[{"embeddable":true,"href":"https:\/\/pgou.bilbao.eus\/eu\/wp-json\/wp\/v2\/users\/64"}],"replies":[{"embeddable":true,"href":"https:\/\/pgou.bilbao.eus\/eu\/wp-json\/wp\/v2\/comments?post=13185"}],"version-history":[{"count":4,"href":"https:\/\/pgou.bilbao.eus\/eu\/wp-json\/wp\/v2\/pages\/13185\/revisions"}],"predecessor-version":[{"id":13660,"href":"https:\/\/pgou.bilbao.eus\/eu\/wp-json\/wp\/v2\/pages\/13185\/revisions\/13660"}],"wp:featuredmedia":[{"embeddable":true,"href":"https:\/\/pgou.bilbao.eus\/eu\/wp-json\/wp\/v2\/media\/11100"}],"wp:attachment":[{"href":"https:\/\/pgou.bilbao.eus\/eu\/wp-json\/wp\/v2\/media?parent=13185"}],"curies":[{"name":"wp","href":"https:\/\/api.w.org\/{rel}","templated":true}]}}