{"id":13196,"date":"2019-03-03T06:00:12","date_gmt":"2019-03-03T06:00:12","guid":{"rendered":"https:\/\/pgou.bilbao.eus\/eu\/memorias\/"},"modified":"2023-04-14T09:34:22","modified_gmt":"2023-04-14T09:34:22","slug":"memorias","status":"publish","type":"page","link":"https:\/\/pgou.bilbao.eus\/eu\/memorias\/","title":{"rendered":"Memorias"},"content":{"rendered":"<p>[vc_row][vc_column]<br \/>\n[vc_cta h2=&#8221;&#8221; add_icon=&#8221;left&#8221; i_type=&#8221;entypo&#8221; i_icon_entypo=&#8221;entypo-icon entypo-icon-info-circled&#8221;]<strong>OHARRA:<\/strong> 2019ko otsailaren 28ko osoko bilkuran akordio bidez hasiera batean onartutako Hiri Antolamenduko Plan Orokorrari buruzko euskarazko informazioa datozen egunetan jarriko da.[\/vc_cta]<br \/>\n[vc_column_text]<\/p>\n<ul>\n<li><a href=\"https:\/\/www.bilbao.eus\/aurrerago\/aprobacion_inicial\/pdfs\/memorias\/2018_064662_ACU_REVISION_PGOU.pdf\" target=\"_blank\" rel=\"noopener noreferrer\">Informe de elevaci\u00f3n al Pleno del Acuerdo de Aprobaci\u00f3n Inicial <\/a><\/li>\n<li><a href=\"https:\/\/www.bilbao.eus\/aurrerago\/aprobacion_inicial\/pdfs\/memorias\/INFORME_TECNICO.pdf\" target=\"_blank\" rel=\"noopener noreferrer\">Informe t\u00e9cnico de la Oficina del Plan General <\/a>\n<ul>\n<li><a href=\"https:\/\/www.bilbao.eus\/aurrerago\/aprobacion_inicial\/pdfs\/memorias\/SEPARATA_1.pdf\" target=\"_blank\" rel=\"noopener noreferrer\">Separata n\u00ba1: R\u00e9gimen Urban\u00edstico del Sub\u00e1mbito &#8220;UR.02.5 Siervas de Mar\u00eda&#8221;<\/a><\/li>\n<li><a href=\"https:\/\/www.bilbao.eus\/aurrerago\/aprobacion_inicial\/pdfs\/memorias\/SEPARATA_2.pdf\" target=\"_blank\" rel=\"noopener noreferrer\">Separata n\u00ba2: Delimitaci\u00f3n del nuevo Sub\u00e1mbito &#8220;AB.01.1 (Entorno Palacio Euskalduna)&#8221;<\/a><\/li>\n<li><a href=\"https:\/\/www.bilbao.eus\/aurrerago\/aprobacion_inicial\/pdfs\/memorias\/SEPARATA_3.pdf\" target=\"_blank\" rel=\"noopener noreferrer\">Separata n\u00ba3: Cuadro 18 &#8220;Propuestas de vinculaci\u00f3n de los nuevos espacios libres generales (SG) a los nuevos desarrollos urban\u00edsticos planteados&#8221;<\/a><\/li>\n<li><a href=\"https:\/\/www.bilbao.eus\/aurrerago\/aprobacion_inicial\/pdfs\/memorias\/SEPARATA_4.pdf\" target=\"_blank\" rel=\"noopener noreferrer\">Separata n\u00ba4: Cuadro 19 &#8220;Propuestas de vinculaci\u00f3n de los nuevos espacios libres locales a los nuevos desarrollos urban\u00edsticos planteados&#8221;<\/a><\/li>\n<\/ul>\n<\/li>\n<li><a href=\"https:\/\/www.bilbao.eus\/aurrerago\/aprobacion_inicial\/pdfs\/memorias\/1.1_MEMO_ORDENACION_Y_ESTANDARES.pdf\" target=\"_blank\" rel=\"noopener noreferrer\">MEMORIA JUSTIFICATIVA DE LA ORDENACI\u00d3N URBAN\u00cdSTICA Y DE SU EJECUCI\u00d3N <\/a><\/li>\n<li><a href=\"https:\/\/www.bilbao.eus\/aurrerago\/aprobacion_inicial\/pdfs\/memorias\/1.2_MEMO_ORDENACION_Y_ESTANDARES.pdf\" target=\"_blank\" rel=\"noopener noreferrer\">MEMORIA JUSTIFICATIVA DEL CUMPLIMIENTO DE LOS EST\u00c1NDARES REGULADORES DE LA EDIFICABILIDAD URBAN\u00cdSTICA M\u00c1XIMA Y M\u00cdNIMA, Y DE LA ADECUACI\u00d3N DEL PLAN GENERAL AL PLANEAMIENTO TERRITORIAL VIGENTE<\/a><\/li>\n<li><a href=\"https:\/\/www.bilbao.eus\/aurrerago\/aprobacion_inicial\/pdfs\/memorias\/DOC_1.3_MEMO._AMBIENTAL.pdf\" target=\"_blank\" rel=\"noopener noreferrer\">INFORME DE SOSTENIBILIDAD AMBIENTAL. ESTUDIO AMBIENTAL ESTRAT\u00c9GICO <\/a>(<a href=\"http:\/\/www.bilbao.eus\/aurrerago\/aprobacion_inicial\/pdfs\/memorias\/DOC_1.3_MEMO._AMBIENTAL_ANEXOS.pdf\" target=\"_blank\" rel=\"noopener noreferrer\">Anexos<\/a>)<\/li>\n<li><a href=\"https:\/\/www.bilbao.eus\/aurrerago\/aprobacion_inicial\/pdfs\/memorias\/1.4_MEMO._GENERO_LING_AERO.pdf\" target=\"_blank\" rel=\"noopener noreferrer\">EVALUACI\u00d3N DEL IMPACTO DE G\u00c9NERO <\/a><\/li>\n<li><a href=\"https:\/\/www.bilbao.eus\/aurrerago\/aprobacion_inicial\/pdfs\/memorias\/1.5_MEMO._GENERO_LING_AERO.pdf\" target=\"_blank\" rel=\"noopener noreferrer\">EVALUACI\u00d3N DEL IMPACTO LING\u00dc\u00cdSTICO <\/a><\/li>\n<li><a href=\"https:\/\/www.bilbao.eus\/aurrerago\/aprobacion_inicial\/pdfs\/memorias\/1.6_MEMO._GENERO_LING_AERO.pdf\" target=\"_blank\" rel=\"noopener noreferrer\">CUMPLIMIENTO DE AFECCIONES AEROPORTUARIA <\/a><\/li>\n<li><a href=\"https:\/\/www.bilbao.eus\/aurrerago\/aprobacion_inicial\/pdfs\/memorias\/3.1_ESTUDIO_ECONOMICO_3.pdf\" target=\"_blank\" rel=\"noopener noreferrer\">ESTUDIO DE VIABILIDAD ECON\u00d3MICA <\/a><\/li>\n<li><a href=\"https:\/\/www.bilbao.eus\/aurrerago\/aprobacion_inicial\/pdfs\/memorias\/3.2_ESTUDIO_ECONOMICO_2.pdf\" target=\"_blank\" rel=\"noopener noreferrer\">MEMORIA DE SOSTENIBILIDAD ECON\u00d3MICA <\/a><\/li>\n<li><a href=\"https:\/\/www.bilbao.eus\/aurrerago\/aprobacion_inicial\/pdfs\/memorias\/3.3._ESTUDIO_ECONOMICO.pdf\" target=\"_blank\" rel=\"noopener noreferrer\">PROGRAMA DE ACTUACI\u00d3N <\/a><\/li>\n<li><a href=\"https:\/\/www.bilbao.eus\/aurrerago\/aprobacion_inicial\/pdfs\/memorias\/DOC_5_RESUMEN_EJECUTIVO.pdf\" target=\"_blank\" rel=\"noopener noreferrer\">RESUMEN EJECUTIVO <\/a><\/li>\n<\/ul>\n<p>[\/vc_column_text][\/vc_column][\/vc_row]<\/p>\n","protected":false},"excerpt":{"rendered":"<p>[vc_row][vc_column] [vc_cta h2=&#8221;&#8221; add_icon=&#8221;left&#8221; i_type=&#8221;entypo&#8221; i_icon_entypo=&#8221;entypo-icon entypo-icon-info-circled&#8221;]OHARRA: 2019ko otsailaren 28ko osoko bilkuran akordio bidez hasiera batean onartutako Hiri Antolamenduko Plan Orokorrari buruzko euskarazko informazioa datozen egunetan jarriko da.[\/vc_cta] [vc_column_text] Informe de elevaci\u00f3n al Pleno del Acuerdo de Aprobaci\u00f3n Inicial Informe t\u00e9cnico de la Oficina del Plan General Separata n\u00ba1: R\u00e9gimen Urban\u00edstico del Sub\u00e1mbito &#8220;UR.02.5 Siervas [&hellip;]<\/p>\n","protected":false},"author":64,"featured_media":11100,"parent":0,"menu_order":0,"comment_status":"closed","ping_status":"closed","template":"","meta":{"footnotes":""},"_links":{"self":[{"href":"https:\/\/pgou.bilbao.eus\/eu\/wp-json\/wp\/v2\/pages\/13196"}],"collection":[{"href":"https:\/\/pgou.bilbao.eus\/eu\/wp-json\/wp\/v2\/pages"}],"about":[{"href":"https:\/\/pgou.bilbao.eus\/eu\/wp-json\/wp\/v2\/types\/page"}],"author":[{"embeddable":true,"href":"https:\/\/pgou.bilbao.eus\/eu\/wp-json\/wp\/v2\/users\/64"}],"replies":[{"embeddable":true,"href":"https:\/\/pgou.bilbao.eus\/eu\/wp-json\/wp\/v2\/comments?post=13196"}],"version-history":[{"count":10,"href":"https:\/\/pgou.bilbao.eus\/eu\/wp-json\/wp\/v2\/pages\/13196\/revisions"}],"predecessor-version":[{"id":13656,"href":"https:\/\/pgou.bilbao.eus\/eu\/wp-json\/wp\/v2\/pages\/13196\/revisions\/13656"}],"wp:featuredmedia":[{"embeddable":true,"href":"https:\/\/pgou.bilbao.eus\/eu\/wp-json\/wp\/v2\/media\/11100"}],"wp:attachment":[{"href":"https:\/\/pgou.bilbao.eus\/eu\/wp-json\/wp\/v2\/media?parent=13196"}],"curies":[{"name":"wp","href":"https:\/\/api.w.org\/{rel}","templated":true}]}}