{"id":13389,"date":"2020-02-05T11:16:57","date_gmt":"2020-02-05T11:16:57","guid":{"rendered":"https:\/\/pgou.bilbao.eus\/eu\/?page_id=13389"},"modified":"2021-01-07T18:11:50","modified_gmt":"2021-01-07T18:11:50","slug":"indice-completo-de-documentos","status":"publish","type":"page","link":"https:\/\/pgou.bilbao.eus\/eu\/indice-completo-de-documentos\/","title":{"rendered":"\u00cdndice completo de documentos"},"content":{"rendered":"<p>[vc_row][vc_column] [vc_column_text]<\/p>\n<ul>\n<li>MEMORIAS\n<ul>\n<li>MEMORIA JUSTIFICATIVA DE LA ORDENACI\u00d3N URBAN\u00cdSTICA Y DE SU EJECUCI\u00d3N<\/li>\n<li>MEMORIA JUSTIFICATIVA DEL CUMPLIMIENTO DE LOS EST\u00c1NDARES REGULADORES DE LA EDIFICABILIDAD URBAN\u00cdSTICA M\u00c1XIMA Y M\u00cdNIMA, Y DE LA ADECUACI\u00d3N DEL PLAN GENERAL AL PLANEAMIENTO TERRITORIAL VIGENTE<\/li>\n<li>INFORME DE SOSTENIBILIDAD AMBIENTAL. ESTUDIO AMBIENTAL ESTRAT\u00c9GICO<\/li>\n<li>EVALUACI\u00d3N DEL IMPACTO DE G\u00c9NERO<\/li>\n<li>EVALUACI\u00d3N DEL IMPACTO LING\u00dc\u00cdSTICO<\/li>\n<li>CUMPLIMIENTO DE AFECCIONES AEROPORTUARIA<\/li>\n<li>ESTUDIO DE VIABILIDAD ECON\u00d3MICA<\/li>\n<li>MEMORIA DE SOSTENIBILIDAD ECON\u00d3MICA<\/li>\n<li>PROGRAMA DE ACTUACI\u00d3N<\/li>\n<li>RESUMEN EJECUTIVO<\/li>\n<\/ul>\n<\/li>\n<li>Normativa urban\u00edstica general\n<ul>\n<li>NORMAS URBAN\u00cdSTICAS GENERALES<\/li>\n<li>CAT\u00c1LOGO<\/li>\n<\/ul>\n<\/li>\n<li>Planos generales\n<ul>\n<li>I.1. SITUACION DE BILBAO EN EL \u00c1REA FUNCIONAL DE BILBAO METROPOLITANO<\/li>\n<li>I.2. DELIMITACI\u00d3N DEL T\u00c9RMINO MUNICIPAL. TOPONIMIA<\/li>\n<li>I.3. AMBITOS URBANISTICOS<\/li>\n<li>II.1. ZONIFICACI\u00d3N GLOBAL (SUELO NO URBANIZABLE)<\/li>\n<li>II.2. ZONIFICACION GLOBAL: SUELOS URBANO Y URBANIZABLE (Y SISTEMA GENERAL DE ESPACIOS LIBRES EN EL SUELO NO URBANIZABLE)<\/li>\n<li>II.3. ZONIFICACI\u00d3N GLOBAL BAJO RASANTE Y\/U OTROS ELEMENTOS<\/li>\n<li>II.4. CLASIFICACI\u00d3N DEL SUELO<\/li>\n<li>III.1. SISTEMA DE MOVILIDAD<\/li>\n<li>III.2.1. INFRAESTRUCTURAS DE SERVICIOS URBANOS &#8211; ESQUEMA DE RED DE ABASTECIMIENTO DE AGUA<\/li>\n<li>III.2.2. INFRAESTRUCTURAS DE SERVICIOS URBANOS &#8211; ESQUEMA DE RED DE SANEAMIENTO (PLUVIALES Y UNITARIO)<\/li>\n<li>III.2.3. INFRAESTRUCTURAS DE SERVICIOS URBANOS &#8211; ESQUEMA DE RED DE SANEAMIENTO (FECALES Y UNITARIO)<\/li>\n<li>III.2.4. INFRAESTRUCTURAS DE SERVICIOS URBANOS &#8211; ESQUEMA DE RED DE ENERG\u00cdA EL\u00c9CTRICA<\/li>\n<li>III.2.5. INFRAESTRUCTURAS DE SERVICIOS URBANOS &#8211; ESQUEMA DE RED DE GAS<\/li>\n<li>IV.1.1. CAT\u00c1LOGO DEL PATRIMONIO URBAN\u00cdSTICO Y ARQUEOL\u00d3GICO \u2013 PROTECCI\u00d3N PATRIMONIO EDIFICADO<\/li>\n<li>IV.1.2. CAT\u00c1LOGO DEL PATRIMONIO URBAN\u00cdSTICO Y ARQUEOL\u00d3GICO \u2013 PROTECCI\u00d3N PATRIMONIO EDIFICADO \u2013 DEUSTO<\/li>\n<li>IV.1.3. CAT\u00c1LOGO DEL PATRIMONIO URBAN\u00cdSTICO Y ARQUEOL\u00d3GICO \u2013 PROTECCI\u00d3N PATRIMONIO EDIFICADO \u2013 URIBARRI<\/li>\n<li>IV.1.4. CAT\u00c1LOGO DEL PATRIMONIO URBAN\u00cdSTICO Y ARQUEOL\u00d3GICO \u2013 PROTECCI\u00d3N PATRIMONIO EDIFICADO \u2013 OTXARKOAGA \u2013 TXURDINAGA<\/li>\n<li>IV.1.5. CAT\u00c1LOGO DEL PATRIMONIO URBAN\u00cdSTICO Y ARQUEOL\u00d3GICO \u2013 PROTECCI\u00d3N PATRIMONIO EDIFICADO \u2013 BEGO\u00d1A<\/li>\n<li>IV.1.6. CAT\u00c1LOGO DEL PATRIMONIO URBAN\u00cdSTICO Y ARQUEOL\u00d3GICO \u2013 PROTECCI\u00d3N PATRIMONIO EDIFICADO \u2013 IBAIONDO<\/li>\n<li>IV.1.7. CAT\u00c1LOGO DEL PATRIMONIO URBAN\u00cdSTICO Y ARQUEOL\u00d3GICO \u2013 PROTECCI\u00d3N PATRIMONIO EDIFICADO \u2013 ABANDO<\/li>\n<li>IV.1.8. CAT\u00c1LOGO DEL PATRIMONIO URBAN\u00cdSTICO Y ARQUEOL\u00d3GICO \u2013 PROTECCI\u00d3N PATRIMONIO EDIFICADO \u2013 REKALDE<\/li>\n<li>IV.1.9. CAT\u00c1LOGO DEL PATRIMONIO URBAN\u00cdSTICO Y ARQUEOL\u00d3GICO \u2013 PROTECCI\u00d3N PATRIMONIO EDIFICADO \u2013 BASURTO-ZORROZA<\/li>\n<li>IV.2. CAT\u00c1LOGO DEL PATRIMONIO URBAN\u00cdSTICO Y ARQUEOL\u00d3GICO \u2013 PROTECCI\u00d3N MIRADORES DE MADERA<\/li>\n<li>IV.3. CAT\u00c1LOGO DEL PATRIMONIO URBAN\u00cdSTICO Y ARQUEOL\u00d3GICO \u2013 PROTECCI\u00d3N LOCALES INTERIORES<\/li>\n<li>IV.4. CAT\u00c1LOGO DEL PATRIMONIO URBAN\u00cdSTICO Y ARQUEOL\u00d3GICO \u2013 PROTECCI\u00d3N CONJUNTOS DE INTER\u00c9S AMBIENTAL Y CONJUNTOS URBANOS HOMOG\u00c9NEOS<\/li>\n<li>IV.5. CAT\u00c1LOGO DEL PATRIMONIO URBAN\u00cdSTICO Y ARQUEOL\u00d3GICO \u2013 PROTECCI\u00d3N ELEMENTOS (NO EDIFICACIONES)<\/li>\n<li>IV.6. CAT\u00c1LOGO DEL PATRIMONIO URBAN\u00cdSTICO Y ARQUEOL\u00d3GICO \u2013 ZONAS DE PROTECCI\u00d3N ARQUEOL\u00d3GICA<\/li>\n<li>V.1. CONDICIONANTES SUPERPUESTOS (I)<\/li>\n<li>V.2. CONDICIONANTES SUPERPUESTOS (II)<\/li>\n<li>V.3. CONDICIONANTES SUPERPUESTOS (III)<\/li>\n<li>V.4. CONDICIONANTES SUPERPUESTOS (IV)<\/li>\n<li>VI.1. CONDICIONES DE IMPLANTACI\u00d3N DE USOS DE HOSTELER\u00cdA<\/li>\n<li>VI.2. \u00c1REA CENTRAL Y CORAZONES DE BARRIO<\/li>\n<li>VI.3. CONDICIONES DE DOMINIO<\/li>\n<\/ul>\n<\/li>\n<li>NORMAS URBAN\u00cdSTICAS PARTICULARES DE LOS \u00c1MBITOS URBAN\u00cdSTICOS\n<ul>\n<li>01 DEUSTO\n<ul>\n<li>\u00c1MBITOS URBAN\u00cdSTICOS DE \u201cDEUSTO\u201d<\/li>\n<li>PLANOS:\n<ul>\n<li>1.1.- Estado actual. Delimitaci\u00f3n (\u00e1mbitos y sub\u00e1mbitos urban\u00edsticos). (Norte)<\/li>\n<li>1.2.- Estado actual. Delimitaci\u00f3n (\u00e1mbitos y sub\u00e1mbitos urban\u00edsticos). (Sur)<\/li>\n<li>2.1.- Zonificaci\u00f3n Global. (Norte)<\/li>\n<li>2.2.- Zonificaci\u00f3n Global. (Sur)<\/li>\n<li>3.1.- Zonificaci\u00f3n Pormenorizada. (Norte)<\/li>\n<li>3.2.- Zonificaci\u00f3n Pormenorizada. (Sur)<\/li>\n<li>4.1.- Categorizaci\u00f3n del suelo. (Norte)<\/li>\n<li>4.2.- Categorizaci\u00f3n del suelo. (Sur)<\/li>\n<li>5.1- Condiciones de ejecuci\u00f3n urban\u00edstica. (Norte)<\/li>\n<li>5.2- Condiciones de ejecuci\u00f3n urban\u00edstica. (Sur)<\/li>\n<\/ul>\n<\/li>\n<\/ul>\n<\/li>\n<li>02 URIBARRI\n<ul>\n<li>\u00c1MBITOS URBAN\u00cdSTICOS DE \u201cURIBARRI\u201d<\/li>\n<li>PLANOS:\n<ul>\n<li>1.1.- Estado actual. Delimitaci\u00f3n (\u00e1mbitos y sub\u00e1mbitos urban\u00edsticos). (Oeste)<\/li>\n<li>1.2.- Estado actual. Delimitaci\u00f3n (\u00e1mbitos y sub\u00e1mbitos urban\u00edsticos). (Este)<\/li>\n<li>2.1.- Zonificaci\u00f3n Global. (Oeste)<\/li>\n<li>2.2.- Zonificaci\u00f3n Global. (Este)<\/li>\n<li>3.1.- Zonificaci\u00f3n Pormenorizada. (Oeste)<\/li>\n<li>3.2.- Zonificaci\u00f3n Pormenorizada. (Este)<\/li>\n<li>4.1.- Categorizaci\u00f3n del suelo. (Oeste)<\/li>\n<li>4.2.- Categorizaci\u00f3n del suelo. (Este)<\/li>\n<li>5.1- Condiciones de ejecuci\u00f3n urban\u00edstica. (Oeste)<\/li>\n<li>5.2- Condiciones de ejecuci\u00f3n urban\u00edstica. (Este)<\/li>\n<\/ul>\n<\/li>\n<\/ul>\n<\/li>\n<li>03 OTXARKOAGA-TXURDINAGA\n<ul>\n<li>\u00c1MBITOS URBAN\u00cdSTICOS DE \u201cOTXARKOAGA- TXURDINAGA\u201d<\/li>\n<li>PLANOS:\n<ul>\n<li>1.- Estado actual. Delimitaci\u00f3n (\u00e1mbitos y sub\u00e1mbitos urban\u00edsticos)<\/li>\n<li>2.- Zonificaci\u00f3n Global<\/li>\n<li>3.- Zonificaci\u00f3n Pormenorizada<\/li>\n<li>4.- Categorizaci\u00f3n del suelo<\/li>\n<li>5.- Condiciones de ejecuci\u00f3n urban\u00edstica<\/li>\n<\/ul>\n<\/li>\n<\/ul>\n<\/li>\n<li>04 BEGO\u00d1A\n<ul>\n<li>\u00c1MBITOS URBAN\u00cdSTICOS DE \u201cBEGO\u00d1A\u201d<\/li>\n<li>PLANOS:\n<ul>\n<li>1.- Estado actual. Delimitaci\u00f3n (\u00e1mbitos y sub\u00e1mbitos urban\u00edsticos)<\/li>\n<li>2.- Zonificaci\u00f3n Global<\/li>\n<li>3.- Zonificaci\u00f3n Pormenorizada<\/li>\n<li>4.- Categorizaci\u00f3n del suelo<\/li>\n<li>5.- Condiciones de ejecuci\u00f3n urban\u00edstica<\/li>\n<\/ul>\n<\/li>\n<\/ul>\n<\/li>\n<li>05 IBAIONDO\n<ul>\n<li>\u00c1MBITOS URBAN\u00cdSTICOS DE \u201cIBAIONDO\u201d<\/li>\n<li>PLANOS:\n<ul>\n<li>1.1.- Estado actual. Delimitaci\u00f3n (\u00e1mbitos y sub\u00e1mbitos urban\u00edsticos). (Norte)<\/li>\n<li>1.2.- Estado actual. Delimitaci\u00f3n (\u00e1mbitos y sub\u00e1mbitos urban\u00edsticos). (Sur)<\/li>\n<li>2.1.- Zonificaci\u00f3n Global. (Norte)<\/li>\n<li>2.2.- Zonificaci\u00f3n Global. (Sur)<\/li>\n<li>3.1.- Zonificaci\u00f3n Pormenorizada. (Norte)<\/li>\n<li>3.2.- Zonificaci\u00f3n Pormenorizada. (Sur)<\/li>\n<li>4.1.- Categorizaci\u00f3n del suelo. (Norte)<\/li>\n<li>4.2.- Categorizaci\u00f3n del suelo. (Sur)<\/li>\n<li>5.1- Condiciones de ejecuci\u00f3n urban\u00edstica. (Norte)<\/li>\n<li>5.2- Condiciones de ejecuci\u00f3n urban\u00edstica. (Sur)<\/li>\n<\/ul>\n<\/li>\n<\/ul>\n<\/li>\n<li>06 ABANDO\n<ul>\n<li>\u00c1MBITOS URBAN\u00cdSTICOS DE \u201cABANDO\u201d<\/li>\n<li>PLANOS:\n<ul>\n<li>1.- Estado actual. Delimitaci\u00f3n (\u00e1mbitos y sub\u00e1mbitos urban\u00edsticos)<\/li>\n<li>2.- Zonificaci\u00f3n Global<\/li>\n<li>3.- Zonificaci\u00f3n Pormenorizada<\/li>\n<li>4.- Categorizaci\u00f3n del suelo<\/li>\n<li>5.- Condiciones de ejecuci\u00f3n urban\u00edstica<\/li>\n<\/ul>\n<\/li>\n<\/ul>\n<\/li>\n<li>07 REKALDE\n<ul>\n<li>\u00c1MBITOS URBAN\u00cdSTICOS DE \u201cREKALDE\u201d<\/li>\n<li>PLANOS:\n<ul>\n<li>1.- Estado actual. Delimitaci\u00f3n (\u00e1mbitos y sub\u00e1mbitos urban\u00edsticos)<\/li>\n<li>2.- Zonificaci\u00f3n Global<\/li>\n<li>3.- Zonificaci\u00f3n Pormenorizada<\/li>\n<li>4.- Categorizaci\u00f3n del suelo<\/li>\n<li>5.- Condiciones de ejecuci\u00f3n urban\u00edstica<\/li>\n<\/ul>\n<\/li>\n<\/ul>\n<\/li>\n<li>08 BASURTO-ZORROTZA\n<ul>\n<li>\u00c1MBITOS URBAN\u00cdSTICOS DE \u201cBASURTO- ZORROTZA\u201d<\/li>\n<li>PLANOS:\n<ul>\n<li>1.1.- Estado actual. Delimitaci\u00f3n (\u00e1mbitos y sub\u00e1mbitos urban\u00edsticos). (Noroeste)<\/li>\n<li>1.2.- Estado actual. Delimitaci\u00f3n (\u00e1mbitos y sub\u00e1mbitos urban\u00edsticos). (Sur)<\/li>\n<li>1.3.- Estado actual. Delimitaci\u00f3n (\u00e1mbitos y sub\u00e1mbitos urban\u00edsticos). (Sureste)<\/li>\n<li>2.1.- Zonificaci\u00f3n Global. (Noroeste)<\/li>\n<li>2.2.- Zonificaci\u00f3n Global. (Sur)<\/li>\n<li>2.3.- Zonificaci\u00f3n Global. (Sureste)<\/li>\n<li>3.1.- Zonificaci\u00f3n Pormenorizada. (Noroeste)<\/li>\n<li>3.2.- Zonificaci\u00f3n Pormenorizada. (Sur)<\/li>\n<li>3.3.- Zonificaci\u00f3n Pormenorizada. (Sureste)<\/li>\n<li>4.1.- Categorizaci\u00f3n del suelo. (Noroeste)<\/li>\n<li>4.2.- Categorizaci\u00f3n del suelo. (Sur)<\/li>\n<li>4.3.- Categorizaci\u00f3n del suelo. (Sureste)<\/li>\n<li>5.1.- Condiciones de ejecuci\u00f3n urban\u00edstica. (Noroeste)<\/li>\n<li>5.2.- Condiciones de ejecuci\u00f3n urban\u00edstica. (Sur)<\/li>\n<li>5.3.- Condiciones de ejecuci\u00f3n urban\u00edstica. (Sureste)<\/li>\n<\/ul>\n<\/li>\n<\/ul>\n<\/li>\n<li>09 SUELO NO URBANIZABLE Y OTROS \u00c1MBITOS URBAN\u00cdSTICOS\n<ul>\n<li>\u00c1MBITOS URBAN\u00cdSTICOS DEL \u201cSUELO NO URBANIZABLE\u201d<\/li>\n<li>PLANOS:\n<ul>\n<li>SNU.05.PAGASARRI &#8211; DELIMITACION DE \u00c1MBITOS<\/li>\n<li>SNU.05.PAGASARRI &#8211; ZONIFICACI\u00d3N GLOBAL<\/li>\n<\/ul>\n<\/li>\n<\/ul>\n<\/li>\n<\/ul>\n<p>[\/vc_column_text][\/vc_column][\/vc_row]<\/li>\n<\/ul>\n","protected":false},"excerpt":{"rendered":"<p>[vc_row][vc_column] [vc_column_text] MEMORIAS MEMORIA JUSTIFICATIVA DE LA ORDENACI\u00d3N URBAN\u00cdSTICA Y DE SU EJECUCI\u00d3N MEMORIA JUSTIFICATIVA DEL CUMPLIMIENTO DE LOS EST\u00c1NDARES REGULADORES DE LA EDIFICABILIDAD URBAN\u00cdSTICA M\u00c1XIMA Y M\u00cdNIMA, Y DE LA ADECUACI\u00d3N DEL PLAN GENERAL AL PLANEAMIENTO TERRITORIAL VIGENTE INFORME DE SOSTENIBILIDAD AMBIENTAL. ESTUDIO AMBIENTAL ESTRAT\u00c9GICO EVALUACI\u00d3N DEL IMPACTO DE G\u00c9NERO EVALUACI\u00d3N DEL IMPACTO LING\u00dc\u00cdSTICO [&hellip;]<\/p>\n","protected":false},"author":64,"featured_media":11100,"parent":0,"menu_order":0,"comment_status":"closed","ping_status":"closed","template":"","meta":{"footnotes":""},"_links":{"self":[{"href":"https:\/\/pgou.bilbao.eus\/eu\/wp-json\/wp\/v2\/pages\/13389"}],"collection":[{"href":"https:\/\/pgou.bilbao.eus\/eu\/wp-json\/wp\/v2\/pages"}],"about":[{"href":"https:\/\/pgou.bilbao.eus\/eu\/wp-json\/wp\/v2\/types\/page"}],"author":[{"embeddable":true,"href":"https:\/\/pgou.bilbao.eus\/eu\/wp-json\/wp\/v2\/users\/64"}],"replies":[{"embeddable":true,"href":"https:\/\/pgou.bilbao.eus\/eu\/wp-json\/wp\/v2\/comments?post=13389"}],"version-history":[{"count":4,"href":"https:\/\/pgou.bilbao.eus\/eu\/wp-json\/wp\/v2\/pages\/13389\/revisions"}],"predecessor-version":[{"id":13587,"href":"https:\/\/pgou.bilbao.eus\/eu\/wp-json\/wp\/v2\/pages\/13389\/revisions\/13587"}],"wp:featuredmedia":[{"embeddable":true,"href":"https:\/\/pgou.bilbao.eus\/eu\/wp-json\/wp\/v2\/media\/11100"}],"wp:attachment":[{"href":"https:\/\/pgou.bilbao.eus\/eu\/wp-json\/wp\/v2\/media?parent=13389"}],"curies":[{"name":"wp","href":"https:\/\/api.w.org\/{rel}","templated":true}]}}