{"id":13399,"date":"2020-02-05T11:48:55","date_gmt":"2020-02-05T11:48:55","guid":{"rendered":"https:\/\/pgou.bilbao.eus\/eu\/?page_id=13399"},"modified":"2023-04-14T09:24:16","modified_gmt":"2023-04-14T09:24:16","slug":"memorias-3","status":"publish","type":"page","link":"https:\/\/pgou.bilbao.eus\/eu\/memorias-3\/","title":{"rendered":"Memorias"},"content":{"rendered":"<p>[vc_row][vc_column]<br \/>\n[vc_column_text]<\/p>\n<ul>\n<li><a href=\"https:\/\/www.bilbao.eus\/aurrerago\/aprobacion_inicial\/pdfs\/exposicion_publica\/memorias\/1.1.Memo_ordenacion_y_estandares.pdf\" target=\"_blank\" rel=\"noopener noreferrer\">MEMORIA JUSTIFICATIVA DE LA ORDENACI\u00d3N URBAN\u00cdSTICA Y DE SU EJECUCI\u00d3N\u00a0<\/a><\/li>\n<li><a href=\"https:\/\/www.bilbao.eus\/aurrerago\/aprobacion_inicial\/pdfs\/exposicion_publica\/memorias\/1.2.Memo_ordenacion_y_estandares.pdf\" target=\"_blank\" rel=\"noopener noreferrer\">MEMORIA JUSTIFICATIVA DEL CUMPLIMIENTO DE LOS EST\u00c1NDARES REGULADORES DE LA EDIFICABILIDAD URBAN\u00cdSTICA M\u00c1XIMA Y M\u00cdNIMA, Y DE LA ADECUACI\u00d3N DEL PLAN GENERAL AL PLANEAMIENTO TERRITORIAL VIGENTE<\/a><\/li>\n<li><a href=\"https:\/\/www.bilbao.eus\/aurrerago\/aprobacion_inicial\/pdfs\/exposicion_publica\/memorias\/1.3.Memo.Ambiental.pdf\" target=\"_blank\" rel=\"noopener noreferrer\">INFORME DE SOSTENIBILIDAD AMBIENTAL. ESTUDIO AMBIENTAL ESTRAT\u00c9GICO <\/a>(<a href=\"http:\/\/www.bilbao.eus\/aurrerago\/aprobacion_inicial\/pdfs\/exposicion_publica\/memorias\/1.3.M.Ambiental_Anexos.pdf\" target=\"_blank\" rel=\"noopener noreferrer\">Anexos<\/a>)<\/li>\n<li><a href=\"https:\/\/www.bilbao.eus\/aurrerago\/aprobacion_inicial\/pdfs\/exposicion_publica\/memorias\/1.4.Memo_Genero_Ling_Aero.pdf\" target=\"_blank\" rel=\"noopener noreferrer\">EVALUACI\u00d3N DEL IMPACTO DE G\u00c9NERO <\/a><\/li>\n<li><a href=\"https:\/\/www.bilbao.eus\/aurrerago\/aprobacion_inicial\/pdfs\/exposicion_publica\/memorias\/1.5.Memo_Genero_Ling_Aero.pdf\" target=\"_blank\" rel=\"noopener noreferrer\">EVALUACI\u00d3N DEL IMPACTO LING\u00dc\u00cdSTICO <\/a><\/li>\n<li><a href=\"https:\/\/www.bilbao.eus\/aurrerago\/aprobacion_inicial\/pdfs\/exposicion_publica\/memorias\/1.6.Memo_Genero_Ling_Aero.pdf\" target=\"_blank\" rel=\"noopener noreferrer\">CUMPLIMIENTO DE AFECCIONES AEROPORTUARIA <\/a><\/li>\n<li><a href=\"https:\/\/www.bilbao.eus\/aurrerago\/aprobacion_inicial\/pdfs\/exposicion_publica\/memorias\/3.1.Estudio_Economico.pdf\" target=\"_blank\" rel=\"noopener noreferrer\">ESTUDIO DE VIABILIDAD ECON\u00d3MICA <\/a><\/li>\n<li><a href=\"https:\/\/www.bilbao.eus\/aurrerago\/aprobacion_inicial\/pdfs\/exposicion_publica\/memorias\/3.2.Estudio_Economico.pdf\" target=\"_blank\" rel=\"noopener noreferrer\">MEMORIA DE SOSTENIBILIDAD ECON\u00d3MICA <\/a><\/li>\n<li><a href=\"https:\/\/www.bilbao.eus\/aurrerago\/aprobacion_inicial\/pdfs\/exposicion_publica\/memorias\/3.3.Estudio_Economico.pdf\" target=\"_blank\" rel=\"noopener noreferrer\">PROGRAMA DE ACTUACI\u00d3N <\/a><\/li>\n<li><a href=\"https:\/\/www.bilbao.eus\/aurrerago\/aprobacion_inicial\/pdfs\/exposicion_publica\/memorias\/5_Resumen_Ejecutivo.pdf\" target=\"_blank\" rel=\"noopener noreferrer\">RESUMEN EJECUTIVO <\/a><\/li>\n<\/ul>\n<p>[\/vc_column_text][\/vc_column][\/vc_row]<\/p>\n","protected":false},"excerpt":{"rendered":"<p>[vc_row][vc_column] [vc_column_text] MEMORIA JUSTIFICATIVA DE LA ORDENACI\u00d3N URBAN\u00cdSTICA Y DE SU EJECUCI\u00d3N\u00a0 MEMORIA JUSTIFICATIVA DEL CUMPLIMIENTO DE LOS EST\u00c1NDARES REGULADORES DE LA EDIFICABILIDAD URBAN\u00cdSTICA M\u00c1XIMA Y M\u00cdNIMA, Y DE LA ADECUACI\u00d3N DEL PLAN GENERAL AL PLANEAMIENTO TERRITORIAL VIGENTE INFORME DE SOSTENIBILIDAD AMBIENTAL. ESTUDIO AMBIENTAL ESTRAT\u00c9GICO (Anexos) EVALUACI\u00d3N DEL IMPACTO DE G\u00c9NERO EVALUACI\u00d3N DEL IMPACTO LING\u00dc\u00cdSTICO [&hellip;]<\/p>\n","protected":false},"author":64,"featured_media":11100,"parent":0,"menu_order":0,"comment_status":"closed","ping_status":"closed","template":"","meta":{"footnotes":""},"_links":{"self":[{"href":"https:\/\/pgou.bilbao.eus\/eu\/wp-json\/wp\/v2\/pages\/13399"}],"collection":[{"href":"https:\/\/pgou.bilbao.eus\/eu\/wp-json\/wp\/v2\/pages"}],"about":[{"href":"https:\/\/pgou.bilbao.eus\/eu\/wp-json\/wp\/v2\/types\/page"}],"author":[{"embeddable":true,"href":"https:\/\/pgou.bilbao.eus\/eu\/wp-json\/wp\/v2\/users\/64"}],"replies":[{"embeddable":true,"href":"https:\/\/pgou.bilbao.eus\/eu\/wp-json\/wp\/v2\/comments?post=13399"}],"version-history":[{"count":4,"href":"https:\/\/pgou.bilbao.eus\/eu\/wp-json\/wp\/v2\/pages\/13399\/revisions"}],"predecessor-version":[{"id":13646,"href":"https:\/\/pgou.bilbao.eus\/eu\/wp-json\/wp\/v2\/pages\/13399\/revisions\/13646"}],"wp:featuredmedia":[{"embeddable":true,"href":"https:\/\/pgou.bilbao.eus\/eu\/wp-json\/wp\/v2\/media\/11100"}],"wp:attachment":[{"href":"https:\/\/pgou.bilbao.eus\/eu\/wp-json\/wp\/v2\/media?parent=13399"}],"curies":[{"name":"wp","href":"https:\/\/api.w.org\/{rel}","templated":true}]}}