{"id":13407,"date":"2020-02-05T11:59:26","date_gmt":"2020-02-05T11:59:26","guid":{"rendered":"https:\/\/pgou.bilbao.eus\/eu\/?page_id=13407"},"modified":"2023-04-14T09:28:57","modified_gmt":"2023-04-14T09:28:57","slug":"planos-generales-3","status":"publish","type":"page","link":"https:\/\/pgou.bilbao.eus\/eu\/planos-generales-3\/","title":{"rendered":"Planos generales"},"content":{"rendered":"<p>[vc_row][vc_column]<br \/>\n[vc_column_text]<a href=\"https:\/\/www.bilbao.eus\/aurrerago\/aprobacion_inicial\/pdfs\/exposicion_publica\/planos\/I.1_SITUACION.pdf\" target=\"_blank\" rel=\"noopener noreferrer\">I.1. SITUACION DE BILBAO EN EL \u00c1REA FUNCIONAL DE BILBAO METROPOLITANO<\/a><br \/>\n<a href=\"https:\/\/www.bilbao.eus\/aurrerago\/aprobacion_inicial\/pdfs\/exposicion_publica\/planos\/I.2_DELIM_TERM_MUNI.pdf\" target=\"_blank\" rel=\"noopener noreferrer\">I.2. DELIMITACI\u00d3N DEL T\u00c9RMINO MUNICIPAL. TOPONIMIA<\/a><br \/>\n<a href=\"https:\/\/www.bilbao.eus\/aurrerago\/aprobacion_inicial\/pdfs\/exposicion_publica\/planos\/I.3_AMBITOS_URBANISTICOS.pdf\" target=\"_blank\" rel=\"noopener noreferrer\">I.3. AMBITOS URBANISTICOS<\/a><br \/>\n<a href=\"https:\/\/www.bilbao.eus\/aurrerago\/aprobacion_inicial\/pdfs\/exposicion_publica\/planos\/II.1_ZON_GLOB_(snu)_A0.pdf\" target=\"_blank\" rel=\"noopener noreferrer\">II.1. ZONIFICACI\u00d3N GLOBAL (SUELO NO URBANIZABLE)<\/a><br \/>\n<a href=\"https:\/\/www.bilbao.eus\/aurrerago\/aprobacion_inicial\/pdfs\/exposicion_publica\/planos\/II.2_ZON_GLOB_sobre_ras_(medio_urbano)_A0.pdf\" target=\"_blank\" rel=\"noopener noreferrer\">II.2. ZONIFICACION GLOBAL: SUELOS URBANO Y URBANIZABLE (Y SISTEMA GENERAL DE ESPACIOS LIBRES EN EL SUELO NO URBANIZABLE)<\/a><br \/>\n<a href=\"https:\/\/www.bilbao.eus\/aurrerago\/aprobacion_inicial\/pdfs\/exposicion_publica\/planos\/II.3_ZON_GLOB_bajo_ras_(medio_urbano)_A0.pdf\" target=\"_blank\" rel=\"noopener noreferrer\">II.3. ZONIFICACI\u00d3N GLOBAL BAJO RASANTE Y\/U OTROS ELEMENTOS<\/a><br \/>\n<a href=\"https:\/\/www.bilbao.eus\/aurrerago\/aprobacion_inicial\/pdfs\/exposicion_publica\/planos\/II.4_CLAS_URBANISTICA_A0.pdf\" target=\"_blank\" rel=\"noopener noreferrer\">II.4. CLASIFICACI\u00d3N DEL SUELO<\/a><br \/>\n<a href=\"https:\/\/www.bilbao.eus\/aurrerago\/aprobacion_inicial\/pdfs\/exposicion_publica\/planos\/III.1_SIST_MOVILIDAD.pdf\" target=\"_blank\" rel=\"noopener noreferrer\">III.1. SISTEMA DE MOVILIDAD<\/a><br \/>\n<a href=\"https:\/\/www.bilbao.eus\/aurrerago\/aprobacion_inicial\/pdfs\/exposicion_publica\/planos\/III.2.1_RED_ABASTECIMIENTO.pdf\" target=\"_blank\" rel=\"noopener noreferrer\">III.2.1. INFRAESTRUCTURAS DE SERVICIOS URBANOS &#8211; ESQUEMA DE RED DE ABASTECIMIENTO DE AGUA<\/a><br \/>\n<a href=\"https:\/\/www.bilbao.eus\/aurrerago\/aprobacion_inicial\/pdfs\/exposicion_publica\/planos\/III.2.2_RED_SANEAMIENTO.pdf\" target=\"_blank\" rel=\"noopener noreferrer\">III.2.2. INFRAESTRUCTURAS DE SERVICIOS URBANOS &#8211; ESQUEMA DE RED DE SANEAMIENTO (PLUVIALES Y UNITARIO)<\/a><br \/>\n<a href=\"https:\/\/www.bilbao.eus\/aurrerago\/aprobacion_inicial\/pdfs\/exposicion_publica\/planos\/III.2.3_RED_SANEAMIENTO.pdf\" target=\"_blank\" rel=\"noopener noreferrer\">III.2.3. INFRAESTRUCTURAS DE SERVICIOS URBANOS &#8211; ESQUEMA DE RED DE SANEAMIENTO (FECALES Y UNITARIO)<\/a><br \/>\n<a href=\"https:\/\/www.bilbao.eus\/aurrerago\/aprobacion_inicial\/pdfs\/exposicion_publica\/planos\/III.2.4_RED_ENERGIA_ELECTRICA.pdf\" target=\"_blank\" rel=\"noopener noreferrer\">III.2.4. INFRAESTRUCTURAS DE SERVICIOS URBANOS &#8211; ESQUEMA DE RED DE ENERG\u00cdA EL\u00c9CTRICA<\/a><br \/>\n<a href=\"https:\/\/www.bilbao.eus\/aurrerago\/aprobacion_inicial\/pdfs\/exposicion_publica\/planos\/III.2.5_RED_DE_GAS.pdf\" target=\"_blank\" rel=\"noopener noreferrer\">III.2.5. INFRAESTRUCTURAS DE SERVICIOS URBANOS &#8211; ESQUEMA DE RED DE GAS<\/a><br \/>\n<a href=\"https:\/\/www.bilbao.eus\/aurrerago\/aprobacion_inicial\/pdfs\/exposicion_publica\/planos\/IV.1.1_CATALOGO_EDIFICIOS_15000.pdf\" target=\"_blank\" rel=\"noopener noreferrer\">IV.1.1. CAT\u00c1LOGO DEL PATRIMONIO URBAN\u00cdSTICO Y ARQUEOL\u00d3GICO &#8211; PROTECCI\u00d3N PATRIMONIO EDIFICADO<\/a><br \/>\n<a href=\"https:\/\/www.bilbao.eus\/aurrerago\/aprobacion_inicial\/pdfs\/exposicion_publica\/planos\/IV.1.2_CATALOGO_EDIFICIOS_DEUSTO.pdf\" target=\"_blank\" rel=\"noopener noreferrer\">IV.1.2. CAT\u00c1LOGO DEL PATRIMONIO URBAN\u00cdSTICO Y ARQUEOL\u00d3GICO &#8211; PROTECCI\u00d3N PATRIMONIO EDIFICADO &#8211; DEUSTO<\/a><br \/>\n<a href=\"https:\/\/www.bilbao.eus\/aurrerago\/aprobacion_inicial\/pdfs\/exposicion_publica\/planos\/IV.1.3_CATALOGO_EDIFICIOS_URIBARRI.pdf\" target=\"_blank\" rel=\"noopener noreferrer\">IV.1.3. CAT\u00c1LOGO DEL PATRIMONIO URBAN\u00cdSTICO Y ARQUEOL\u00d3GICO &#8211; PROTECCI\u00d3N PATRIMONIO EDIFICADO &#8211; URIBARRI<\/a><br \/>\n<a href=\"https:\/\/www.bilbao.eus\/aurrerago\/aprobacion_inicial\/pdfs\/exposicion_publica\/planos\/IV.1.4_CATALOGO_EDIFICIOS_OTXARKOAGA_TXURDINAGA.pdf\" target=\"_blank\" rel=\"noopener noreferrer\">IV.1.4. CAT\u00c1LOGO DEL PATRIMONIO URBAN\u00cdSTICO Y ARQUEOL\u00d3GICO &#8211; PROTECCI\u00d3N PATRIMONIO EDIFICADO &#8211; OTXARKOAGA &#8211; TXURDINAGA<\/a><br \/>\n<a href=\"https:\/\/www.bilbao.eus\/aurrerago\/aprobacion_inicial\/pdfs\/exposicion_publica\/planos\/IV.1.5_CATALOGO_EDIFICIOS_BEGONA.pdf\" target=\"_blank\" rel=\"noopener noreferrer\">IV.1.5. CAT\u00c1LOGO DEL PATRIMONIO URBAN\u00cdSTICO Y ARQUEOL\u00d3GICO &#8211; PROTECCI\u00d3N PATRIMONIO EDIFICADO &#8211; BEGO\u00d1A<\/a><br \/>\n<a href=\"https:\/\/www.bilbao.eus\/aurrerago\/aprobacion_inicial\/pdfs\/exposicion_publica\/planos\/IV.1.6_CATALOGO_EDIFICIOS_IBAIONDO.pdf\" target=\"_blank\" rel=\"noopener noreferrer\">IV.1.6. CAT\u00c1LOGO DEL PATRIMONIO URBAN\u00cdSTICO Y ARQUEOL\u00d3GICO &#8211; PROTECCI\u00d3N PATRIMONIO EDIFICADO &#8211; IBAIONDO<\/a><br \/>\n<a href=\"https:\/\/www.bilbao.eus\/aurrerago\/aprobacion_inicial\/pdfs\/exposicion_publica\/planos\/IV.1.7_CATALOGO_EDIFICIOS_ABANDO.pdf\" target=\"_blank\" rel=\"noopener noreferrer\">IV.1.7. CAT\u00c1LOGO DEL PATRIMONIO URBAN\u00cdSTICO Y ARQUEOL\u00d3GICO &#8211; PROTECCI\u00d3N PATRIMONIO EDIFICADO &#8211; ABANDO<\/a><br \/>\n<a href=\"https:\/\/www.bilbao.eus\/aurrerago\/aprobacion_inicial\/pdfs\/exposicion_publica\/planos\/IV.1.8_CATALOGO_EDIFICIOS_REKALDE.pdf\" target=\"_blank\" rel=\"noopener noreferrer\">IV.1.8. CAT\u00c1LOGO DEL PATRIMONIO URBAN\u00cdSTICO Y ARQUEOL\u00d3GICO &#8211; PROTECCI\u00d3N PATRIMONIO EDIFICADO &#8211; REKALDE<\/a><br \/>\n<a href=\"https:\/\/www.bilbao.eus\/aurrerago\/aprobacion_inicial\/pdfs\/exposicion_publica\/planos\/IV.1.9_CATALOGO_EDIFICIOS_BASURTO_ZORROTZA.pdf\" target=\"_blank\" rel=\"noopener noreferrer\">IV.1.9. CAT\u00c1LOGO DEL PATRIMONIO URBAN\u00cdSTICO Y ARQUEOL\u00d3GICO &#8211; PROTECCI\u00d3N PATRIMONIO EDIFICADO &#8211; BASURTO-ZORROZA<\/a><br \/>\n<a href=\"https:\/\/www.bilbao.eus\/aurrerago\/aprobacion_inicial\/pdfs\/exposicion_publica\/planos\/IV.2_CATALOGO_MIRADORES.pdf\" target=\"_blank\" rel=\"noopener noreferrer\">IV.2. CAT\u00c1LOGO DEL PATRIMONIO URBAN\u00cdSTICO Y ARQUEOL\u00d3GICO &#8211; PROTECCI\u00d3N MIRADORES DE MADERA<\/a><br \/>\n<a href=\"https:\/\/www.bilbao.eus\/aurrerago\/aprobacion_inicial\/pdfs\/exposicion_publica\/planos\/IV.3_CATALOGO_LOCALES.pdf\" target=\"_blank\" rel=\"noopener noreferrer\">IV.3. CAT\u00c1LOGO DEL PATRIMONIO URBAN\u00cdSTICO Y ARQUEOL\u00d3GICO &#8211; PROTECCI\u00d3N LOCALES INTERIORES<\/a><br \/>\n<a href=\"https:\/\/www.bilbao.eus\/aurrerago\/aprobacion_inicial\/pdfs\/exposicion_publica\/planos\/IV.4_CATALOGO_CIA_CH.pdf\" target=\"_blank\" rel=\"noopener noreferrer\">IV.4. CAT\u00c1LOGO DEL PATRIMONIO URBAN\u00cdSTICO Y ARQUEOL\u00d3GICO &#8211; PROTECCI\u00d3N CONJUNTOS DE INTER\u00c9S AMBIENTAL Y CONJUNTOS URBANOS HOMOG\u00c9NEOS<\/a><br \/>\n<a href=\"https:\/\/www.bilbao.eus\/aurrerago\/aprobacion_inicial\/pdfs\/exposicion_publica\/planos\/IV.5_CATALOGO_OTROS_ELEMENTOS.pdf\" target=\"_blank\" rel=\"noopener noreferrer\">IV.5. CAT\u00c1LOGO DEL PATRIMONIO URBAN\u00cdSTICO Y ARQUEOL\u00d3GICO &#8211; PROTECCI\u00d3N ELEMENTOS (NO EDIFICACIONES)<\/a><br \/>\n<a href=\"https:\/\/www.bilbao.eus\/aurrerago\/aprobacion_inicial\/pdfs\/exposicion_publica\/planos\/IV.6_CATALOGO_ARQUEOLOGIA.pdf\" target=\"_blank\" rel=\"noopener noreferrer\">IV.6. CAT\u00c1LOGO DEL PATRIMONIO URBAN\u00cdSTICO Y ARQUEOL\u00d3GICO &#8211; ZONAS DE PROTECCI\u00d3N ARQUEOL\u00d3GICA<\/a><br \/>\n<a href=\"https:\/\/www.bilbao.eus\/aurrerago\/aprobacion_inicial\/pdfs\/exposicion_publica\/planos\/V.1_CONDICIONANTES_SUPERPUESTOS_I.pdf\" target=\"_blank\" rel=\"noopener noreferrer\">V.1. CONDICIONANTES SUPERPUESTOS (I)<\/a><br \/>\n<a href=\"https:\/\/www.bilbao.eus\/aurrerago\/aprobacion_inicial\/pdfs\/exposicion_publica\/planos\/V.2_CONDICIONANTES_SUPERPUESTOS_II.pdf\" target=\"_blank\" rel=\"noopener noreferrer\">V.2. CONDICIONANTES SUPERPUESTOS (II)<\/a><br \/>\n<a href=\"https:\/\/www.bilbao.eus\/aurrerago\/aprobacion_inicial\/pdfs\/exposicion_publica\/planos\/V.3_CONDICIONANTES_SUPERPUESTOS_III.pdf\" target=\"_blank\" rel=\"noopener noreferrer\">V.3. CONDICIONANTES SUPERPUESTOS (III)<\/a><br \/>\n<a href=\"https:\/\/www.bilbao.eus\/aurrerago\/aprobacion_inicial\/pdfs\/exposicion_publica\/planos\/V.4_CONDICIONANTES_SUPERPUESTOS_IV.pdf\" target=\"_blank\" rel=\"noopener noreferrer\">V.4. CONDICIONANTES SUPERPUESTOS (IV)<\/a><br \/>\n<a href=\"https:\/\/www.bilbao.eus\/aurrerago\/aprobacion_inicial\/pdfs\/exposicion_publica\/planos\/VI.1_ORDENANZAS_DE_HOSTELERIA.pdf\" target=\"_blank\" rel=\"noopener noreferrer\">VI.1. CONDICIONES DE IMPLANTACI\u00d3N DE USOS DE HOSTELER\u00cdA<\/a><br \/>\n<a href=\"https:\/\/www.bilbao.eus\/aurrerago\/aprobacion_inicial\/pdfs\/exposicion_publica\/planos\/VI.2_CORAZONES_DE_BARRIO.pdf\" target=\"_blank\" rel=\"noopener noreferrer\">VI.2. \u00c1REA CENTRAL Y CORAZONES DE BARRIO<\/a><br \/>\n<a href=\"https:\/\/www.bilbao.eus\/aurrerago\/aprobacion_inicial\/pdfs\/exposicion_publica\/planos\/VI.3_CONDICIONES_DE_DOMINIO.pdf\" target=\"_blank\" rel=\"noopener noreferrer\">VI.3. CONDICIONES DE DOMINIO<\/a><\/p>\n<p>[\/vc_column_text][\/vc_column][\/vc_row]<\/p>\n","protected":false},"excerpt":{"rendered":"<p>[vc_row][vc_column] [vc_column_text]I.1. SITUACION DE BILBAO EN EL \u00c1REA FUNCIONAL DE BILBAO METROPOLITANO I.2. DELIMITACI\u00d3N DEL T\u00c9RMINO MUNICIPAL. TOPONIMIA I.3. AMBITOS URBANISTICOS II.1. ZONIFICACI\u00d3N GLOBAL (SUELO NO URBANIZABLE) II.2. ZONIFICACION GLOBAL: SUELOS URBANO Y URBANIZABLE (Y SISTEMA GENERAL DE ESPACIOS LIBRES EN EL SUELO NO URBANIZABLE) II.3. ZONIFICACI\u00d3N GLOBAL BAJO RASANTE Y\/U OTROS ELEMENTOS II.4. CLASIFICACI\u00d3N [&hellip;]<\/p>\n","protected":false},"author":64,"featured_media":11100,"parent":0,"menu_order":0,"comment_status":"closed","ping_status":"closed","template":"","meta":{"footnotes":""},"_links":{"self":[{"href":"https:\/\/pgou.bilbao.eus\/eu\/wp-json\/wp\/v2\/pages\/13407"}],"collection":[{"href":"https:\/\/pgou.bilbao.eus\/eu\/wp-json\/wp\/v2\/pages"}],"about":[{"href":"https:\/\/pgou.bilbao.eus\/eu\/wp-json\/wp\/v2\/types\/page"}],"author":[{"embeddable":true,"href":"https:\/\/pgou.bilbao.eus\/eu\/wp-json\/wp\/v2\/users\/64"}],"replies":[{"embeddable":true,"href":"https:\/\/pgou.bilbao.eus\/eu\/wp-json\/wp\/v2\/comments?post=13407"}],"version-history":[{"count":2,"href":"https:\/\/pgou.bilbao.eus\/eu\/wp-json\/wp\/v2\/pages\/13407\/revisions"}],"predecessor-version":[{"id":13651,"href":"https:\/\/pgou.bilbao.eus\/eu\/wp-json\/wp\/v2\/pages\/13407\/revisions\/13651"}],"wp:featuredmedia":[{"embeddable":true,"href":"https:\/\/pgou.bilbao.eus\/eu\/wp-json\/wp\/v2\/media\/11100"}],"wp:attachment":[{"href":"https:\/\/pgou.bilbao.eus\/eu\/wp-json\/wp\/v2\/media?parent=13407"}],"curies":[{"name":"wp","href":"https:\/\/api.w.org\/{rel}","templated":true}]}}