{"id":13410,"date":"2020-02-05T12:04:24","date_gmt":"2020-02-05T12:04:24","guid":{"rendered":"https:\/\/pgou.bilbao.eus\/eu\/?page_id=13410"},"modified":"2023-04-14T09:30:19","modified_gmt":"2023-04-14T09:30:19","slug":"normas-urbanisticas-particulares-de-los-ambitos-urbanisticos-3","status":"publish","type":"page","link":"https:\/\/pgou.bilbao.eus\/eu\/normas-urbanisticas-particulares-de-los-ambitos-urbanisticos-3\/","title":{"rendered":"Normas urban\u00edsticas particulares de los \u00e1mbitos urban\u00edsticos"},"content":{"rendered":"<p>[vc_row][vc_column]<br \/>\n[vc_tta_accordion shape=&#8221;square&#8221; color=&#8221;white&#8221; c_icon=&#8221;triangle&#8221; active_section=&#8221;0&#8243; collapsible_all=&#8221;true&#8221;][vc_tta_section title=&#8221;01 DEUSTO&#8221; tab_id=&#8221;1550505872366-1fdd52e2-831b&#8221;][vc_column_text]<a href=\"https:\/\/www.bilbao.eus\/aurrerago\/aprobacion_inicial\/pdfs\/exposicion_publica\/nnpp\/01_Deusto\/01_Doc_2.2._NN.PP.DEUSTO.pdf\" target=\"_blank\" rel=\"noopener noreferrer\">\u00c1MBITOS URBAN\u00cdSTICOS DE &#8220;DEUSTO&#8221;<\/a><\/p>\n<p>PLANOS:<\/p>\n<p><a href=\"https:\/\/www.bilbao.eus\/aurrerago\/aprobacion_inicial\/pdfs\/exposicion_publica\/nnpp\/01_Deusto\/1_DE_1.AMB_y_SUBAMBITOS_A0_1.1.pdf\" target=\"_blank\" rel=\"noopener noreferrer\">1.1.- Estado actual. Delimitaci\u00f3n (\u00e1mbitos y sub\u00e1mbitos urban\u00edsticos). (Norte) <\/a><br \/>\n<a href=\"https:\/\/www.bilbao.eus\/aurrerago\/aprobacion_inicial\/pdfs\/exposicion_publica\/nnpp\/01_Deusto\/1_DE_1.AMB_y_SUBAMBITOS_A0_1.2.pdf\" target=\"_blank\" rel=\"noopener noreferrer\">1.2.- Estado actual. Delimitaci\u00f3n (\u00e1mbitos y sub\u00e1mbitos urban\u00edsticos). (Sur)<\/a><br \/>\n<a href=\"https:\/\/www.bilbao.eus\/aurrerago\/aprobacion_inicial\/pdfs\/exposicion_publica\/nnpp\/01_Deusto\/1_DE_2.ZON_GLOBAL_A0_2.1.pdf\" target=\"_blank\" rel=\"noopener noreferrer\">2.1.- Zonificaci\u00f3n Global. (Norte) <\/a><br \/>\n<a href=\"https:\/\/www.bilbao.eus\/aurrerago\/aprobacion_inicial\/pdfs\/exposicion_publica\/nnpp\/01_Deusto\/1_DE_2.ZON_GLOBAL_A0_2.2.pdf\" target=\"_blank\" rel=\"noopener noreferrer\">2.2.- Zonificaci\u00f3n Global. (Sur) <\/a><br \/>\n<a href=\"https:\/\/www.bilbao.eus\/aurrerago\/aprobacion_inicial\/pdfs\/exposicion_publica\/nnpp\/01_Deusto\/1_DE_3.ZON_PORMENORIZADA_A0_3.1.pdf\" target=\"_blank\" rel=\"noopener noreferrer\">3.1.- Zonificaci\u00f3n Pormenorizada. (Norte) <\/a><br \/>\n<a href=\"https:\/\/www.bilbao.eus\/aurrerago\/aprobacion_inicial\/pdfs\/exposicion_publica\/nnpp\/01_Deusto\/1_DE_3.ZON_PORMENORIZADA_A0_3.2.pdf\" target=\"_blank\" rel=\"noopener noreferrer\">3.2.- Zonificaci\u00f3n Pormenorizada. (Sur) <\/a><br \/>\n<a href=\"https:\/\/www.bilbao.eus\/aurrerago\/aprobacion_inicial\/pdfs\/exposicion_publica\/nnpp\/01_Deusto\/1_DE_4.CATEGORIZACION_A0_4.1.pdf\" target=\"_blank\" rel=\"noopener noreferrer\">4.1.- Categorizaci\u00f3n del suelo. (Norte) <\/a><br \/>\n<a href=\"https:\/\/www.bilbao.eus\/aurrerago\/aprobacion_inicial\/pdfs\/exposicion_publica\/nnpp\/01_Deusto\/1_DE_4.CATEGORIZACION_A0_4.2.pdf\" target=\"_blank\" rel=\"noopener noreferrer\">4.2.- Categorizaci\u00f3n del suelo. (Sur) <\/a><br \/>\n<a href=\"https:\/\/www.bilbao.eus\/aurrerago\/aprobacion_inicial\/pdfs\/exposicion_publica\/nnpp\/01_Deusto\/1_DE_5.COND_EJECUCION_A0_5.1.pdf\" target=\"_blank\" rel=\"noopener noreferrer\">5.1- Condiciones de ejecuci\u00f3n urban\u00edstica. (Norte) <\/a><br \/>\n<a href=\"https:\/\/www.bilbao.eus\/aurrerago\/aprobacion_inicial\/pdfs\/exposicion_publica\/nnpp\/01_Deusto\/1_DE_5.COND_EJECUCION_A0_5.2.pdf\" target=\"_blank\" rel=\"noopener noreferrer\">5.2- Condiciones de ejecuci\u00f3n urban\u00edstica. (Sur) <\/a><\/p>\n<p>[\/vc_column_text][\/vc_tta_section][vc_tta_section title=&#8221;02 URIBARRI&#8221; tab_id=&#8221;1550505872412-4da2a7fd-8e3e&#8221;][vc_column_text]<a href=\"https:\/\/www.bilbao.eus\/aurrerago\/aprobacion_inicial\/pdfs\/exposicion_publica\/nnpp\/02_Uribarri\/02_Doc_2.2.NN.PP.URIBARRI.pdf\" target=\"_blank\" rel=\"noopener noreferrer\">\u00c1MBITOS URBAN\u00cdSTICOS DE &#8220;URIBARRI<\/a><\/p>\n<p>PLANOS:<\/p>\n<p><a href=\"https:\/\/www.bilbao.eus\/aurrerago\/aprobacion_inicial\/pdfs\/exposicion_publica\/nnpp\/02_Uribarri\/2_UR_1.AMB_y_SUBAMBITOS_A0_1.1.pdf\" target=\"_blank\" rel=\"noopener noreferrer\">1.1.- Estado actual. Delimitaci\u00f3n (\u00e1mbitos y sub\u00e1mbitos urban\u00edsticos). (Oeste) <\/a><br \/>\n<a href=\"https:\/\/www.bilbao.eus\/aurrerago\/aprobacion_inicial\/pdfs\/exposicion_publica\/nnpp\/02_Uribarri\/2_UR_1.AMB_y_SUBAMBITOS_A0_1.2.pdf\" target=\"_blank\" rel=\"noopener noreferrer\">1.2.- Estado actual. Delimitaci\u00f3n (\u00e1mbitos y sub\u00e1mbitos urban\u00edsticos). (Este) <\/a><br \/>\n<a href=\"https:\/\/www.bilbao.eus\/aurrerago\/aprobacion_inicial\/pdfs\/exposicion_publica\/nnpp\/02_Uribarri\/2_UR_2.ZON_GLOBAL_A0_2.1.pdf\" target=\"_blank\" rel=\"noopener noreferrer\">2.1.- Zonificaci\u00f3n Global. (Oeste) <\/a><br \/>\n<a href=\"https:\/\/www.bilbao.eus\/aurrerago\/aprobacion_inicial\/pdfs\/exposicion_publica\/nnpp\/02_Uribarri\/2_UR_2.ZON_GLOBAL_A0_2.2.pdf\" target=\"_blank\" rel=\"noopener noreferrer\">2.2.- Zonificaci\u00f3n Global. (Este) <\/a><br \/>\n<a href=\"https:\/\/www.bilbao.eus\/aurrerago\/aprobacion_inicial\/pdfs\/exposicion_publica\/nnpp\/02_Uribarri\/2_UR_3.ZON_PORMENORIZADA_A0_3.1.pdf\" target=\"_blank\" rel=\"noopener noreferrer\">3.1.- Zonificaci\u00f3n Pormenorizada. (Oeste) <\/a><br \/>\n<a href=\"https:\/\/www.bilbao.eus\/aurrerago\/aprobacion_inicial\/pdfs\/exposicion_publica\/nnpp\/02_Uribarri\/2_UR_3.ZON_PORMENORIZADA_A0_3.2.pdf\" target=\"_blank\" rel=\"noopener noreferrer\">3.2.- Zonificaci\u00f3n Pormenorizada. (Este) <\/a><br \/>\n<a href=\"https:\/\/www.bilbao.eus\/aurrerago\/aprobacion_inicial\/pdfs\/exposicion_publica\/nnpp\/02_Uribarri\/2_UR_4.CATEGORIZACION_A0_4.1.pdf\" target=\"_blank\" rel=\"noopener noreferrer\">4.1.- Categorizaci\u00f3n del suelo. (Oeste) <\/a><br \/>\n<a href=\"https:\/\/www.bilbao.eus\/aurrerago\/aprobacion_inicial\/pdfs\/exposicion_publica\/nnpp\/02_Uribarri\/2_UR_4.CATEGORIZACION_A0_4.2.pdf\" target=\"_blank\" rel=\"noopener noreferrer\">4.2.- Categorizaci\u00f3n del suelo. (Este) <\/a><br \/>\n<a href=\"https:\/\/www.bilbao.eus\/aurrerago\/aprobacion_inicial\/pdfs\/exposicion_publica\/nnpp\/02_Uribarri\/2_UR_5.COND_EJECUCION_A0_5.1.pdf\" target=\"_blank\" rel=\"noopener noreferrer\">5.1- Condiciones de ejecuci\u00f3n urban\u00edstica. (Oeste) <\/a><br \/>\n<a href=\"https:\/\/www.bilbao.eus\/aurrerago\/aprobacion_inicial\/pdfs\/exposicion_publica\/nnpp\/02_Uribarri\/2_UR_5.COND_EJECUCION_A0_5.2.pdf\" target=\"_blank\" rel=\"noopener noreferrer\">5.2- Condiciones de ejecuci\u00f3n urban\u00edstica. (Este) <\/a><\/p>\n<p>[\/vc_column_text][\/vc_tta_section][vc_tta_section title=&#8221;03 OTXARKOAGA &#8211; TXURDINAGA&#8221; tab_id=&#8221;1550506580140-30fef0e0-ef9f&#8221;][vc_column_text]<a href=\"https:\/\/www.bilbao.eus\/aurrerago\/aprobacion_inicial\/pdfs\/exposicion_publica\/nnpp\/03_Otxarkoaga\/03_NN.PP.Otxarkoaga.pdf\" target=\"_blank\" rel=\"noopener noreferrer\">\u00c1MBITOS URBAN\u00cdSTICOS DE &#8220;OTXARKOAGA- TXURDINAGA&#8221;<\/a><\/p>\n<p>PLANOS:<\/p>\n<p><a href=\"https:\/\/www.bilbao.eus\/aurrerago\/aprobacion_inicial\/pdfs\/exposicion_publica\/nnpp\/03_Otxarkoaga\/3_OT_1.AMB_y_SUBAMBITOS_A0_1.pdf\" target=\"_blank\" rel=\"noopener noreferrer\">1.- Estado actual. Delimitaci\u00f3n (\u00e1mbitos y sub\u00e1mbitos urban\u00edsticos)\u00a0<\/a><br \/>\n<a href=\"https:\/\/www.bilbao.eus\/aurrerago\/aprobacion_inicial\/pdfs\/exposicion_publica\/nnpp\/03_Otxarkoaga\/3_OT_2.ZON_GLOBAL_A0_1.pdf\" target=\"_blank\" rel=\"noopener noreferrer\">2.- Zonificaci\u00f3n Global<\/a><br \/>\n<a href=\"https:\/\/www.bilbao.eus\/aurrerago\/aprobacion_inicial\/pdfs\/exposicion_publica\/nnpp\/03_Otxarkoaga\/3_OT_3.ZON_PORMENORIZADA_A0_1.pdf\" target=\"_blank\" rel=\"noopener noreferrer\">3.- Zonificaci\u00f3n Pormenorizada\u00a0<\/a><br \/>\n<a href=\"https:\/\/www.bilbao.eus\/aurrerago\/aprobacion_inicial\/pdfs\/exposicion_publica\/nnpp\/03_Otxarkoaga\/3_OT_4.CATEGORIZACION_A0_1.pdf\" target=\"_blank\" rel=\"noopener noreferrer\">4.- Categorizaci\u00f3n del suelo\u00a0<\/a><br \/>\n<a href=\"https:\/\/www.bilbao.eus\/aurrerago\/aprobacion_inicial\/pdfs\/exposicion_publica\/nnpp\/03_Otxarkoaga\/3_OT_5.COND_EJECUCION_A0_1.pdf\" target=\"_blank\" rel=\"noopener noreferrer\">5.- Condiciones de ejecuci\u00f3n urban\u00edstica<\/a><\/p>\n<p>[\/vc_column_text][\/vc_tta_section][vc_tta_section title=&#8221;04 BEGO\u00d1A&#8221; tab_id=&#8221;1550506880797-be192eba-1815&#8243;][vc_column_text]<a href=\"https:\/\/www.bilbao.eus\/aurrerago\/aprobacion_inicial\/pdfs\/exposicion_publica\/nnpp\/04_Begona\/04_Doc_2.2._NN.PP.BEGONA.pdf\" target=\"_blank\" rel=\"noopener noreferrer\">\u00c1MBITOS URBAN\u00cdSTICOS DE &#8220;BEGO\u00d1A&#8221;<\/a><\/p>\n<p>PLANOS:<\/p>\n<p><a href=\"https:\/\/www.bilbao.eus\/aurrerago\/aprobacion_inicial\/pdfs\/exposicion_publica\/nnpp\/04_Begona\/4_BE_1.AMB_y_SUBAMBITOS_A0_1.pdf\" target=\"_blank\" rel=\"noopener noreferrer\">1.- Estado actual. Delimitaci\u00f3n (\u00e1mbitos y sub\u00e1mbitos urban\u00edsticos)\u00a0<\/a><br \/>\n<a href=\"https:\/\/www.bilbao.eus\/aurrerago\/aprobacion_inicial\/pdfs\/exposicion_publica\/nnpp\/04_Begona\/4_BE_2.ZON_GLOBAL_A0_1.pdf\" target=\"_blank\" rel=\"noopener noreferrer\">2.- Zonificaci\u00f3n Global<\/a><br \/>\n<a href=\"https:\/\/www.bilbao.eus\/aurrerago\/aprobacion_inicial\/pdfs\/exposicion_publica\/nnpp\/04_Begona\/4_BE_3.ZON_PORMENORIZADA_A0_1.pdf\" target=\"_blank\" rel=\"noopener noreferrer\">3.- Zonificaci\u00f3n Pormenorizada\u00a0<\/a><br \/>\n<a href=\"https:\/\/www.bilbao.eus\/aurrerago\/aprobacion_inicial\/pdfs\/exposicion_publica\/nnpp\/04_Begona\/4_BE_4.CATEGORIZACION_A0_1.pdf\" target=\"_blank\" rel=\"noopener noreferrer\">4.- Categorizaci\u00f3n del suelo\u00a0<\/a><br \/>\n<a href=\"https:\/\/www.bilbao.eus\/aurrerago\/aprobacion_inicial\/pdfs\/exposicion_publica\/nnpp\/04_Begona\/4_BE_5.COND_EJECUCION_A0_1.pdf\" target=\"_blank\" rel=\"noopener noreferrer\">5.- Condiciones de ejecuci\u00f3n urban\u00edstica<\/a><\/p>\n<p>[\/vc_column_text][\/vc_tta_section][vc_tta_section title=&#8221;05 IBAIONDO&#8221; tab_id=&#8221;1550506885812-8b210cd5-0ea2&#8243;][vc_column_text]<a href=\"https:\/\/www.bilbao.eus\/aurrerago\/aprobacion_inicial\/pdfs\/exposicion_publica\/nnpp\/05_Ibaiondo\/05_Doc_2.2.NN.PP.IBAIONDO.pdf\" target=\"_blank\" rel=\"noopener noreferrer\">\u00c1MBITOS URBAN\u00cdSTICOS DE &#8220;IBAIONDO&#8221;<\/a><\/p>\n<p>PLANOS<\/p>\n<p><a href=\"https:\/\/www.bilbao.eus\/aurrerago\/aprobacion_inicial\/pdfs\/exposicion_publica\/nnpp\/05_Ibaiondo\/5_IB_1.AMB_y_SUBAMBITOS_A0_1.1.pdf\" target=\"_blank\" rel=\"noopener noreferrer\">1.1.- Estado actual. Delimitaci\u00f3n (\u00e1mbitos y sub\u00e1mbitos urban\u00edsticos). (Norte)\u00a0<\/a><br \/>\n<a href=\"https:\/\/www.bilbao.eus\/aurrerago\/aprobacion_inicial\/pdfs\/exposicion_publica\/nnpp\/05_Ibaiondo\/5_IB_1.AMB_y_SUBAMBITOS_A0_1.2.pdf\" target=\"_blank\" rel=\"noopener noreferrer\">1.2.- Estado actual. Delimitaci\u00f3n (\u00e1mbitos y sub\u00e1mbitos urban\u00edsticos). (Sur)\u00a0<\/a><br \/>\n<a href=\"https:\/\/www.bilbao.eus\/aurrerago\/aprobacion_inicial\/pdfs\/exposicion_publica\/nnpp\/05_Ibaiondo\/5_IB_2.ZON_GLOBAL_A0_2.1.pdf\" target=\"_blank\" rel=\"noopener noreferrer\">2.1.- Zonificaci\u00f3n Global. (Norte) <\/a><br \/>\n<a href=\"https:\/\/www.bilbao.eus\/aurrerago\/aprobacion_inicial\/pdfs\/exposicion_publica\/nnpp\/05_Ibaiondo\/5_IB_2.ZON_GLOBAL_A0_2.2.pdf\" target=\"_blank\" rel=\"noopener noreferrer\">2.2.- Zonificaci\u00f3n Global. (Sur) <\/a><br \/>\n<a href=\"https:\/\/www.bilbao.eus\/aurrerago\/aprobacion_inicial\/pdfs\/exposicion_publica\/nnpp\/05_Ibaiondo\/5_IB_3.ZON_PORMENORIZADA_A0_3.1.pdf\" target=\"_blank\" rel=\"noopener noreferrer\">3.1.- Zonificaci\u00f3n Pormenorizada. (Norte)\u00a0<\/a><br \/>\n<a href=\"https:\/\/www.bilbao.eus\/aurrerago\/aprobacion_inicial\/pdfs\/exposicion_publica\/nnpp\/05_Ibaiondo\/5_IB_3.ZON_PORMENORIZADA_A0_3.2.pdf\" target=\"_blank\" rel=\"noopener noreferrer\">3.2.- Zonificaci\u00f3n Pormenorizada. (Sur)\u00a0<\/a><br \/>\n<a href=\"https:\/\/www.bilbao.eus\/aurrerago\/aprobacion_inicial\/pdfs\/exposicion_publica\/nnpp\/05_Ibaiondo\/5_IB_4.CATEGORIZACION_A0_4.1.pdf\" target=\"_blank\" rel=\"noopener noreferrer\">4.1.- Categorizaci\u00f3n del suelo. (Norte)\u00a0<\/a><br \/>\n<a href=\"https:\/\/www.bilbao.eus\/aurrerago\/aprobacion_inicial\/pdfs\/exposicion_publica\/nnpp\/05_Ibaiondo\/5_IB_4.CATEGORIZACION_A0_4.2.pdf\" target=\"_blank\" rel=\"noopener noreferrer\">4.2.- Categorizaci\u00f3n del suelo. (Sur)\u00a0<\/a><br \/>\n<a href=\"https:\/\/www.bilbao.eus\/aurrerago\/aprobacion_inicial\/pdfs\/exposicion_publica\/nnpp\/05_Ibaiondo\/5_IB_5.COND_EJECUCION_A0_5.1.pdf\" target=\"_blank\" rel=\"noopener noreferrer\">5.1- Condiciones de ejecuci\u00f3n urban\u00edstica. (Norte)\u00a0<\/a><br \/>\n<a href=\"https:\/\/www.bilbao.eus\/aurrerago\/aprobacion_inicial\/pdfs\/exposicion_publica\/nnpp\/05_Ibaiondo\/5_IB_5.COND_EJECUCION_A0_5.2.pdf\" target=\"_blank\" rel=\"noopener noreferrer\">5.2- Condiciones de ejecuci\u00f3n urban\u00edstica. (Sur)<\/a><\/p>\n<p>[\/vc_column_text][\/vc_tta_section][vc_tta_section title=&#8221;06 ABANDO&#8221; tab_id=&#8221;1550506886845-1a603694-6f8e&#8221;][vc_column_text]<a href=\"https:\/\/www.bilbao.eus\/aurrerago\/aprobacion_inicial\/pdfs\/exposicion_publica\/nnpp\/06_Abando\/06_Doc_2.2.NN.PP.ABANDO.pdf\" target=\"_blank\" rel=\"noopener noreferrer\">\u00c1MBITOS URBAN\u00cdSTICOS DE &#8220;ABANDO&#8221;<\/a><\/p>\n<p>PLANOS:<\/p>\n<p><a href=\"https:\/\/www.bilbao.eus\/aurrerago\/aprobacion_inicial\/pdfs\/exposicion_publica\/nnpp\/06_Abando\/6_AB_1.AMB_y_SUBAMBITOS_A0_1.pdf\" target=\"_blank\" rel=\"noopener noreferrer\">1.- Estado actual. Delimitaci\u00f3n (\u00e1mbitos y sub\u00e1mbitos urban\u00edsticos)\u00a0<\/a><br \/>\n<a href=\"https:\/\/www.bilbao.eus\/aurrerago\/aprobacion_inicial\/pdfs\/exposicion_publica\/nnpp\/06_Abando\/6_AB_2.ZON_GLOBAL_A0_1.pdf\" target=\"_blank\" rel=\"noopener noreferrer\">2.- Zonificaci\u00f3n Global<\/a><br \/>\n<a href=\"https:\/\/www.bilbao.eus\/aurrerago\/aprobacion_inicial\/pdfs\/exposicion_publica\/nnpp\/06_Abando\/6_AB_3.ZON_PORMENORIZADA_A0_1.pdf\" target=\"_blank\" rel=\"noopener noreferrer\">3.- Zonificaci\u00f3n Pormenorizada\u00a0<\/a><br \/>\n<a href=\"https:\/\/www.bilbao.eus\/aurrerago\/aprobacion_inicial\/pdfs\/exposicion_publica\/nnpp\/06_Abando\/6_AB_4.CATEGORIZACION_A0_1.pdf\" target=\"_blank\" rel=\"noopener noreferrer\">4.- Categorizaci\u00f3n del suelo\u00a0<\/a><br \/>\n<a href=\"https:\/\/www.bilbao.eus\/aurrerago\/aprobacion_inicial\/pdfs\/exposicion_publica\/nnpp\/06_Abando\/6_AB_5.COND_EJECUCION_A0_1.pdf\" target=\"_blank\" rel=\"noopener noreferrer\">5.- Condiciones de ejecuci\u00f3n urban\u00edstica<\/a><\/p>\n<p>[\/vc_column_text][\/vc_tta_section][vc_tta_section title=&#8221;07 REKALDE&#8221; tab_id=&#8221;1550506891591-ac88fd42-447e&#8221;][vc_column_text]<a href=\"https:\/\/www.bilbao.eus\/aurrerago\/aprobacion_inicial\/pdfs\/exposicion_publica\/nnpp\/07_Rekalde\/07_Doc_2.2.NN.PP.REKALDE.pdf\" target=\"_blank\" rel=\"noopener noreferrer\">\u00c1MBITOS URBAN\u00cdSTICOS DE &#8220;REKALDE&#8221;<\/a><\/p>\n<p>PLANOS:<\/p>\n<p><a href=\"https:\/\/www.bilbao.eus\/aurrerago\/aprobacion_inicial\/pdfs\/exposicion_publica\/nnpp\/07_Rekalde\/7_RE_1.AMB_y_SUBAMBITOS_A0_1.pdf\" target=\"_blank\" rel=\"noopener noreferrer\">1.- Estado actual. Delimitaci\u00f3n (\u00e1mbitos y sub\u00e1mbitos urban\u00edsticos)\u00a0<\/a><br \/>\n<a href=\"https:\/\/www.bilbao.eus\/aurrerago\/aprobacion_inicial\/pdfs\/exposicion_publica\/nnpp\/07_Rekalde\/7_RE_2.ZON_GLOBAL_A0_1.pdf\" target=\"_blank\" rel=\"noopener noreferrer\">2.- Zonificaci\u00f3n Global<\/a><br \/>\n<a href=\"https:\/\/www.bilbao.eus\/aurrerago\/aprobacion_inicial\/pdfs\/exposicion_publica\/nnpp\/07_Rekalde\/7_RE_3.ZON_PORMENORIZADA_A0_1.pdf\" target=\"_blank\" rel=\"noopener noreferrer\">3.- Zonificaci\u00f3n Pormenorizada\u00a0<\/a><br \/>\n<a href=\"https:\/\/www.bilbao.eus\/aurrerago\/aprobacion_inicial\/pdfs\/exposicion_publica\/nnpp\/07_Rekalde\/7_RE_4.CATEGORIZACION_A0_1.pdf\" target=\"_blank\" rel=\"noopener noreferrer\">4.- Categorizaci\u00f3n del suelo\u00a0<\/a><br \/>\n<a href=\"https:\/\/www.bilbao.eus\/aurrerago\/aprobacion_inicial\/pdfs\/exposicion_publica\/nnpp\/07_Rekalde\/7_RE_5.COND_EJECUCION_A0_1.pdf\" target=\"_blank\" rel=\"noopener noreferrer\">5.- Condiciones de ejecuci\u00f3n urban\u00edstica<\/a><\/p>\n<p>[\/vc_column_text][\/vc_tta_section][vc_tta_section title=&#8221;08 BASURTO &#8211; ZORROTZA&#8221; tab_id=&#8221;1550506892372-3acea267-ce33&#8243;][vc_column_text]<a href=\"https:\/\/www.bilbao.eus\/aurrerago\/aprobacion_inicial\/pdfs\/exposicion_publica\/nnpp\/08_Basurto\/08_Doc_2.2.NN.PP.BASURTO_ZORROTZA.pdf\" target=\"_blank\" rel=\"noopener noreferrer\">\u00c1MBITOS URBAN\u00cdSTICOS DE &#8220;BASURTO- ZORROTZA&#8221;<\/a><\/p>\n<p>PLANOS:<\/p>\n<p><a href=\"https:\/\/www.bilbao.eus\/aurrerago\/aprobacion_inicial\/pdfs\/exposicion_publica\/nnpp\/08_Basurto\/8_BZ_1.AMB_y_SUBAMBITOS_A0_1.1.pdf\" target=\"_blank\" rel=\"noopener noreferrer\">1.1.- Estado actual. Delimitaci\u00f3n (\u00e1mbitos y sub\u00e1mbitos urban\u00edsticos). (Noroeste)\u00a0<\/a><br \/>\n<a href=\"https:\/\/www.bilbao.eus\/aurrerago\/aprobacion_inicial\/pdfs\/exposicion_publica\/nnpp\/08_Basurto\/8_BZ_1.AMB_y_SUBAMBITOS_A0_1.2.pdf\" target=\"_blank\" rel=\"noopener noreferrer\">1.2.- Estado actual. Delimitaci\u00f3n (\u00e1mbitos y sub\u00e1mbitos urban\u00edsticos). (Sur)\u00a0<\/a><br \/>\n<a href=\"https:\/\/www.bilbao.eus\/aurrerago\/aprobacion_inicial\/pdfs\/exposicion_publica\/nnpp\/08_Basurto\/8_BZ_1.AMB_y_SUBAMBITOS_A0_1.3.pdf\" target=\"_blank\" rel=\"noopener noreferrer\">1.3.- Estado actual. Delimitaci\u00f3n (\u00e1mbitos y sub\u00e1mbitos urban\u00edsticos). (Sureste)\u00a0<\/a><br \/>\n<a href=\"https:\/\/www.bilbao.eus\/aurrerago\/aprobacion_inicial\/pdfs\/exposicion_publica\/nnpp\/08_Basurto\/8_BZ_2.ZON_GLOBAL_A0_2.1.pdf\" target=\"_blank\" rel=\"noopener noreferrer\">2.1.- Zonificaci\u00f3n Global. (Noroeste) <\/a><br \/>\n<a href=\"https:\/\/www.bilbao.eus\/aurrerago\/aprobacion_inicial\/pdfs\/exposicion_publica\/nnpp\/08_Basurto\/8_BZ_2.ZON_GLOBAL_A0_2.2.pdf\" target=\"_blank\" rel=\"noopener noreferrer\">2.2.- Zonificaci\u00f3n Global. (Sur) <\/a><br \/>\n<a href=\"https:\/\/www.bilbao.eus\/aurrerago\/aprobacion_inicial\/pdfs\/exposicion_publica\/nnpp\/08_Basurto\/8_BZ_2.ZON_GLOBAL_A0_2.3.pdf\" target=\"_blank\" rel=\"noopener noreferrer\">2.3.- Zonificaci\u00f3n Global. (Sureste) <\/a><br \/>\n<a href=\"https:\/\/www.bilbao.eus\/aurrerago\/aprobacion_inicial\/pdfs\/exposicion_publica\/nnpp\/08_Basurto\/8_BZ_3.ZON_PORMENORIZADA_A0_3.1.pdf\" target=\"_blank\" rel=\"noopener noreferrer\">3.1.- Zonificaci\u00f3n Pormenorizada. (Noroeste)\u00a0<\/a><br \/>\n<a href=\"https:\/\/www.bilbao.eus\/aurrerago\/aprobacion_inicial\/pdfs\/exposicion_publica\/nnpp\/08_Basurto\/8_BZ_3.ZON_PORMENORIZADA_A0_3.2.pdf\" target=\"_blank\" rel=\"noopener noreferrer\">3.2.- Zonificaci\u00f3n Pormenorizada. (Sur)\u00a0<\/a><br \/>\n<a href=\"https:\/\/www.bilbao.eus\/aurrerago\/aprobacion_inicial\/pdfs\/exposicion_publica\/nnpp\/08_Basurto\/8_BZ_3.ZON_PORMENORIZADA_A0_3.3.pdf\" target=\"_blank\" rel=\"noopener noreferrer\">3.3.- Zonificaci\u00f3n Pormenorizada. (Sureste)\u00a0<\/a><br \/>\n<a href=\"https:\/\/www.bilbao.eus\/aurrerago\/aprobacion_inicial\/pdfs\/exposicion_publica\/nnpp\/08_Basurto\/8_BZ_4.CATEGORIZACION_A0_4.1.pdf\" target=\"_blank\" rel=\"noopener noreferrer\">4.1.- Categorizaci\u00f3n del suelo. (Noroeste)\u00a0<\/a><br \/>\n<a href=\"https:\/\/www.bilbao.eus\/aurrerago\/aprobacion_inicial\/pdfs\/exposicion_publica\/nnpp\/08_Basurto\/8_BZ_4.CATEGORIZACION_A0_4.2.pdf\" target=\"_blank\" rel=\"noopener noreferrer\">4.2.- Categorizaci\u00f3n del suelo. (Sur)\u00a0<\/a><br \/>\n<a href=\"https:\/\/www.bilbao.eus\/aurrerago\/aprobacion_inicial\/pdfs\/exposicion_publica\/nnpp\/08_Basurto\/8_BZ_4.CATEGORIZACION_A0_4.3.pdf\" target=\"_blank\" rel=\"noopener noreferrer\">4.3.- Categorizaci\u00f3n del suelo. (Sureste)\u00a0<\/a><br \/>\n<a href=\"https:\/\/www.bilbao.eus\/aurrerago\/aprobacion_inicial\/pdfs\/exposicion_publica\/nnpp\/08_Basurto\/8_BZ_5.COND_EJECUCION_A0_5.1.pdf\" target=\"_blank\" rel=\"noopener noreferrer\">5.1.- Condiciones de ejecuci\u00f3n urban\u00edstica. (Noroeste)\u00a0<\/a><br \/>\n<a href=\"https:\/\/www.bilbao.eus\/aurrerago\/aprobacion_inicial\/pdfs\/exposicion_publica\/nnpp\/08_Basurto\/8_BZ_5.COND_EJECUCION_A0_5.2.pdf\" target=\"_blank\" rel=\"noopener noreferrer\">5.2.- Condiciones de ejecuci\u00f3n urban\u00edstica. (Sur)\u00a0<\/a><br \/>\n<a href=\"https:\/\/www.bilbao.eus\/aurrerago\/aprobacion_inicial\/pdfs\/exposicion_publica\/nnpp\/08_Basurto\/8_BZ_5.COND_EJECUCION_A0_5.3.pdf\" target=\"_blank\" rel=\"noopener noreferrer\">5.3.- Condiciones de ejecuci\u00f3n urban\u00edstica. (Sureste)<\/a><\/p>\n<p>[\/vc_column_text][\/vc_tta_section][vc_tta_section title=&#8221;09 SUELO NO URBANIZABLE Y OTROS \u00c1MBITOS URBAN\u00cdSTICOS&#8221; tab_id=&#8221;1550506893631-b39cff0d-c6b4&#8243;][vc_column_text]<a href=\"https:\/\/www.bilbao.eus\/aurrerago\/aprobacion_inicial\/pdfs\/exposicion_publica\/nnpp\/09_SNU\/09_Doc_2.2.NN.PP.SUELO_NO_URBANIZABLE.pdf\" target=\"_blank\" rel=\"noopener noreferrer\">\u00c1MBITOS URBAN\u00cdSTICOS DEL &#8220;SUELO NO URBANIZABLE&#8221;<\/a><\/p>\n<p>PLANOS:<\/p>\n<p><a href=\"https:\/\/www.bilbao.eus\/aurrerago\/aprobacion_inicial\/pdfs\/exposicion_publica\/nnpp\/09_SNU\/9_SNU.05_PAGASARRI_1_Delimitacion.pdf\" target=\"_blank\" rel=\"noopener noreferrer\">SNU.05.PAGASARRI &#8211; DELIMITACION DE \u00c1MBITOS<\/a><br \/>\n<a href=\"https:\/\/www.bilbao.eus\/aurrerago\/aprobacion_inicial\/pdfs\/exposicion_publica\/nnpp\/09_SNU\/9_SNU.05_PAGASARRI_2_Zonificacion_Global.pdf\" target=\"_blank\" rel=\"noopener noreferrer\">SNU.05.PAGASARRI &#8211; ZONIFICACI\u00d3N GLOBAL<\/a><\/p>\n<p>[\/vc_column_text][\/vc_tta_section][\/vc_tta_accordion][\/vc_column][\/vc_row]<\/p>\n","protected":false},"excerpt":{"rendered":"<p>[vc_row][vc_column] [vc_tta_accordion shape=&#8221;square&#8221; color=&#8221;white&#8221; c_icon=&#8221;triangle&#8221; active_section=&#8221;0&#8243; collapsible_all=&#8221;true&#8221;][vc_tta_section title=&#8221;01 DEUSTO&#8221; tab_id=&#8221;1550505872366-1fdd52e2-831b&#8221;][vc_column_text]\u00c1MBITOS URBAN\u00cdSTICOS DE &#8220;DEUSTO&#8221; PLANOS: 1.1.- Estado actual. Delimitaci\u00f3n (\u00e1mbitos y sub\u00e1mbitos urban\u00edsticos). (Norte) 1.2.- Estado actual. Delimitaci\u00f3n (\u00e1mbitos y sub\u00e1mbitos urban\u00edsticos). (Sur) 2.1.- Zonificaci\u00f3n Global. (Norte) 2.2.- Zonificaci\u00f3n Global. (Sur) 3.1.- Zonificaci\u00f3n Pormenorizada. (Norte) 3.2.- Zonificaci\u00f3n Pormenorizada. (Sur) 4.1.- Categorizaci\u00f3n del suelo. (Norte) 4.2.- Categorizaci\u00f3n [&hellip;]<\/p>\n","protected":false},"author":64,"featured_media":11100,"parent":0,"menu_order":0,"comment_status":"closed","ping_status":"closed","template":"","meta":{"footnotes":""},"_links":{"self":[{"href":"https:\/\/pgou.bilbao.eus\/eu\/wp-json\/wp\/v2\/pages\/13410"}],"collection":[{"href":"https:\/\/pgou.bilbao.eus\/eu\/wp-json\/wp\/v2\/pages"}],"about":[{"href":"https:\/\/pgou.bilbao.eus\/eu\/wp-json\/wp\/v2\/types\/page"}],"author":[{"embeddable":true,"href":"https:\/\/pgou.bilbao.eus\/eu\/wp-json\/wp\/v2\/users\/64"}],"replies":[{"embeddable":true,"href":"https:\/\/pgou.bilbao.eus\/eu\/wp-json\/wp\/v2\/comments?post=13410"}],"version-history":[{"count":4,"href":"https:\/\/pgou.bilbao.eus\/eu\/wp-json\/wp\/v2\/pages\/13410\/revisions"}],"predecessor-version":[{"id":13653,"href":"https:\/\/pgou.bilbao.eus\/eu\/wp-json\/wp\/v2\/pages\/13410\/revisions\/13653"}],"wp:featuredmedia":[{"embeddable":true,"href":"https:\/\/pgou.bilbao.eus\/eu\/wp-json\/wp\/v2\/media\/11100"}],"wp:attachment":[{"href":"https:\/\/pgou.bilbao.eus\/eu\/wp-json\/wp\/v2\/media?parent=13410"}],"curies":[{"name":"wp","href":"https:\/\/api.w.org\/{rel}","templated":true}]}}