{"id":13570,"date":"2021-01-07T16:25:34","date_gmt":"2021-01-07T16:25:34","guid":{"rendered":"https:\/\/pgou.bilbao.eus\/eu\/?page_id=13570"},"modified":"2023-04-14T10:02:10","modified_gmt":"2023-04-14T10:02:10","slug":"planos-generales-2","status":"publish","type":"page","link":"https:\/\/pgou.bilbao.eus\/eu\/planos-generales-2\/","title":{"rendered":"Planos generales"},"content":{"rendered":"<p>[vc_row][vc_column][vc_message]<a href=\"https:\/\/www.bilbao.eus\/aurrerago\/aprobacion_provisional\/pdfs\/exposicion_publica\/_NOTA ACLARATORIA.pdf\" target=\"_blank\" rel=\"noopener\">NOTA ACLARATORIA sobre la organizaci\u00f3n de los documentos que componen la Aprobaci\u00f3n Provisional del Plan General<\/a>[\/vc_message][\/vc_column][\/vc_row][vc_row][vc_column][vc_column_text]<\/p>\n<ul>\n<li><a href=\"https:\/\/www.bilbao.eus\/aurrerago\/aprobacion_provisional\/pdfs\/exposicion_publica\/PLANOS\/I.1-SITUACION_(Sustituido).pdf\" target=\"_blank\" rel=\"noopener\">I.1. SITUACION DE BILBAO EN EL \u00c1REA FUNCIONAL DE BILBAO METROPOLITANO (Sustituido)<\/a><\/li>\n<li><a href=\"https:\/\/www.bilbao.eus\/aurrerago\/aprobacion_provisional\/pdfs\/exposicion_publica\/PLANOS\/I.2-DELIM_TERM_MUNI_(Sustituido).pdf\" target=\"_blank\" rel=\"noopener\">I.2. DELIMITACI\u00d3N DEL T\u00c9RMINO MUNICIPAL. TOPONIMIA (Sustituido)<\/a><\/li>\n<li><a href=\"https:\/\/www.bilbao.eus\/aurrerago\/aprobacion_provisional\/pdfs\/exposicion_publica\/PLANOS\/I.3-AMBITOS_URBANISTICOS-A0_(Sustituido).pdf\" target=\"_blank\" rel=\"noopener\">I.3-AMBITOS URBANISTICOS (Sustituido)<\/a><\/li>\n<li><a href=\"https:\/\/www.bilbao.eus\/aurrerago\/aprobacion_provisional\/pdfs\/exposicion_publica\/PLANOS\/II.1-ZON_GLOB_(snu)-A0_(Sustituido).pdf\" target=\"_blank\" rel=\"noopener\">II.1. ZONIFICACI\u00d3N GLOBAL (SUELO NO URBANIZABLE) (Sustituido)<\/a><\/li>\n<li><a href=\"https:\/\/www.bilbao.eus\/aurrerago\/aprobacion_provisional\/pdfs\/exposicion_publica\/PLANOS\/II.2-ZON_GLOB_sobre_ras_(medio_urbano)-A0_(Sustituido).pdf\" target=\"_blank\" rel=\"noopener\">II.2. ZONIFICACION GLOBAL: SUELOS URBANO Y URBANIZABLE (Y SISTEMA GENERAL DE ESPACIOS LIBRES EN EL SUELO NO URBANIZABLE) (Sustituido)<\/a><\/li>\n<li><a href=\"https:\/\/www.bilbao.eus\/aurrerago\/aprobacion_provisional\/pdfs\/exposicion_publica\/PLANOS\/II.3-ZON_GLOB_bajo_ras_(medio_urbano)-A0_(Sustituido).pdf\" target=\"_blank\" rel=\"noopener\">II.3. ZONIFICACI\u00d3N GLOBAL BAJO RASANTE Y\/U OTROS ELEMENTOS (Sustituido)<\/a><\/li>\n<li><a href=\"https:\/\/www.bilbao.eus\/aurrerago\/aprobacion_provisional\/pdfs\/exposicion_publica\/PLANOS\/II.4-CLAS_URBANISTICA-A0_(Sustituido).pdf\" target=\"_blank\" rel=\"noopener\">II.4. CLASIFICACI\u00d3N DEL SUELO (Sustituido)<\/a><\/li>\n<li><a href=\"https:\/\/www.bilbao.eus\/aurrerago\/aprobacion_provisional\/pdfs\/exposicion_publica\/PLANOS\/III.1-SIST_MOVILIDAD_(Sustituido).pdf\" target=\"_blank\" rel=\"noopener\">III.1. SISTEMA DE MOVILIDAD (Sustituido)<\/a><\/li>\n<li><a href=\"https:\/\/www.bilbao.eus\/aurrerago\/aprobacion_provisional\/pdfs\/exposicion_publica\/PLANOS\/III.2.1-RED_ABASTECIMIENTO_(Sustituido).pdf\" target=\"_blank\" rel=\"noopener\">III.2.1. INFRAESTRUCTURAS DE SERVICIOS URBANOS \u2013 ESQUEMA DE RED DE ABASTECIMIENTO DE AGUA (Sustituido)<\/a><\/li>\n<li><a href=\"https:\/\/www.bilbao.eus\/aurrerago\/aprobacion_provisional\/pdfs\/exposicion_publica\/PLANOS\/III.2.2-RED_SANEAMIENTO_PLUVIALES_(Sustituido).pdf\" target=\"_blank\" rel=\"noopener\">III.2.2. INFRAESTRUCTURAS DE SERVICIOS URBANOS \u2013 ESQUEMA DE RED DE SANEAMIENTO (PLUVIALES Y UNITARIO) (Sustituido)<\/a><\/li>\n<li><a href=\"https:\/\/www.bilbao.eus\/aurrerago\/aprobacion_provisional\/pdfs\/exposicion_publica\/PLANOS\/III.2.3-RED_SANEAMIENTO_FECALES__(Sustituido).pdf\" target=\"_blank\" rel=\"noopener\">III.2.3. INFRAESTRUCTURAS DE SERVICIOS URBANOS \u2013 ESQUEMA DE RED DE SANEAMIENTO (FECALES Y UNITARIO) (Sustituido)<\/a><\/li>\n<li><a href=\"https:\/\/www.bilbao.eus\/aurrerago\/aprobacion_provisional\/pdfs\/exposicion_publica\/PLANOS\/III.2.4-RED_ENERGIA_ELECTRICA_(Sustituido).pdf\" target=\"_blank\" rel=\"noopener\">III.2.4. INFRAESTRUCTURAS DE SERVICIOS URBANOS \u2013 ESQUEMA DE RED DE ENERG\u00cdA EL\u00c9CTRICA (Sustituido) <\/a><\/li>\n<li><a href=\"https:\/\/www.bilbao.eus\/aurrerago\/aprobacion_provisional\/pdfs\/exposicion_publica\/PLANOS\/III.2.5-RED_DE_GAS_(Sustituido).pdf\" target=\"_blank\" rel=\"noopener\">III.2.5. INFRAESTRUCTURAS DE SERVICIOS URBANOS \u2013 ESQUEMA DE RED DE GAS (Sustituido)<\/a><\/li>\n<li><a href=\"https:\/\/www.bilbao.eus\/aurrerago\/aprobacion_provisional\/pdfs\/exposicion_publica\/PLANOS\/IV.1.1-CATALOGO_EDIF.15000_(Sustituido).pdf\" target=\"_blank\" rel=\"noopener\">IV.1.1. CAT\u00c1LOGO DEL PATRIMONIO URBAN\u00cdSTICO Y ARQUEOL\u00d3GICO \u2013 PROTECCI\u00d3N PATRIMONIO EDIFICADO (Sustituido)<\/a><\/li>\n<li><a href=\"https:\/\/www.bilbao.eus\/aurrerago\/aprobacion_provisional\/pdfs\/exposicion_publica\/PLANOS\/IV.1.2-CATALOGO_EDIF-DEUSTO_(Sustituido).pdf\" target=\"_blank\" rel=\"noopener\">IV.1.2. CAT\u00c1LOGO DEL PATRIMONIO URBAN\u00cdSTICO Y ARQUEOL\u00d3GICO \u2013 PROTECCI\u00d3N PATRIMONIO EDIFICADO \u2013 DEUSTO (Sustituido)<\/a><\/li>\n<li><a href=\"https:\/\/www.bilbao.eus\/aurrerago\/aprobacion_provisional\/pdfs\/exposicion_publica\/PLANOS\/IV.1.3-CATALOGO_EDIF-URIBARRI_(Sustituido).pdf\" target=\"_blank\" rel=\"noopener\">IV.1.3. CAT\u00c1LOGO DEL PATRIMONIO URBAN\u00cdSTICO Y ARQUEOL\u00d3GICO \u2013 PROTECCI\u00d3N PATRIMONIO EDIFICADO \u2013 URIBARRI (Sustituido)<\/a><\/li>\n<li><a href=\"https:\/\/www.bilbao.eus\/aurrerago\/aprobacion_provisional\/pdfs\/exposicion_publica\/PLANOS\/IV.1.4-CATALOGO_EDIF-OTXARKOAGA-TXURDINAGA_(Sustituido).pdf\" target=\"_blank\" rel=\"noopener\">IV.1.4. CAT\u00c1LOGO DEL PATRIMONIO URBAN\u00cdSTICO Y ARQUEOL\u00d3GICO \u2013 PROTECCI\u00d3N PATRIMONIO EDIFICADO \u2013 OTXARKOAGA \u2013 TXURDINAGA (Sustituido)<\/a><\/li>\n<li><a href=\"https:\/\/www.bilbao.eus\/aurrerago\/aprobacion_provisional\/pdfs\/exposicion_publica\/PLANOS\/IV.1.5-CATALOGO_EDIF-BEGONA_(Sustituido).pdf\" target=\"_blank\" rel=\"noopener\">IV.1.5. CAT\u00c1LOGO DEL PATRIMONIO URBAN\u00cdSTICO Y ARQUEOL\u00d3GICO \u2013 PROTECCI\u00d3N PATRIMONIO EDIFICADO \u2013 BEGO\u00d1A (Sustituido)<\/a><\/li>\n<li><a href=\"https:\/\/www.bilbao.eus\/aurrerago\/aprobacion_provisional\/pdfs\/exposicion_publica\/PLANOS\/IV.1.6-CATALOGO_EDIF-IBAIONDO_(Sustituido).pdf\" target=\"_blank\" rel=\"noopener\">IV.1.6. CAT\u00c1LOGO DEL PATRIMONIO URBAN\u00cdSTICO Y ARQUEOL\u00d3GICO \u2013 PROTECCI\u00d3N PATRIMONIO EDIFICADO \u2013 IBAIONDO (Sustituido)<\/a><\/li>\n<li><a href=\"https:\/\/www.bilbao.eus\/aurrerago\/aprobacion_provisional\/pdfs\/exposicion_publica\/PLANOS\/IV.1.7-CATALOGO_EDIF-ABANDO_(Sustituido).pdf\" target=\"_blank\" rel=\"noopener\">IV.1.7. CAT\u00c1LOGO DEL PATRIMONIO URBAN\u00cdSTICO Y ARQUEOL\u00d3GICO \u2013 PROTECCI\u00d3N PATRIMONIO EDIFICADO \u2013 ABANDO (Sustituido)<\/a><\/li>\n<li><a href=\"https:\/\/www.bilbao.eus\/aurrerago\/aprobacion_provisional\/pdfs\/exposicion_publica\/PLANOS\/IV.1.8-CATALOGO_EDIF-REKALDE_(Sustituido).pdf\" target=\"_blank\" rel=\"noopener\">IV.1.8. CAT\u00c1LOGO DEL PATRIMONIO URBAN\u00cdSTICO Y ARQUEOL\u00d3GICO \u2013 PROTECCI\u00d3N PATRIMONIO EDIFICADO \u2013 REKALDE (Sustituido)<\/a><\/li>\n<li><a href=\"https:\/\/www.bilbao.eus\/aurrerago\/aprobacion_provisional\/pdfs\/exposicion_publica\/PLANOS\/IV.1.9-CATALOGO_EDIF-BASURTO-ZORROTZA_(Sustituido).pdf\" target=\"_blank\" rel=\"noopener\">IV.1.9. CAT\u00c1LOGO DEL PATRIMONIO URBAN\u00cdSTICO Y ARQUEOL\u00d3GICO \u2013 PROTECCI\u00d3N PATRIMONIO EDIFICADO \u2013 BASURTO-ZORROZA (Sustituido)<\/a><\/li>\n<li><a href=\"https:\/\/www.bilbao.eus\/aurrerago\/aprobacion_provisional\/pdfs\/exposicion_publica\/PLANOS\/IV.2-CATALOGO_MIRADORES_(Sustituido).pdf\" target=\"_blank\" rel=\"noopener\">IV.2. CAT\u00c1LOGO DEL PATRIMONIO URBAN\u00cdSTICO Y ARQUEOL\u00d3GICO \u2013 PROTECCI\u00d3N MIRADORES DE MADERA (Sustituido)<\/a><\/li>\n<li><a href=\"https:\/\/www.bilbao.eus\/aurrerago\/aprobacion_provisional\/pdfs\/exposicion_publica\/PLANOS\/IV.3-CATALOGO_LOCALES_(Sustituido).pdf\" target=\"_blank\" rel=\"noopener\">IV.3. CAT\u00c1LOGO DEL PATRIMONIO URBAN\u00cdSTICO Y ARQUEOL\u00d3GICO \u2013 PROTECCI\u00d3N LOCALES INTERIORES (Sustituido)<\/a><\/li>\n<li><a href=\"https:\/\/www.bilbao.eus\/aurrerago\/aprobacion_provisional\/pdfs\/exposicion_publica\/PLANOS\/IV.4-CATALOGO_CIA+CH_(Sustituido).pdf\" target=\"_blank\" rel=\"noopener\">IV.4. CAT\u00c1LOGO DEL PATRIMONIO URBAN\u00cdSTICO Y ARQUEOL\u00d3GICO \u2013 PROTECCI\u00d3N CONJUNTOS DE INTER\u00c9S AMBIENTAL Y CONJUNTOS URBANOS HOMOG\u00c9NEOS (Sustituido)<\/a><\/li>\n<li><a href=\"https:\/\/www.bilbao.eus\/aurrerago\/aprobacion_provisional\/pdfs\/exposicion_publica\/PLANOS\/IV.5-CATALOGO_OTROS_ELEMENTOS_(Sustituido).pdf\" target=\"_blank\" rel=\"noopener\">IV.5. CAT\u00c1LOGO DEL PATRIMONIO URBAN\u00cdSTICO Y ARQUEOL\u00d3GICO \u2013 PROTECCI\u00d3N ELEMENTOS (NO EDIFICACIONES) (Sustituido)<\/a><\/li>\n<li><a href=\"https:\/\/www.bilbao.eus\/aurrerago\/aprobacion_provisional\/pdfs\/exposicion_publica\/PLANOS\/IV.6-CATALOGO_ARQUEOLOGIA_(Sustituido).pdf\" target=\"_blank\" rel=\"noopener\">IV.6. CAT\u00c1LOGO DEL PATRIMONIO URBAN\u00cdSTICO Y ARQUEOL\u00d3GICO \u2013 ZONAS DE PROTECCI\u00d3N ARQUEOL\u00d3GICA (Sustituido)<\/a><\/li>\n<li><a href=\"https:\/\/www.bilbao.eus\/aurrerago\/aprobacion_provisional\/pdfs\/exposicion_publica\/PLANOS\/V.1_COND._SUPERPUESTOS_I_(Sustituido).pdf\" target=\"_blank\" rel=\"noopener\">V.1. CONDICIONANTES SUPERPUESTOS (I) (Sustituido)<\/a><\/li>\n<li><a href=\"https:\/\/www.bilbao.eus\/aurrerago\/aprobacion_provisional\/pdfs\/exposicion_publica\/PLANOS\/V.2_COND._SUPERPUESTOS_II_(Sustituido).pdf\" target=\"_blank\" rel=\"noopener\">V.2. CONDICIONANTES SUPERPUESTOS (II) (Sustituido)<\/a><\/li>\n<li><a href=\"https:\/\/www.bilbao.eus\/aurrerago\/aprobacion_provisional\/pdfs\/exposicion_publica\/PLANOS\/V.3_COND.__SUPERPUESTOS_III_(Sustituido).pdf\" target=\"_blank\" rel=\"noopener\">V.3. CONDICIONANTES SUPERPUESTOS (III) (Sustituido)<\/a><\/li>\n<li><a href=\"https:\/\/www.bilbao.eus\/aurrerago\/aprobacion_provisional\/pdfs\/exposicion_publica\/PLANOS\/V.4_COND.__SUPERPUESTOS_IV_(Sustituido).pdf\" target=\"_blank\" rel=\"noopener\">V.4. CONDICIONANTES SUPERPUESTOS (IV) (Sustituido)<\/a><\/li>\n<li><a href=\"https:\/\/www.bilbao.eus\/aurrerago\/aprobacion_provisional\/pdfs\/exposicion_publica\/PLANOS\/VI.1-ORDENANZAS_DE_HOSTELERIA_(Sustituido).pdf\" target=\"_blank\" rel=\"noopener\">VI.1. CONDICIONES DE IMPLANTACI\u00d3N DE USOS DE HOSTELER\u00cdA (Sustituido)<\/a><\/li>\n<li><a href=\"https:\/\/www.bilbao.eus\/aurrerago\/aprobacion_provisional\/pdfs\/exposicion_publica\/PLANOS\/VI.2-CORAZONES_DE_BARRIO_(Sustituido).pdf\" target=\"_blank\" rel=\"noopener\">VI.2. \u00c1REA CENTRAL Y CORAZONES DE BARRIO (Sustituido)<\/a><\/li>\n<li><a href=\"https:\/\/www.bilbao.eus\/aurrerago\/aprobacion_provisional\/pdfs\/exposicion_publica\/PLANOS\/VI.3-CONDICIONES_DE_DOMINIO_(m)_(Sustituido).pdf\" target=\"_blank\" rel=\"noopener\">VI.3. CONDICIONES DE DOMINIO (Sustituido)<\/a><\/li>\n<\/ul>\n<p>[\/vc_column_text][\/vc_column][\/vc_row]<\/p>\n","protected":false},"excerpt":{"rendered":"<p>[vc_row][vc_column][vc_message]NOTA ACLARATORIA sobre la organizaci\u00f3n de los documentos que componen la Aprobaci\u00f3n Provisional del Plan General[\/vc_message][\/vc_column][\/vc_row][vc_row][vc_column][vc_column_text] I.1. SITUACION DE BILBAO EN EL \u00c1REA FUNCIONAL DE BILBAO METROPOLITANO (Sustituido) I.2. DELIMITACI\u00d3N DEL T\u00c9RMINO MUNICIPAL. TOPONIMIA (Sustituido) I.3-AMBITOS URBANISTICOS (Sustituido) II.1. ZONIFICACI\u00d3N GLOBAL (SUELO NO URBANIZABLE) (Sustituido) II.2. ZONIFICACION GLOBAL: SUELOS URBANO Y URBANIZABLE (Y SISTEMA GENERAL [&hellip;]<\/p>\n","protected":false},"author":64,"featured_media":11100,"parent":0,"menu_order":0,"comment_status":"closed","ping_status":"closed","template":"","meta":{"footnotes":""},"_links":{"self":[{"href":"https:\/\/pgou.bilbao.eus\/eu\/wp-json\/wp\/v2\/pages\/13570"}],"collection":[{"href":"https:\/\/pgou.bilbao.eus\/eu\/wp-json\/wp\/v2\/pages"}],"about":[{"href":"https:\/\/pgou.bilbao.eus\/eu\/wp-json\/wp\/v2\/types\/page"}],"author":[{"embeddable":true,"href":"https:\/\/pgou.bilbao.eus\/eu\/wp-json\/wp\/v2\/users\/64"}],"replies":[{"embeddable":true,"href":"https:\/\/pgou.bilbao.eus\/eu\/wp-json\/wp\/v2\/comments?post=13570"}],"version-history":[{"count":4,"href":"https:\/\/pgou.bilbao.eus\/eu\/wp-json\/wp\/v2\/pages\/13570\/revisions"}],"predecessor-version":[{"id":13692,"href":"https:\/\/pgou.bilbao.eus\/eu\/wp-json\/wp\/v2\/pages\/13570\/revisions\/13692"}],"wp:featuredmedia":[{"embeddable":true,"href":"https:\/\/pgou.bilbao.eus\/eu\/wp-json\/wp\/v2\/media\/11100"}],"wp:attachment":[{"href":"https:\/\/pgou.bilbao.eus\/eu\/wp-json\/wp\/v2\/media?parent=13570"}],"curies":[{"name":"wp","href":"https:\/\/api.w.org\/{rel}","templated":true}]}}