{"id":13574,"date":"2021-01-07T16:26:17","date_gmt":"2021-01-07T16:26:17","guid":{"rendered":"https:\/\/pgou.bilbao.eus\/eu\/?page_id=13574"},"modified":"2023-04-14T09:58:18","modified_gmt":"2023-04-14T09:58:18","slug":"memorias-2","status":"publish","type":"page","link":"https:\/\/pgou.bilbao.eus\/eu\/memorias-2\/","title":{"rendered":"Memorias"},"content":{"rendered":"<p>[vc_row][vc_column][vc_message]<a href=\"https:\/\/www.bilbao.eus\/aurrerago\/aprobacion_provisional\/pdfs\/exposicion_publica\/_NOTA ACLARATORIA.pdf\" target=\"_blank\" rel=\"noopener\">NOTA ACLARATORIA sobre la organizaci\u00f3n de los documentos que componen la Aprobaci\u00f3n Provisional del Plan General<\/a>[\/vc_message][\/vc_column][\/vc_row][vc_row][vc_column][vc_column_text]<\/p>\n<ul>\n<li><a href=\"https:\/\/www.bilbao.eus\/aurrerago\/aprobacion_provisional\/pdfs\/exposicion_publica\/memorias\/Doc_1.1_Memo_ordenaci\u00f3n_y_su_ejecuci\u00f3n_(Complementado).pdf\" target=\"_blank\" rel=\"noopener\">MEMORIA JUSTIFICATIVA DE LA ORDENACI\u00d3N URBAN\u00cdSTICA Y DE SU EJECUCI\u00d3N (Complementada)<\/a><\/li>\n<li><a href=\"https:\/\/www.bilbao.eus\/aurrerago\/aprobacion_provisional\/pdfs\/exposicion_publica\/memorias\/Doc_1.2_Memo_cumplimiento_estandares_(Complementado).pdf\" target=\"_blank\" rel=\"noopener\">MEMORIA JUSTIFICATIVA DEL CUMPLIMIENTO DE LOS EST\u00c1NDARES REGULADORES DE LA EDIFICABILIDAD URBAN\u00cdSTICA M\u00c1XIMA Y M\u00cdNIMA, Y DE LA ADECUACI\u00d3N DEL PLAN GENERAL AL PLANEAMIENTO TERRITORIAL VIGENTE (Complementada)<\/a><\/li>\n<li><a href=\"https:\/\/www.bilbao.eus\/aurrerago\/aprobacion_provisional\/pdfs\/exposicion_publica\/memorias\/Doc_1.3_Informe_Sostenibilidad_Ambiental_(Sustituido).pdf\" target=\"_blank\" rel=\"noopener\">MEMORIA AMBIENTAL. EVALUACI\u00d3N AMBIENTAL ESTRAT\u00c9GICA (Sustituida)<\/a><\/li>\n<li><a href=\"https:\/\/www.bilbao.eus\/aurrerago\/aprobacion_provisional\/pdfs\/exposicion_publica\/memorias\/Doc_1.4-_Evaluacion_Impacto_Genero_(Complementado).pdf\" target=\"_blank\" rel=\"noopener\">EVALUACI\u00d3N DEL IMPACTO DE G\u00c9NERO (Complementada)<\/a><\/li>\n<li><a href=\"https:\/\/www.bilbao.eus\/aurrerago\/aprobacion_provisional\/pdfs\/exposicion_publica\/memorias\/Doc_1.5__Evaluacion_Impacto_Ling\u00fcistico_(Complementado).pdf\" target=\"_blank\" rel=\"noopener\">EVALUACI\u00d3N DEL IMPACTO LING\u00dc\u00cdSTICO (Complementada)<\/a><\/li>\n<li>CUMPLIMIENTO DE AFECCIONES AEROPORTUARIA (Sustituido)\n<ul>\n<li><a href=\"https:\/\/www.bilbao.eus\/aurrerago\/aprobacion_provisional\/pdfs\/exposicion_publica\/memorias\/Doc_1.6.1_Memo_Afecciones_aeroportuarias_(Sustituido).pdf\" target=\"_blank\" rel=\"noopener\">Memoria Cumplimiento afecciones aerona\u00faticas<\/a><\/li>\n<li><a href=\"https:\/\/www.bilbao.eus\/aurrerago\/aprobacion_provisional\/pdfs\/exposicion_publica\/memorias\/Doc_1.6.2_Anejo_I-1_indice_y_planos_generales.pdf\" target=\"_blank\" rel=\"noopener\">Anejo I.1 \u2013 \u00cdndice y planos generales<\/a><\/li>\n<li><a href=\"https:\/\/www.bilbao.eus\/aurrerago\/aprobacion_provisional\/pdfs\/exposicion_publica\/memorias\/Doc_1.6.3_Anejo_I-2_afecciones_aeropuerto,_acusticas,_radioelectricas,_operacion.pdf\" target=\"_blank\" rel=\"noopener\">Anejo I.2 &#8211; Afecciones aeropuerto, ac\u00fasticas, radioel\u00e9ctricas y operaci\u00f3n<\/a><\/li>\n<li><a href=\"https:\/\/www.bilbao.eus\/aurrerago\/aprobacion_provisional\/pdfs\/exposicion_publica\/memorias\/Doc_1.6.4_Anejo_I-3_servidumbres_aerodromo.pdf\" target=\"_blank\" rel=\"noopener\">Anejo I.3 &#8211; Servidumbres aer\u00f3dromo<\/a><\/li>\n<li><a href=\"https:\/\/www.bilbao.eus\/aurrerago\/aprobacion_provisional\/pdfs\/exposicion_publica\/memorias\/Doc_1.6.5_Anejo_I-4_servidumbres_aerodromo_distritos_1,_2,_3_y_4.pdf\" target=\"_blank\" rel=\"noopener\">Anejo I.4 &#8211; Servidumbres aer\u00f3dromo \u2013 distritos 1,2, 3 y 4<\/a><\/li>\n<li><a href=\"https:\/\/www.bilbao.eus\/aurrerago\/aprobacion_provisional\/pdfs\/exposicion_publica\/memorias\/Doc_1.6.6_Anejo_I-5_servidumbres_aerodromo_distritos_5,_6,_7,_8_y_SNU.pdf\" target=\"_blank\" rel=\"noopener\">Anejo I.5 &#8211; Servidumbres aer\u00f3dromo \u2013 distritos 5, 6, 7 y 8<\/a><\/li>\n<li><a href=\"https:\/\/www.bilbao.eus\/aurrerago\/aprobacion_provisional\/pdfs\/exposicion_publica\/memorias\/Doc_1.6.7_Anejo_II_suelos_vulneran_servidumbres_aeronauticas.pdf\" target=\"_blank\" rel=\"noopener\">Anejo II \u2013 suelos que vulneran servidumbres aerona\u00faticas<\/a><\/li>\n<li><a href=\"https:\/\/www.bilbao.eus\/aurrerago\/aprobacion_provisional\/pdfs\/exposicion_publica\/memorias\/Doc_1.6.8_Anejo_III_integraci\u00f3n_elevaciones_sobre_edificios.pdf\" target=\"_blank\" rel=\"noopener\">Anejo III \u2013 integraci\u00f3n elevaciones sobre construcciones<\/a><\/li>\n<\/ul>\n<\/li>\n<li><a href=\"https:\/\/www.bilbao.eus\/aurrerago\/aprobacion_provisional\/pdfs\/exposicion_publica\/memorias\/Doc_3.1_Estudio_Viabilidad_Economica_(Complementado).pdf\" target=\"_blank\" rel=\"noopener\">ESTUDIO DE VIABILIDAD ECON\u00d3MICA (Complementado)<\/a><\/li>\n<li><a href=\"https:\/\/www.bilbao.eus\/aurrerago\/aprobacion_provisional\/pdfs\/exposicion_publica\/memorias\/Doc_3.2_Memoria_Sostenibilidad_Complementado).pdf\" target=\"_blank\" rel=\"noopener\">MEMORIA DE SOSTENIBILIDAD ECON\u00d3MICA (Complementada)<\/a><\/li>\n<li><a href=\"https:\/\/www.bilbao.eus\/aurrerago\/aprobacion_provisional\/pdfs\/exposicion_publica\/memorias\/Doc_3.3_Programa_de_Actuaci\u00f3n_(Complementado).pdf\" target=\"_blank\" rel=\"noopener\">PROGRAMA DE ACTUACI\u00d3N (Complementado)<\/a><\/li>\n<li><a href=\"https:\/\/www.bilbao.eus\/aurrerago\/aprobacion_provisional\/pdfs\/exposicion_publica\/memorias\/Doc_5_Resumen_Ejecutivo_(Complementado).pdf\" target=\"_blank\" rel=\"noopener\">RESUMEN EJECUTIVO (Complementado)<\/a><\/li>\n<\/ul>\n<p>[\/vc_column_text][\/vc_column][\/vc_row]<\/p>\n","protected":false},"excerpt":{"rendered":"<p>[vc_row][vc_column][vc_message]NOTA ACLARATORIA sobre la organizaci\u00f3n de los documentos que componen la Aprobaci\u00f3n Provisional del Plan General[\/vc_message][\/vc_column][\/vc_row][vc_row][vc_column][vc_column_text] MEMORIA JUSTIFICATIVA DE LA ORDENACI\u00d3N URBAN\u00cdSTICA Y DE SU EJECUCI\u00d3N (Complementada) MEMORIA JUSTIFICATIVA DEL CUMPLIMIENTO DE LOS EST\u00c1NDARES REGULADORES DE LA EDIFICABILIDAD URBAN\u00cdSTICA M\u00c1XIMA Y M\u00cdNIMA, Y DE LA ADECUACI\u00d3N DEL PLAN GENERAL AL PLANEAMIENTO TERRITORIAL VIGENTE (Complementada) MEMORIA [&hellip;]<\/p>\n","protected":false},"author":64,"featured_media":11100,"parent":0,"menu_order":0,"comment_status":"closed","ping_status":"closed","template":"","meta":{"footnotes":""},"_links":{"self":[{"href":"https:\/\/pgou.bilbao.eus\/eu\/wp-json\/wp\/v2\/pages\/13574"}],"collection":[{"href":"https:\/\/pgou.bilbao.eus\/eu\/wp-json\/wp\/v2\/pages"}],"about":[{"href":"https:\/\/pgou.bilbao.eus\/eu\/wp-json\/wp\/v2\/types\/page"}],"author":[{"embeddable":true,"href":"https:\/\/pgou.bilbao.eus\/eu\/wp-json\/wp\/v2\/users\/64"}],"replies":[{"embeddable":true,"href":"https:\/\/pgou.bilbao.eus\/eu\/wp-json\/wp\/v2\/comments?post=13574"}],"version-history":[{"count":6,"href":"https:\/\/pgou.bilbao.eus\/eu\/wp-json\/wp\/v2\/pages\/13574\/revisions"}],"predecessor-version":[{"id":13685,"href":"https:\/\/pgou.bilbao.eus\/eu\/wp-json\/wp\/v2\/pages\/13574\/revisions\/13685"}],"wp:featuredmedia":[{"embeddable":true,"href":"https:\/\/pgou.bilbao.eus\/eu\/wp-json\/wp\/v2\/media\/11100"}],"wp:attachment":[{"href":"https:\/\/pgou.bilbao.eus\/eu\/wp-json\/wp\/v2\/media?parent=13574"}],"curies":[{"name":"wp","href":"https:\/\/api.w.org\/{rel}","templated":true}]}}