{"id":13578,"date":"2021-01-07T16:28:56","date_gmt":"2021-01-07T16:28:56","guid":{"rendered":"https:\/\/pgou.bilbao.eus\/eu\/?page_id=13578"},"modified":"2021-01-07T20:29:28","modified_gmt":"2021-01-07T20:29:28","slug":"indice-completo-de-documentos-2","status":"publish","type":"page","link":"https:\/\/pgou.bilbao.eus\/eu\/indice-completo-de-documentos-2\/","title":{"rendered":"\u00cdndice de documentaci\u00f3n"},"content":{"rendered":"<ul>\n<li>Memorias\n<ul>\n<li>NOTA ACLARATORIA sobre la organizaci\u00f3n de los documentos que componen la Aprobaci\u00f3n Provisional del Plan General<\/li>\n<li>MEMORIA JUSTIFICATIVA DE LA ORDENACI\u00d3N URBAN\u00cdSTICA Y DE SU EJECUCI\u00d3N (Complementada)<\/li>\n<li>MEMORIA JUSTIFICATIVA DEL CUMPLIMIENTO DE LOS EST\u00c1NDARES REGULADORES DE LA EDIFICABILIDAD URBAN\u00cdSTICA M\u00c1XIMA Y M\u00cdNIMA, Y DE LA ADECUACI\u00d3N DEL PLAN GENERAL AL PLANEAMIENTO TERRITORIAL VIGENTE (Complementada)<\/li>\n<li>MEMORIA AMBIENTAL. EVALUACI\u00d3N AMBIENTAL ESTRAT\u00c9GICA (Sustituida)<\/li>\n<li>EVALUACI\u00d3N DEL IMPACTO DE G\u00c9NERO (Complementada)<\/li>\n<li>EVALUACI\u00d3N DEL IMPACTO LING\u00dc\u00cdSTICO (Complementada)<\/li>\n<li>CUMPLIMIENTO DE AFECCIONES AEROPORTUARIA (Sustituido) \u2013 (DESPLEGABLE)\n<ul>\n<li>Memoria Cumplimiento afecciones aerona\u00faticas<\/li>\n<li>Anejo I.1 \u2013 \u00cdndice y planos generales<\/li>\n<li>Anejo I.2 &#8211; Afecciones aeropuerto, ac\u00fasticas, radioel\u00e9ctricas y operaci\u00f3n<\/li>\n<li>Anejo I.3 &#8211; Servidumbres aer\u00f3dromo<\/li>\n<li>Anejo I.4 &#8211; Servidumbres aer\u00f3dromo \u2013 distritos 1,2, 3 y 4<\/li>\n<li>Anejo I.5 &#8211; Servidumbres aer\u00f3dromo \u2013 distritos 5, 6, 7 y 8<\/li>\n<li>Anejo II \u2013 suelos que vulneran servidumbres aerona\u00faticas<\/li>\n<li>Anejo III \u2013 integraci\u00f3n elevaciones sobre construcciones<\/li>\n<\/ul>\n<\/li>\n<li>ESTUDIO DE VIABILIDAD ECON\u00d3MICA (Complementado)<\/li>\n<li>MEMORIA DE SOSTENIBILIDAD ECON\u00d3MICA (Complementada)<\/li>\n<li>PROGRAMA DE ACTUACI\u00d3N (Complementado)<\/li>\n<li>RESUMEN EJECUTIVO (Complementado)<\/li>\n<\/ul>\n<\/li>\n<li>Documento complementario &#8211; aprobaci\u00f3n provisional\n<ul>\n<li>NOTA ACLARATORIA sobre la organizaci\u00f3n de los documentos que componen la Aprobaci\u00f3n Provisional del Plan General<\/li>\n<li>DOC.COMPLEMENTARIO APROB PROVISIONAL<\/li>\n<\/ul>\n<\/li>\n<li>Normativa urban\u00edstica general\n<ul>\n<li>NOTA ACLARATORIA sobre la organizaci\u00f3n de los documentos que componen la Aprobaci\u00f3n Provisional del Plan General<\/li>\n<li>NORMAS URBAN\u00cdSTICAS GENERALES (Sustituido)<\/li>\n<li>CAT\u00c1LOGO (Complementado)<\/li>\n<\/ul>\n<\/li>\n<li>Planos generales\n<ul>\n<li>NOTA ACLARATORIA sobre la organizaci\u00f3n de los documentos que componen la Aprobaci\u00f3n Provisional del Plan General<\/li>\n<li>I.1. SITUACION DE BILBAO EN EL \u00c1REA FUNCIONAL DE BILBAO METROPOLITANO (Sustituido)<\/li>\n<li>I.2. DELIMITACI\u00d3N DEL T\u00c9RMINO MUNICIPAL. TOPONIMIA (Sustituido)<\/li>\n<li>I.3. AMBITOS URBANISTICOS (Sustituido)<\/li>\n<li>II.1. ZONIFICACI\u00d3N GLOBAL (SUELO NO URBANIZABLE) (Sustituido)<\/li>\n<li>II.2. ZONIFICACION GLOBAL: SUELOS URBANO Y URBANIZABLE (Y SISTEMA GENERAL DE ESPACIOS LIBRES EN EL SUELO NO URBANIZABLE) (Sustituido)<\/li>\n<li>II.3. ZONIFICACI\u00d3N GLOBAL BAJO RASANTE Y\/U OTROS ELEMENTOS (Sustituido)<\/li>\n<li>II.4. CLASIFICACI\u00d3N DEL SUELO (Sustituido)<\/li>\n<li>III.1. SISTEMA DE MOVILIDAD (Sustituido)<\/li>\n<li>III.2.1. INFRAESTRUCTURAS DE SERVICIOS URBANOS \u2013 ESQUEMA DE RED DE ABASTECIMIENTO DE AGUA (Sustituido)<\/li>\n<li>III.2.2. INFRAESTRUCTURAS DE SERVICIOS URBANOS \u2013 ESQUEMA DE RED DE SANEAMIENTO (PLUVIALES Y UNITARIO) (Sustituido)<\/li>\n<li>III.2.3. INFRAESTRUCTURAS DE SERVICIOS URBANOS \u2013 ESQUEMA DE RED DE SANEAMIENTO (FECALES Y UNITARIO) (Sustituido)<\/li>\n<li>III.2.4. INFRAESTRUCTURAS DE SERVICIOS URBANOS \u2013 ESQUEMA DE RED DE ENERG\u00cdA EL\u00c9CTRICA (Sustituido)<\/li>\n<li>III.2.5. INFRAESTRUCTURAS DE SERVICIOS URBANOS \u2013 ESQUEMA DE RED DE GAS (Sustituido)<\/li>\n<li>IV.1.1. CAT\u00c1LOGO DEL PATRIMONIO URBAN\u00cdSTICO Y ARQUEOL\u00d3GICO \u2013 PROTECCI\u00d3N PATRIMONIO EDIFICADO (Sustituido)<\/li>\n<li>IV.1.2. CAT\u00c1LOGO DEL PATRIMONIO URBAN\u00cdSTICO Y ARQUEOL\u00d3GICO \u2013 PROTECCI\u00d3N PATRIMONIO EDIFICADO \u2013 DEUSTO (Sustituido)<\/li>\n<li>IV.1.3. CAT\u00c1LOGO DEL PATRIMONIO URBAN\u00cdSTICO Y ARQUEOL\u00d3GICO \u2013 PROTECCI\u00d3N PATRIMONIO EDIFICADO \u2013 URIBARRI (Sustituido)<\/li>\n<li>IV.1.4. CAT\u00c1LOGO DEL PATRIMONIO URBAN\u00cdSTICO Y ARQUEOL\u00d3GICO \u2013 PROTECCI\u00d3N PATRIMONIO EDIFICADO \u2013 OTXARKOAGA \u2013 TXURDINAGA (Sustituido)<\/li>\n<li>IV.1.5. CAT\u00c1LOGO DEL PATRIMONIO URBAN\u00cdSTICO Y ARQUEOL\u00d3GICO \u2013 PROTECCI\u00d3N PATRIMONIO EDIFICADO \u2013 BEGO\u00d1A (Sustituido)<\/li>\n<li>IV.1.6. CAT\u00c1LOGO DEL PATRIMONIO URBAN\u00cdSTICO Y ARQUEOL\u00d3GICO \u2013 PROTECCI\u00d3N PATRIMONIO EDIFICADO \u2013 IBAIONDO (Sustituido)<\/li>\n<li>IV.1.7. CAT\u00c1LOGO DEL PATRIMONIO URBAN\u00cdSTICO Y ARQUEOL\u00d3GICO \u2013 PROTECCI\u00d3N PATRIMONIO EDIFICADO \u2013 ABANDO (Sustituido)<\/li>\n<li>IV.1.8. CAT\u00c1LOGO DEL PATRIMONIO URBAN\u00cdSTICO Y ARQUEOL\u00d3GICO \u2013 PROTECCI\u00d3N PATRIMONIO EDIFICADO \u2013 REKALDE (Sustituido)<\/li>\n<li>IV.1.9. CAT\u00c1LOGO DEL PATRIMONIO URBAN\u00cdSTICO Y ARQUEOL\u00d3GICO \u2013 PROTECCI\u00d3N PATRIMONIO EDIFICADO \u2013 BASURTO-ZORROZA (Sustituido)<\/li>\n<li>IV.2. CAT\u00c1LOGO DEL PATRIMONIO URBAN\u00cdSTICO Y ARQUEOL\u00d3GICO \u2013 PROTECCI\u00d3N MIRADORES DE MADERA (Sustituido)<\/li>\n<li>IV.3. CAT\u00c1LOGO DEL PATRIMONIO URBAN\u00cdSTICO Y ARQUEOL\u00d3GICO \u2013 PROTECCI\u00d3N LOCALES INTERIORES (Sustituido)<\/li>\n<li>IV.4. CAT\u00c1LOGO DEL PATRIMONIO URBAN\u00cdSTICO Y ARQUEOL\u00d3GICO \u2013 PROTECCI\u00d3N CONJUNTOS DE INTER\u00c9S AMBIENTAL Y CONJUNTOS URBANOS HOMOG\u00c9NEOS (Sustituido)<\/li>\n<li>IV.5. CAT\u00c1LOGO DEL PATRIMONIO URBAN\u00cdSTICO Y ARQUEOL\u00d3GICO \u2013 PROTECCI\u00d3N ELEMENTOS (NO EDIFICACIONES) (Sustituido)<\/li>\n<li>IV.6. CAT\u00c1LOGO DEL PATRIMONIO URBAN\u00cdSTICO Y ARQUEOL\u00d3GICO \u2013 ZONAS DE PROTECCI\u00d3N ARQUEOL\u00d3GICA (Sustituido)<\/li>\n<li>V.1. CONDICIONANTES SUPERPUESTOS (I) (Sustituido)<\/li>\n<li>V.2. CONDICIONANTES SUPERPUESTOS (II) (Sustituido)<\/li>\n<li>V.3. CONDICIONANTES SUPERPUESTOS (III) (Sustituido)<\/li>\n<li>V.4. CONDICIONANTES SUPERPUESTOS (IV) (Sustituido)<\/li>\n<li>VI.1. CONDICIONES DE IMPLANTACI\u00d3N DE USOS DE HOSTELER\u00cdA (Sustituido)<\/li>\n<li>VI.2. \u00c1REA CENTRAL Y CORAZONES DE BARRIO (Sustituido)<\/li>\n<li>VI.3. CONDICIONES DE DOMINIO (Sustituido)<\/li>\n<\/ul>\n<\/li>\n<li>NORMAS URBAN\u00cdSTICAS PARTICULARES: \u00c1MBITOS Y SUB-\u00c1MBITOS\n<ul>\n<li>NOTA ACLARATORIA sobre la organizaci\u00f3n de los documentos que componen la Aprobaci\u00f3n Provisional del Plan General<\/li>\n<li>01 DEUSTO\n<ul>\n<li>NORMAS URBAN\u00cdSTICAS PARTICULARES DE DEUSTO (Complementado)<\/li>\n<li>GRAFICOS de SUBAMBITOS (Sustituidos)<\/li>\n<li>PLANOS:\n<ul>\n<li>1.1.- Delimitaci\u00f3n de \u00e1mbitos y sub\u00e1mbitos urban\u00edsticos. Norte. (Sustituido)<\/li>\n<li>1.2.- Delimitaci\u00f3n de \u00e1mbitos y sub\u00e1mbitos urban\u00edsticos. Sur. (Sustituido)<\/li>\n<li>2.1.- Zonificaci\u00f3n Global. Norte. (Sustituido)<\/li>\n<li>2.2.- Zonificaci\u00f3n Global. Sur. (Sustituido)<\/li>\n<li>3.1.- Zonificaci\u00f3n Pormenorizada. Norte. (Sustituido)<\/li>\n<li>3.2.- Zonificaci\u00f3n Pormenorizada. Sur. (Sustituido)<\/li>\n<li>4.1.- Categorizaci\u00f3n del suelo. Norte. (Sustituido)<\/li>\n<li>4.2.- Categorizaci\u00f3n del suelo. Sur. (Sustituido)<\/li>\n<li>5.1- Condiciones de ejecuci\u00f3n urban\u00edstica. Norte. (Sustituido)<\/li>\n<li>5.2- Condiciones de ejecuci\u00f3n urban\u00edstica. Sur. (Sustituido)<\/li>\n<\/ul>\n<\/li>\n<\/ul>\n<\/li>\n<li>02 URIBARRI\n<ul>\n<li>NORMAS URBAN\u00cdSTICAS PARTICULARES DE URIBARRI (Complementado)<\/li>\n<li>GRAFICOS de SUBAMBITOS (Sustituidos)<\/li>\n<li>PLANOS:\n<ul>\n<li>1.1.- Delimitaci\u00f3n de \u00e1mbitos y sub\u00e1mbitos urban\u00edsticos. Oeste. (Sustituido)<\/li>\n<li>1.2.- Delimitaci\u00f3n de \u00e1mbitos y sub\u00e1mbitos urban\u00edsticos. Este. (Sustituido)<\/li>\n<li>2.1.- Zonificaci\u00f3n Global. Oeste. (Sustituido)<\/li>\n<li>2.2.- Zonificaci\u00f3n Global. Este.(Sustituido)<\/li>\n<li>3.1.- Zonificaci\u00f3n Pormenorizada. Oeste. (Sustituido)<\/li>\n<li>3.2.- Zonificaci\u00f3n Pormenorizada. Este. (Sustituido)<\/li>\n<li>4.1.- Categorizaci\u00f3n del suelo. Oeste. (Sustituido)<\/li>\n<li>4.2.- Categorizaci\u00f3n del suelo. Este. (Sustituido)<\/li>\n<li>5.1- Condiciones de ejecuci\u00f3n urban\u00edstica. Oeste. (Sustituido)<\/li>\n<li>5.2- Condiciones de ejecuci\u00f3n urban\u00edstica. Este. (Sustituido)<\/li>\n<\/ul>\n<\/li>\n<\/ul>\n<\/li>\n<li>03 OTXARKOAGA-TXURDINAGA\n<ul>\n<li>NORMAS URBAN\u00cdSTICAS PARTICULARES DE OTXARKOAGA-TXURDINAGA (Complementado)<\/li>\n<li>GRAFICOS de SUBAMBITOS (Sustituidos)<\/li>\n<li>PLANOS:\n<ul>\n<li>1.- Delimitaci\u00f3n de \u00e1mbitos y sub\u00e1mbitos urban\u00edsticos. (Sustituido)<\/li>\n<li>2.- Zonificaci\u00f3n Global. (Sustituido)<\/li>\n<li>3.- Zonificaci\u00f3n Pormenorizada. (Sustituido)<\/li>\n<li>4.- Categorizaci\u00f3n del suelo. (Sustituido)<\/li>\n<li>5.- Condiciones de ejecuci\u00f3n urban\u00edstica. (Sustituido)<\/li>\n<\/ul>\n<\/li>\n<\/ul>\n<\/li>\n<li>04 BEGO\u00d1A\n<ul>\n<li>NORMAS URBAN\u00cdSTICAS PARTICULARES DE BEGO\u00d1A (Complementado)<\/li>\n<li>GRAFICOS de SUBAMBITOS (Sustituidos)<\/li>\n<li>PLANOS:\n<ul>\n<li>1.- Delimitaci\u00f3n de \u00e1mbitos y sub\u00e1mbitos urban\u00edsticos. (Sustituido)<\/li>\n<li>2.- Zonificaci\u00f3n Global. (Sustituido)<\/li>\n<li>3.- Zonificaci\u00f3n Pormenorizada. (Sustituido)<\/li>\n<li>4.- Categorizaci\u00f3n del suelo. (Sustituido)<\/li>\n<li>5.- Condiciones de ejecuci\u00f3n urban\u00edstica. (Sustituido)<\/li>\n<\/ul>\n<\/li>\n<\/ul>\n<\/li>\n<li>05 IBAIONDO\n<ul>\n<li>NORMAS URBAN\u00cdSTICAS PARTICULARES DE IBAIONDO (Complementado)<\/li>\n<li>GRAFICOS de SUBAMBITOS (Sustituidos)<\/li>\n<li>PLANOS:\n<ul>\n<li>1.1.- Delimitaci\u00f3n de \u00e1mbitos y sub\u00e1mbitos urban\u00edsticos. Norte. (Sustituido)<\/li>\n<li>1.2.- Delimitaci\u00f3n de \u00e1mbitos y sub\u00e1mbitos urban\u00edsticos. Sur. (Sustituido)<\/li>\n<li>2.1.- Zonificaci\u00f3n Global. Norte. (Sustituido)<\/li>\n<li>2.2.- Zonificaci\u00f3n Global. Sur. (Sustituido)<\/li>\n<li>3.1.- Zonificaci\u00f3n Pormenorizada. Norte. (Sustituido)<\/li>\n<li>3.2.- Zonificaci\u00f3n Pormenorizada. Sur. (Sustituido)<\/li>\n<li>4.1.- Categorizaci\u00f3n del suelo. Norte. (Sustituido)<\/li>\n<li>4.2.- Categorizaci\u00f3n del suelo. Sur. (Sustituido)<\/li>\n<li>5.1- Condiciones de ejecuci\u00f3n urban\u00edstica. Norte. (Sustituido)<\/li>\n<li>5.2- Condiciones de ejecuci\u00f3n urban\u00edstica. Sur. (Sustituido)<\/li>\n<\/ul>\n<\/li>\n<\/ul>\n<\/li>\n<li>06 ABANDO\n<ul>\n<li>NORMAS URBAN\u00cdSTICAS PARTICULARES DE ABANDO (Complementado)<\/li>\n<li>GRAFICOS de SUBAMBITOS (Sustituidos)<\/li>\n<li>PLANOS:\n<ul>\n<li>1.- Delimitaci\u00f3n de \u00e1mbitos y sub\u00e1mbitos urban\u00edsticos. (Sustituido)<\/li>\n<li>2.- Zonificaci\u00f3n Global. (Sustituido)<\/li>\n<li>3.- Zonificaci\u00f3n Pormenorizada. (Sustituido)<\/li>\n<li>4.- Categorizaci\u00f3n del suelo. (Sustituido)<\/li>\n<li>5.- Condiciones de ejecuci\u00f3n urban\u00edstica. (Sustituido)<\/li>\n<\/ul>\n<\/li>\n<\/ul>\n<\/li>\n<li>07 REKALDE\n<ul>\n<li>NORMAS URBAN\u00cdSTICAS PARTICULARES DE REKALDE (Complementado)<\/li>\n<li>GRAFICOS de SUBAMBITOS (Sustituidos)<\/li>\n<li>PLANOS:\n<ul>\n<li>1.- Delimitaci\u00f3n de \u00e1mbitos y sub\u00e1mbitos urban\u00edsticos. (Sustituido)<\/li>\n<li>2.- Zonificaci\u00f3n Global. (Sustituido)<\/li>\n<li>3.- Zonificaci\u00f3n Pormenorizada. (Sustituido)<\/li>\n<li>4.- Categorizaci\u00f3n del suelo. (Sustituido)<\/li>\n<li>5.- Condiciones de ejecuci\u00f3n urban\u00edstica. (Sustituido)<\/li>\n<\/ul>\n<\/li>\n<\/ul>\n<\/li>\n<li>08 BASURTO-ZORROTZA\n<ul>\n<li>NORMAS URBAN\u00cdSTICAS PARTICULARES DE BASURTO-ZORROZA (Complementado)<\/li>\n<li>GRAFICOS de SUBAMBITOS (Sustituidos)<\/li>\n<li>PLANOS:\n<ul>\n<li>1.1.- Delimitaci\u00f3n de \u00e1mbitos y sub\u00e1mbitos urban\u00edsticos. Noroeste. (Sustituido)<\/li>\n<li>1.2.- Delimitaci\u00f3n de \u00e1mbitos y sub\u00e1mbitos urban\u00edsticos. Sur. (Sustituido)<\/li>\n<li>1.3.- Delimitaci\u00f3n de \u00e1mbitos y sub\u00e1mbitos urban\u00edsticos. Sureste. (Sustituido)<\/li>\n<li>2.1.- Zonificaci\u00f3n Global. Noroeste. (Sustituido)<\/li>\n<li>2.2.- Zonificaci\u00f3n Global. Sur. (Sustituido)<\/li>\n<li>2.3.- Zonificaci\u00f3n Global. Sureste. (Sustituido)<\/li>\n<li>3.1.- Zonificaci\u00f3n Pormenorizada. Noroeste. (Sustituido)<\/li>\n<li>3.2.- Zonificaci\u00f3n Pormenorizada. Sur. (Sustituido)<\/li>\n<li>3.3.- Zonificaci\u00f3n Pormenorizada. Sureste. (Sustituido)<\/li>\n<li>4.1.- Categorizaci\u00f3n del suelo. Noroeste. (Sustituido)<\/li>\n<li>4.2.- Categorizaci\u00f3n del suelo. Sur. (Sustituido)<\/li>\n<li>4.3.- Categorizaci\u00f3n del suelo. Sureste. (Sustituido)<\/li>\n<li>5.1.- Condiciones de ejecuci\u00f3n urban\u00edstica. Noroeste. (Sustituido)<\/li>\n<li>5.2.- Condiciones de ejecuci\u00f3n urban\u00edstica. Sur. (Sustituido)<\/li>\n<li>5.3.- Condiciones de ejecuci\u00f3n urban\u00edstica. Sureste. (Sustituido)<\/li>\n<\/ul>\n<\/li>\n<\/ul>\n<\/li>\n<li>09 SUELO NO URBANIZABLE Y OTROS \u00c1MBITOS URBAN\u00cdSTICOS\n<ul>\n<li>NORMAS URBAN\u00cdSTICAS PARTICULARES DEL SUELO NO URBANIZABLE Y OTROS \u00c1MBITOS URBAN\u00cdSTICOS (Complementado)<\/li>\n<li>PLANOS:\n<ul>\n<li>SNU.01-NUCLEO RURAL BUIA (Sustituido)<\/li>\n<li>SNU.02-NUCLEO RURAL SEBERETXE (Sustituido)<\/li>\n<li>SNU.03-NUCLEO RURAL SAN JUSTO Sustituido)<\/li>\n<li>SNU.04-NUCLEO RURAL AZKARAI (Sustituido)<\/li>\n<li>SNU.05.1-PAGASARRI \u2013 DELIMITACION (Sustituido)<\/li>\n<li>SNU.05.2-PAGASARRI \u2013 ZONIFICACI\u00d3N GLOBAL (Sustituido)<\/li>\n<li>SNU.06.1-ARTIGAS \u2013 DELIMITACION (Nuevo)<\/li>\n<li>SNU.06.2-ARTIGAS \u2013 ZONIFICACI\u00d3N GLOBAL (Nuevo)<\/li>\n<\/ul>\n<\/li>\n<\/ul>\n<\/li>\n<\/ul>\n<\/li>\n<\/ul>\n","protected":false},"excerpt":{"rendered":"<p>Memorias NOTA ACLARATORIA sobre la organizaci\u00f3n de los documentos que componen la Aprobaci\u00f3n Provisional del Plan General MEMORIA JUSTIFICATIVA DE LA ORDENACI\u00d3N URBAN\u00cdSTICA Y DE SU EJECUCI\u00d3N (Complementada) MEMORIA JUSTIFICATIVA DEL CUMPLIMIENTO DE LOS EST\u00c1NDARES REGULADORES DE LA EDIFICABILIDAD URBAN\u00cdSTICA M\u00c1XIMA Y M\u00cdNIMA, Y DE LA ADECUACI\u00d3N DEL PLAN GENERAL AL PLANEAMIENTO TERRITORIAL VIGENTE (Complementada) [&hellip;]<\/p>\n","protected":false},"author":64,"featured_media":11100,"parent":0,"menu_order":0,"comment_status":"closed","ping_status":"closed","template":"","meta":{"footnotes":""},"_links":{"self":[{"href":"https:\/\/pgou.bilbao.eus\/eu\/wp-json\/wp\/v2\/pages\/13578"}],"collection":[{"href":"https:\/\/pgou.bilbao.eus\/eu\/wp-json\/wp\/v2\/pages"}],"about":[{"href":"https:\/\/pgou.bilbao.eus\/eu\/wp-json\/wp\/v2\/types\/page"}],"author":[{"embeddable":true,"href":"https:\/\/pgou.bilbao.eus\/eu\/wp-json\/wp\/v2\/users\/64"}],"replies":[{"embeddable":true,"href":"https:\/\/pgou.bilbao.eus\/eu\/wp-json\/wp\/v2\/comments?post=13578"}],"version-history":[{"count":8,"href":"https:\/\/pgou.bilbao.eus\/eu\/wp-json\/wp\/v2\/pages\/13578\/revisions"}],"predecessor-version":[{"id":13606,"href":"https:\/\/pgou.bilbao.eus\/eu\/wp-json\/wp\/v2\/pages\/13578\/revisions\/13606"}],"wp:featuredmedia":[{"embeddable":true,"href":"https:\/\/pgou.bilbao.eus\/eu\/wp-json\/wp\/v2\/media\/11100"}],"wp:attachment":[{"href":"https:\/\/pgou.bilbao.eus\/eu\/wp-json\/wp\/v2\/media?parent=13578"}],"curies":[{"name":"wp","href":"https:\/\/api.w.org\/{rel}","templated":true}]}}